{"id":3070,"date":"2023-06-23T23:10:38","date_gmt":"2023-06-23T21:10:38","guid":{"rendered":"https:\/\/aelbienetre.fr\/?post_type=product&#038;p=3070"},"modified":"2023-10-24T01:03:05","modified_gmt":"2023-10-23T23:03:05","slug":"lot-decouverte-sels-de-bain-aromatherapie","status":"publish","type":"product","link":"https:\/\/aelbienetre.fr\/index.php\/produit\/lot-decouverte-sels-de-bain-aromatherapie\/","title":{"rendered":"Lot d\u00e9couverte- sels de bain aromath\u00e9rapie"},"content":{"rendered":"<p>7 sachets monodoses pour 7 bains relaxants diff\u00e9rents<\/p>\n<p>&nbsp;<\/p>\n<p>1 sachet de 15g = 1 bain<\/p>\n<p>&nbsp;<\/p>\n<p>Ces potions de bain sont\u00a0un savant m\u00e9lange d&#8217;huiles essentielles, de sel de mer et de colorants.<\/p>\n<p>Ouvrez votre potion de bain et sentez\u00a0son\u00a0parfum puissant. Ajouter une petite quantit\u00e9 de potion dans votre bain pour une exp\u00e9rience aromatique extraordinaire.<\/p>\n<p>Convient \u00e9galement en bain de pieds<\/p>\n","protected":false},"excerpt":{"rendered":"<p>7 sachets monodoses pour 7 bains relaxants diff\u00e9rents &nbsp; 1 sachet de 15g = 1 bain &nbsp; Ces potions de bain sont\u00a0un savant m\u00e9lange d&#8217;huiles essentielles, de sel de mer et de colorants. Ouvrez votre potion de bain et sentez\u00a0son\u00a0parfum puissant. Ajouter une petite quantit\u00e9 de potion dans votre bain pour une exp\u00e9rience aromatique extraordinaire. [&hellip;]<\/p>\n","protected":false},"featured_media":3072,"comment_status":"open","ping_status":"closed","template":"","meta":[],"product_cat":[19,27],"product_tag":[],"yoast_head":"<!-- This site is optimized with the Yoast SEO plugin v23.2 - https:\/\/yoast.com\/wordpress\/plugins\/seo\/ -->\n<title>Lot d\u00e9couverte- sels de bain aromath\u00e9rapie - Ael Bien-\u00eatre<\/title>\n<meta name=\"robots\" content=\"index, follow, max-snippet:-1, max-image-preview:large, max-video-preview:-1\" \/>\n<link rel=\"canonical\" href=\"https:\/\/aelbienetre.fr\/index.php\/produit\/lot-decouverte-sels-de-bain-aromatherapie\/\" \/>\n<meta property=\"og:locale\" content=\"fr_FR\" \/>\n<meta property=\"og:type\" content=\"article\" \/>\n<meta property=\"og:title\" content=\"Lot d\u00e9couverte- sels de bain aromath\u00e9rapie - Ael Bien-\u00eatre\" \/>\n<meta property=\"og:description\" content=\"7 sachets monodoses pour 7 bains relaxants diff\u00e9rents &nbsp; 1 sachet de 15g = 1 bain &nbsp; Ces potions de bain sont\u00a0un savant m\u00e9lange d&#8217;huiles essentielles, de sel de mer et de colorants. Ouvrez votre potion de bain et sentez\u00a0son\u00a0parfum puissant. Ajouter une petite quantit\u00e9 de potion dans votre bain pour une exp\u00e9rience aromatique extraordinaire. [&hellip;]\" \/>\n<meta property=\"og:url\" content=\"https:\/\/aelbienetre.fr\/index.php\/produit\/lot-decouverte-sels-de-bain-aromatherapie\/\" \/>\n<meta property=\"og:site_name\" content=\"Ael Bien-\u00eatre\" \/>\n<meta property=\"article:publisher\" content=\"https:\/\/www.facebook.com\/profile.php?id=100089567651182\" \/>\n<meta property=\"article:modified_time\" content=\"2023-10-23T23:03:05+00:00\" \/>\n<meta property=\"og:image\" content=\"https:\/\/aelbienetre.fr\/wp-content\/uploads\/2023\/06\/IMG_3533-scaled-e1689833861819.jpg\" \/>\n\t<meta property=\"og:image:width\" content=\"1280\" \/>\n\t<meta property=\"og:image:height\" content=\"960\" \/>\n\t<meta property=\"og:image:type\" content=\"image\/jpeg\" \/>\n<meta name=\"twitter:card\" content=\"summary_large_image\" \/>\n<meta name=\"twitter:label1\" content=\"Dur\u00e9e de lecture estim\u00e9e\" \/>\n\t<meta name=\"twitter:data1\" content=\"1 minute\" \/>\n<script type=\"application\/ld+json\" class=\"yoast-schema-graph\">{\"@context\":\"https:\/\/schema.org\",\"@graph\":[{\"@type\":\"WebPage\",\"@id\":\"https:\/\/aelbienetre.fr\/index.php\/produit\/lot-decouverte-sels-de-bain-aromatherapie\/\",\"url\":\"https:\/\/aelbienetre.fr\/index.php\/produit\/lot-decouverte-sels-de-bain-aromatherapie\/\",\"name\":\"Lot d\u00e9couverte- sels de bain aromath\u00e9rapie - Ael Bien-\u00eatre\",\"isPartOf\":{\"@id\":\"https:\/\/aelbienetre.fr\/#website\"},\"primaryImageOfPage\":{\"@id\":\"https:\/\/aelbienetre.fr\/index.php\/produit\/lot-decouverte-sels-de-bain-aromatherapie\/#primaryimage\"},\"image\":{\"@id\":\"https:\/\/aelbienetre.fr\/index.php\/produit\/lot-decouverte-sels-de-bain-aromatherapie\/#primaryimage\"},\"thumbnailUrl\":\"https:\/\/aelbienetre.fr\/wp-content\/uploads\/2023\/06\/IMG_3533-scaled-e1689833861819.jpg\",\"datePublished\":\"2023-06-23T21:10:38+00:00\",\"dateModified\":\"2023-10-23T23:03:05+00:00\",\"breadcrumb\":{\"@id\":\"https:\/\/aelbienetre.fr\/index.php\/produit\/lot-decouverte-sels-de-bain-aromatherapie\/#breadcrumb\"},\"inLanguage\":\"fr-FR\",\"potentialAction\":[{\"@type\":\"ReadAction\",\"target\":[\"https:\/\/aelbienetre.fr\/index.php\/produit\/lot-decouverte-sels-de-bain-aromatherapie\/\"]}]},{\"@type\":\"ImageObject\",\"inLanguage\":\"fr-FR\",\"@id\":\"https:\/\/aelbienetre.fr\/index.php\/produit\/lot-decouverte-sels-de-bain-aromatherapie\/#primaryimage\",\"url\":\"https:\/\/aelbienetre.fr\/wp-content\/uploads\/2023\/06\/IMG_3533-scaled-e1689833861819.jpg\",\"contentUrl\":\"https:\/\/aelbienetre.fr\/wp-content\/uploads\/2023\/06\/IMG_3533-scaled-e1689833861819.jpg\",\"width\":1280,\"height\":960,\"caption\":\"Ael Bien-\u00eatre - lot sels de bain\"},{\"@type\":\"BreadcrumbList\",\"@id\":\"https:\/\/aelbienetre.fr\/index.php\/produit\/lot-decouverte-sels-de-bain-aromatherapie\/#breadcrumb\",\"itemListElement\":[{\"@type\":\"ListItem\",\"position\":1,\"name\":\"Produits d\u00e9tente\",\"item\":\"https:\/\/aelbienetre.fr\/index.php\/boutique\/\"},{\"@type\":\"ListItem\",\"position\":2,\"name\":\"Lot d\u00e9couverte- sels de bain aromath\u00e9rapie\"}]},{\"@type\":\"WebSite\",\"@id\":\"https:\/\/aelbienetre.fr\/#website\",\"url\":\"https:\/\/aelbienetre.fr\/\",\"name\":\"Ael Bien-\u00eatre\",\"description\":\"Produits de bien-\u00eatre pour la douche et le bain\",\"publisher\":{\"@id\":\"https:\/\/aelbienetre.fr\/#organization\"},\"potentialAction\":[{\"@type\":\"SearchAction\",\"target\":{\"@type\":\"EntryPoint\",\"urlTemplate\":\"https:\/\/aelbienetre.fr\/?s={search_term_string}\"},\"query-input\":\"required name=search_term_string\"}],\"inLanguage\":\"fr-FR\"},{\"@type\":\"Organization\",\"@id\":\"https:\/\/aelbienetre.fr\/#organization\",\"name\":\"Ael Bien-\u00eatre\",\"url\":\"https:\/\/aelbienetre.fr\/\",\"logo\":{\"@type\":\"ImageObject\",\"inLanguage\":\"fr-FR\",\"@id\":\"https:\/\/aelbienetre.fr\/#\/schema\/logo\/image\/\",\"url\":\"https:\/\/aelbienetre.fr\/wp-content\/uploads\/2023\/03\/Logo.png\",\"contentUrl\":\"https:\/\/aelbienetre.fr\/wp-content\/uploads\/2023\/03\/Logo.png\",\"width\":1200,\"height\":950,\"caption\":\"Ael Bien-\u00eatre\"},\"image\":{\"@id\":\"https:\/\/aelbienetre.fr\/#\/schema\/logo\/image\/\"},\"sameAs\":[\"https:\/\/www.facebook.com\/profile.php?id=100089567651182\",\"https:\/\/www.pinterest.fr\/aelbienetre\/\",\"https:\/\/www.instagram.com\/aelbienetre\/\"]}]}<\/script>\n<!-- \/ Yoast SEO plugin. -->","yoast_head_json":{"title":"Lot d\u00e9couverte- sels de bain aromath\u00e9rapie - Ael Bien-\u00eatre","robots":{"index":"index","follow":"follow","max-snippet":"max-snippet:-1","max-image-preview":"max-image-preview:large","max-video-preview":"max-video-preview:-1"},"canonical":"https:\/\/aelbienetre.fr\/index.php\/produit\/lot-decouverte-sels-de-bain-aromatherapie\/","og_locale":"fr_FR","og_type":"article","og_title":"Lot d\u00e9couverte- sels de bain aromath\u00e9rapie - Ael Bien-\u00eatre","og_description":"7 sachets monodoses pour 7 bains relaxants diff\u00e9rents &nbsp; 1 sachet de 15g = 1 bain &nbsp; Ces potions de bain sont\u00a0un savant m\u00e9lange d&#8217;huiles essentielles, de sel de mer et de colorants. Ouvrez votre potion de bain et sentez\u00a0son\u00a0parfum puissant. Ajouter une petite quantit\u00e9 de potion dans votre bain pour une exp\u00e9rience aromatique extraordinaire. [&hellip;]","og_url":"https:\/\/aelbienetre.fr\/index.php\/produit\/lot-decouverte-sels-de-bain-aromatherapie\/","og_site_name":"Ael Bien-\u00eatre","article_publisher":"https:\/\/www.facebook.com\/profile.php?id=100089567651182","article_modified_time":"2023-10-23T23:03:05+00:00","og_image":[{"width":1280,"height":960,"url":"https:\/\/aelbienetre.fr\/wp-content\/uploads\/2023\/06\/IMG_3533-scaled-e1689833861819.jpg","type":"image\/jpeg"}],"twitter_card":"summary_large_image","twitter_misc":{"Dur\u00e9e de lecture estim\u00e9e":"1 minute"},"schema":{"@context":"https:\/\/schema.org","@graph":[{"@type":"WebPage","@id":"https:\/\/aelbienetre.fr\/index.php\/produit\/lot-decouverte-sels-de-bain-aromatherapie\/","url":"https:\/\/aelbienetre.fr\/index.php\/produit\/lot-decouverte-sels-de-bain-aromatherapie\/","name":"Lot d\u00e9couverte- sels de bain aromath\u00e9rapie - Ael Bien-\u00eatre","isPartOf":{"@id":"https:\/\/aelbienetre.fr\/#website"},"primaryImageOfPage":{"@id":"https:\/\/aelbienetre.fr\/index.php\/produit\/lot-decouverte-sels-de-bain-aromatherapie\/#primaryimage"},"image":{"@id":"https:\/\/aelbienetre.fr\/index.php\/produit\/lot-decouverte-sels-de-bain-aromatherapie\/#primaryimage"},"thumbnailUrl":"https:\/\/aelbienetre.fr\/wp-content\/uploads\/2023\/06\/IMG_3533-scaled-e1689833861819.jpg","datePublished":"2023-06-23T21:10:38+00:00","dateModified":"2023-10-23T23:03:05+00:00","breadcrumb":{"@id":"https:\/\/aelbienetre.fr\/index.php\/produit\/lot-decouverte-sels-de-bain-aromatherapie\/#breadcrumb"},"inLanguage":"fr-FR","potentialAction":[{"@type":"ReadAction","target":["https:\/\/aelbienetre.fr\/index.php\/produit\/lot-decouverte-sels-de-bain-aromatherapie\/"]}]},{"@type":"ImageObject","inLanguage":"fr-FR","@id":"https:\/\/aelbienetre.fr\/index.php\/produit\/lot-decouverte-sels-de-bain-aromatherapie\/#primaryimage","url":"https:\/\/aelbienetre.fr\/wp-content\/uploads\/2023\/06\/IMG_3533-scaled-e1689833861819.jpg","contentUrl":"https:\/\/aelbienetre.fr\/wp-content\/uploads\/2023\/06\/IMG_3533-scaled-e1689833861819.jpg","width":1280,"height":960,"caption":"Ael Bien-\u00eatre - lot sels de bain"},{"@type":"BreadcrumbList","@id":"https:\/\/aelbienetre.fr\/index.php\/produit\/lot-decouverte-sels-de-bain-aromatherapie\/#breadcrumb","itemListElement":[{"@type":"ListItem","position":1,"name":"Produits d\u00e9tente","item":"https:\/\/aelbienetre.fr\/index.php\/boutique\/"},{"@type":"ListItem","position":2,"name":"Lot d\u00e9couverte- sels de bain aromath\u00e9rapie"}]},{"@type":"WebSite","@id":"https:\/\/aelbienetre.fr\/#website","url":"https:\/\/aelbienetre.fr\/","name":"Ael Bien-\u00eatre","description":"Produits de bien-\u00eatre pour la douche et le bain","publisher":{"@id":"https:\/\/aelbienetre.fr\/#organization"},"potentialAction":[{"@type":"SearchAction","target":{"@type":"EntryPoint","urlTemplate":"https:\/\/aelbienetre.fr\/?s={search_term_string}"},"query-input":"required name=search_term_string"}],"inLanguage":"fr-FR"},{"@type":"Organization","@id":"https:\/\/aelbienetre.fr\/#organization","name":"Ael Bien-\u00eatre","url":"https:\/\/aelbienetre.fr\/","logo":{"@type":"ImageObject","inLanguage":"fr-FR","@id":"https:\/\/aelbienetre.fr\/#\/schema\/logo\/image\/","url":"https:\/\/aelbienetre.fr\/wp-content\/uploads\/2023\/03\/Logo.png","contentUrl":"https:\/\/aelbienetre.fr\/wp-content\/uploads\/2023\/03\/Logo.png","width":1200,"height":950,"caption":"Ael Bien-\u00eatre"},"image":{"@id":"https:\/\/aelbienetre.fr\/#\/schema\/logo\/image\/"},"sameAs":["https:\/\/www.facebook.com\/profile.php?id=100089567651182","https:\/\/www.pinterest.fr\/aelbienetre\/","https:\/\/www.instagram.com\/aelbienetre\/"]}]}},"jetpack_sharing_enabled":true,"jetpack-related-posts":[],"_links":{"self":[{"href":"https:\/\/aelbienetre.fr\/index.php\/wp-json\/wp\/v2\/product\/3070"}],"collection":[{"href":"https:\/\/aelbienetre.fr\/index.php\/wp-json\/wp\/v2\/product"}],"about":[{"href":"https:\/\/aelbienetre.fr\/index.php\/wp-json\/wp\/v2\/types\/product"}],"replies":[{"embeddable":true,"href":"https:\/\/aelbienetre.fr\/index.php\/wp-json\/wp\/v2\/comments?post=3070"}],"version-history":[{"count":2,"href":"https:\/\/aelbienetre.fr\/index.php\/wp-json\/wp\/v2\/product\/3070\/revisions"}],"predecessor-version":[{"id":3121,"href":"https:\/\/aelbienetre.fr\/index.php\/wp-json\/wp\/v2\/product\/3070\/revisions\/3121"}],"wp:featuredmedia":[{"embeddable":true,"href":"https:\/\/aelbienetre.fr\/index.php\/wp-json\/wp\/v2\/media\/3072"}],"wp:attachment":[{"href":"https:\/\/aelbienetre.fr\/index.php\/wp-json\/wp\/v2\/media?parent=3070"}],"wp:term":[{"taxonomy":"product_cat","embeddable":true,"href":"https:\/\/aelbienetre.fr\/index.php\/wp-json\/wp\/v2\/product_cat?post=3070"},{"taxonomy":"product_tag","embeddable":true,"href":"https:\/\/aelbienetre.fr\/index.php\/wp-json\/wp\/v2\/product_tag?post=3070"}],"curies":[{"name":"wp","href":"https:\/\/api.w.org\/{rel}","templated":true}]}}