{"id":1441,"date":"2023-03-19T14:47:15","date_gmt":"2023-03-19T13:47:15","guid":{"rendered":"https:\/\/aelbienetre.fr\/?post_type=product&#038;p=1441"},"modified":"2026-01-06T00:07:31","modified_gmt":"2026-01-05T23:07:31","slug":"shampoing-solide","status":"publish","type":"product","link":"https:\/\/aelbienetre.fr\/index.php\/produit\/shampoing-solide\/","title":{"rendered":"Shampoing solide"},"content":{"rendered":"<p>Pratique et \u00e9conomique.<\/p>\n<p>&nbsp;<\/p>\n<p><u>Shampoing solide \u00e0 la lavande<\/u> *pour tout type de cheveux.<\/p>\n<p>\u00c9galement adapt\u00e9 pour les enfants, ce shampoing repousse les poux !!!<\/p>\n<p><u>Shampoing solide au chanvre<\/u> * pour cheveux secs, pointes abim\u00e9es<\/p>\n<p><u>Shampoing solide thalasso aux algues<\/u> * pour tout type de cheveux<\/p>\n<p><u>Shampoing solide aux orties<\/u> ** pour cheveux gras et antipelliculaires.<\/p>\n<p>&nbsp;<\/p>\n<p>Sans colorant, sans conservateur,\u00a0 pH neutre pour la peau.<\/p>\n<p>*COSMOS NATURAL certifi\u00e9 par Ecocert Greenlife selon le r\u00e9f\u00e9rentiel COSMOS.<\/p>\n<p>**COSMOS\u00a0ORGANIC certifi\u00e9 par Ecocert Greenlife selon le r\u00e9f\u00e9rentiel COSMOS.<\/p>\n<p>&nbsp;<\/p>\n<p>Poids: 130g, pr\u00e9sent\u00e9 dans sa boite en bois<\/p>\n<p>Fabriqu\u00e9 en Bretagne<\/p>\n","protected":false},"excerpt":{"rendered":"<p>Pratique et \u00e9conomique. &nbsp; Shampoing solide \u00e0 la lavande *pour tout type de cheveux. \u00c9galement adapt\u00e9 pour les enfants, ce shampoing repousse les poux !!! Shampoing solide au chanvre * pour cheveux secs, pointes abim\u00e9es Shampoing solide thalasso aux algues * pour tout type de cheveux Shampoing solide aux orties ** pour cheveux gras et [&hellip;]<\/p>\n","protected":false},"featured_media":3066,"comment_status":"open","ping_status":"closed","template":"","meta":[],"product_cat":[20,22,24],"product_tag":[],"yoast_head":"<!-- This site is optimized with the Yoast SEO plugin v23.2 - https:\/\/yoast.com\/wordpress\/plugins\/seo\/ -->\n<title>Shampoing solide - Ael Bien-\u00eatre<\/title>\n<meta name=\"robots\" content=\"index, follow, max-snippet:-1, max-image-preview:large, max-video-preview:-1\" \/>\n<link rel=\"canonical\" href=\"https:\/\/aelbienetre.fr\/index.php\/produit\/shampoing-solide\/\" \/>\n<meta property=\"og:locale\" content=\"fr_FR\" \/>\n<meta property=\"og:type\" content=\"article\" \/>\n<meta property=\"og:title\" content=\"Shampoing solide - Ael Bien-\u00eatre\" \/>\n<meta property=\"og:description\" content=\"Pratique et \u00e9conomique. &nbsp; Shampoing solide \u00e0 la lavande *pour tout type de cheveux. \u00c9galement adapt\u00e9 pour les enfants, ce shampoing repousse les poux !!! Shampoing solide au chanvre * pour cheveux secs, pointes abim\u00e9es Shampoing solide thalasso aux algues * pour tout type de cheveux Shampoing solide aux orties ** pour cheveux gras et [&hellip;]\" \/>\n<meta property=\"og:url\" content=\"https:\/\/aelbienetre.fr\/index.php\/produit\/shampoing-solide\/\" \/>\n<meta property=\"og:site_name\" content=\"Ael Bien-\u00eatre\" \/>\n<meta property=\"article:publisher\" content=\"https:\/\/www.facebook.com\/profile.php?id=100089567651182\" \/>\n<meta property=\"article:modified_time\" content=\"2026-01-05T23:07:31+00:00\" \/>\n<meta property=\"og:image\" content=\"https:\/\/aelbienetre.fr\/wp-content\/uploads\/2023\/06\/shampoing-solide-thalasso-aux-algues-e1686869260159.jpg\" \/>\n\t<meta property=\"og:image:width\" content=\"800\" \/>\n\t<meta property=\"og:image:height\" content=\"800\" \/>\n\t<meta property=\"og:image:type\" content=\"image\/jpeg\" \/>\n<meta name=\"twitter:card\" content=\"summary_large_image\" \/>\n<meta name=\"twitter:label1\" content=\"Dur\u00e9e de lecture estim\u00e9e\" \/>\n\t<meta name=\"twitter:data1\" content=\"1 minute\" \/>\n<script type=\"application\/ld+json\" class=\"yoast-schema-graph\">{\"@context\":\"https:\/\/schema.org\",\"@graph\":[{\"@type\":\"WebPage\",\"@id\":\"https:\/\/aelbienetre.fr\/index.php\/produit\/shampoing-solide\/\",\"url\":\"https:\/\/aelbienetre.fr\/index.php\/produit\/shampoing-solide\/\",\"name\":\"Shampoing solide - Ael Bien-\u00eatre\",\"isPartOf\":{\"@id\":\"https:\/\/aelbienetre.fr\/#website\"},\"primaryImageOfPage\":{\"@id\":\"https:\/\/aelbienetre.fr\/index.php\/produit\/shampoing-solide\/#primaryimage\"},\"image\":{\"@id\":\"https:\/\/aelbienetre.fr\/index.php\/produit\/shampoing-solide\/#primaryimage\"},\"thumbnailUrl\":\"https:\/\/aelbienetre.fr\/wp-content\/uploads\/2023\/06\/shampoing-solide-thalasso-aux-algues-e1686869260159.jpg\",\"datePublished\":\"2023-03-19T13:47:15+00:00\",\"dateModified\":\"2026-01-05T23:07:31+00:00\",\"breadcrumb\":{\"@id\":\"https:\/\/aelbienetre.fr\/index.php\/produit\/shampoing-solide\/#breadcrumb\"},\"inLanguage\":\"fr-FR\",\"potentialAction\":[{\"@type\":\"ReadAction\",\"target\":[\"https:\/\/aelbienetre.fr\/index.php\/produit\/shampoing-solide\/\"]}]},{\"@type\":\"ImageObject\",\"inLanguage\":\"fr-FR\",\"@id\":\"https:\/\/aelbienetre.fr\/index.php\/produit\/shampoing-solide\/#primaryimage\",\"url\":\"https:\/\/aelbienetre.fr\/wp-content\/uploads\/2023\/06\/shampoing-solide-thalasso-aux-algues-e1686869260159.jpg\",\"contentUrl\":\"https:\/\/aelbienetre.fr\/wp-content\/uploads\/2023\/06\/shampoing-solide-thalasso-aux-algues-e1686869260159.jpg\",\"width\":800,\"height\":800,\"caption\":\"Ael Bien-\u00eatre - shampoing solide Thalasso aux algues\"},{\"@type\":\"BreadcrumbList\",\"@id\":\"https:\/\/aelbienetre.fr\/index.php\/produit\/shampoing-solide\/#breadcrumb\",\"itemListElement\":[{\"@type\":\"ListItem\",\"position\":1,\"name\":\"Produits d\u00e9tente\",\"item\":\"https:\/\/aelbienetre.fr\/index.php\/boutique\/\"},{\"@type\":\"ListItem\",\"position\":2,\"name\":\"Shampoing solide\"}]},{\"@type\":\"WebSite\",\"@id\":\"https:\/\/aelbienetre.fr\/#website\",\"url\":\"https:\/\/aelbienetre.fr\/\",\"name\":\"Ael Bien-\u00eatre\",\"description\":\"Produits de bien-\u00eatre pour la douche et le bain\",\"publisher\":{\"@id\":\"https:\/\/aelbienetre.fr\/#organization\"},\"potentialAction\":[{\"@type\":\"SearchAction\",\"target\":{\"@type\":\"EntryPoint\",\"urlTemplate\":\"https:\/\/aelbienetre.fr\/?s={search_term_string}\"},\"query-input\":\"required name=search_term_string\"}],\"inLanguage\":\"fr-FR\"},{\"@type\":\"Organization\",\"@id\":\"https:\/\/aelbienetre.fr\/#organization\",\"name\":\"Ael Bien-\u00eatre\",\"url\":\"https:\/\/aelbienetre.fr\/\",\"logo\":{\"@type\":\"ImageObject\",\"inLanguage\":\"fr-FR\",\"@id\":\"https:\/\/aelbienetre.fr\/#\/schema\/logo\/image\/\",\"url\":\"https:\/\/aelbienetre.fr\/wp-content\/uploads\/2023\/03\/Logo.png\",\"contentUrl\":\"https:\/\/aelbienetre.fr\/wp-content\/uploads\/2023\/03\/Logo.png\",\"width\":1200,\"height\":950,\"caption\":\"Ael Bien-\u00eatre\"},\"image\":{\"@id\":\"https:\/\/aelbienetre.fr\/#\/schema\/logo\/image\/\"},\"sameAs\":[\"https:\/\/www.facebook.com\/profile.php?id=100089567651182\",\"https:\/\/www.pinterest.fr\/aelbienetre\/\",\"https:\/\/www.instagram.com\/aelbienetre\/\"]}]}<\/script>\n<!-- \/ Yoast SEO plugin. -->","yoast_head_json":{"title":"Shampoing solide - Ael Bien-\u00eatre","robots":{"index":"index","follow":"follow","max-snippet":"max-snippet:-1","max-image-preview":"max-image-preview:large","max-video-preview":"max-video-preview:-1"},"canonical":"https:\/\/aelbienetre.fr\/index.php\/produit\/shampoing-solide\/","og_locale":"fr_FR","og_type":"article","og_title":"Shampoing solide - Ael Bien-\u00eatre","og_description":"Pratique et \u00e9conomique. &nbsp; Shampoing solide \u00e0 la lavande *pour tout type de cheveux. \u00c9galement adapt\u00e9 pour les enfants, ce shampoing repousse les poux !!! Shampoing solide au chanvre * pour cheveux secs, pointes abim\u00e9es Shampoing solide thalasso aux algues * pour tout type de cheveux Shampoing solide aux orties ** pour cheveux gras et [&hellip;]","og_url":"https:\/\/aelbienetre.fr\/index.php\/produit\/shampoing-solide\/","og_site_name":"Ael Bien-\u00eatre","article_publisher":"https:\/\/www.facebook.com\/profile.php?id=100089567651182","article_modified_time":"2026-01-05T23:07:31+00:00","og_image":[{"width":800,"height":800,"url":"https:\/\/aelbienetre.fr\/wp-content\/uploads\/2023\/06\/shampoing-solide-thalasso-aux-algues-e1686869260159.jpg","type":"image\/jpeg"}],"twitter_card":"summary_large_image","twitter_misc":{"Dur\u00e9e de lecture estim\u00e9e":"1 minute"},"schema":{"@context":"https:\/\/schema.org","@graph":[{"@type":"WebPage","@id":"https:\/\/aelbienetre.fr\/index.php\/produit\/shampoing-solide\/","url":"https:\/\/aelbienetre.fr\/index.php\/produit\/shampoing-solide\/","name":"Shampoing solide - Ael Bien-\u00eatre","isPartOf":{"@id":"https:\/\/aelbienetre.fr\/#website"},"primaryImageOfPage":{"@id":"https:\/\/aelbienetre.fr\/index.php\/produit\/shampoing-solide\/#primaryimage"},"image":{"@id":"https:\/\/aelbienetre.fr\/index.php\/produit\/shampoing-solide\/#primaryimage"},"thumbnailUrl":"https:\/\/aelbienetre.fr\/wp-content\/uploads\/2023\/06\/shampoing-solide-thalasso-aux-algues-e1686869260159.jpg","datePublished":"2023-03-19T13:47:15+00:00","dateModified":"2026-01-05T23:07:31+00:00","breadcrumb":{"@id":"https:\/\/aelbienetre.fr\/index.php\/produit\/shampoing-solide\/#breadcrumb"},"inLanguage":"fr-FR","potentialAction":[{"@type":"ReadAction","target":["https:\/\/aelbienetre.fr\/index.php\/produit\/shampoing-solide\/"]}]},{"@type":"ImageObject","inLanguage":"fr-FR","@id":"https:\/\/aelbienetre.fr\/index.php\/produit\/shampoing-solide\/#primaryimage","url":"https:\/\/aelbienetre.fr\/wp-content\/uploads\/2023\/06\/shampoing-solide-thalasso-aux-algues-e1686869260159.jpg","contentUrl":"https:\/\/aelbienetre.fr\/wp-content\/uploads\/2023\/06\/shampoing-solide-thalasso-aux-algues-e1686869260159.jpg","width":800,"height":800,"caption":"Ael Bien-\u00eatre - shampoing solide Thalasso aux algues"},{"@type":"BreadcrumbList","@id":"https:\/\/aelbienetre.fr\/index.php\/produit\/shampoing-solide\/#breadcrumb","itemListElement":[{"@type":"ListItem","position":1,"name":"Produits d\u00e9tente","item":"https:\/\/aelbienetre.fr\/index.php\/boutique\/"},{"@type":"ListItem","position":2,"name":"Shampoing solide"}]},{"@type":"WebSite","@id":"https:\/\/aelbienetre.fr\/#website","url":"https:\/\/aelbienetre.fr\/","name":"Ael Bien-\u00eatre","description":"Produits de bien-\u00eatre pour la douche et le bain","publisher":{"@id":"https:\/\/aelbienetre.fr\/#organization"},"potentialAction":[{"@type":"SearchAction","target":{"@type":"EntryPoint","urlTemplate":"https:\/\/aelbienetre.fr\/?s={search_term_string}"},"query-input":"required name=search_term_string"}],"inLanguage":"fr-FR"},{"@type":"Organization","@id":"https:\/\/aelbienetre.fr\/#organization","name":"Ael Bien-\u00eatre","url":"https:\/\/aelbienetre.fr\/","logo":{"@type":"ImageObject","inLanguage":"fr-FR","@id":"https:\/\/aelbienetre.fr\/#\/schema\/logo\/image\/","url":"https:\/\/aelbienetre.fr\/wp-content\/uploads\/2023\/03\/Logo.png","contentUrl":"https:\/\/aelbienetre.fr\/wp-content\/uploads\/2023\/03\/Logo.png","width":1200,"height":950,"caption":"Ael Bien-\u00eatre"},"image":{"@id":"https:\/\/aelbienetre.fr\/#\/schema\/logo\/image\/"},"sameAs":["https:\/\/www.facebook.com\/profile.php?id=100089567651182","https:\/\/www.pinterest.fr\/aelbienetre\/","https:\/\/www.instagram.com\/aelbienetre\/"]}]}},"jetpack_sharing_enabled":true,"jetpack-related-posts":[],"_links":{"self":[{"href":"https:\/\/aelbienetre.fr\/index.php\/wp-json\/wp\/v2\/product\/1441"}],"collection":[{"href":"https:\/\/aelbienetre.fr\/index.php\/wp-json\/wp\/v2\/product"}],"about":[{"href":"https:\/\/aelbienetre.fr\/index.php\/wp-json\/wp\/v2\/types\/product"}],"replies":[{"embeddable":true,"href":"https:\/\/aelbienetre.fr\/index.php\/wp-json\/wp\/v2\/comments?post=1441"}],"version-history":[{"count":2,"href":"https:\/\/aelbienetre.fr\/index.php\/wp-json\/wp\/v2\/product\/1441\/revisions"}],"predecessor-version":[{"id":2701,"href":"https:\/\/aelbienetre.fr\/index.php\/wp-json\/wp\/v2\/product\/1441\/revisions\/2701"}],"wp:featuredmedia":[{"embeddable":true,"href":"https:\/\/aelbienetre.fr\/index.php\/wp-json\/wp\/v2\/media\/3066"}],"wp:attachment":[{"href":"https:\/\/aelbienetre.fr\/index.php\/wp-json\/wp\/v2\/media?parent=1441"}],"wp:term":[{"taxonomy":"product_cat","embeddable":true,"href":"https:\/\/aelbienetre.fr\/index.php\/wp-json\/wp\/v2\/product_cat?post=1441"},{"taxonomy":"product_tag","embeddable":true,"href":"https:\/\/aelbienetre.fr\/index.php\/wp-json\/wp\/v2\/product_tag?post=1441"}],"curies":[{"name":"wp","href":"https:\/\/api.w.org\/{rel}","templated":true}]}}