{"id":1437,"date":"2023-03-19T14:47:14","date_gmt":"2023-03-19T13:47:14","guid":{"rendered":"https:\/\/aelbienetre.fr\/?post_type=product&#038;p=1437"},"modified":"2026-04-11T23:34:04","modified_gmt":"2026-04-11T21:34:04","slug":"shampoing-douche-solide","status":"publish","type":"product","link":"https:\/\/aelbienetre.fr\/index.php\/produit\/shampoing-douche-solide\/","title":{"rendered":"Shampoing douche solide"},"content":{"rendered":"<p>Pour vos voyages, randonn\u00e9es ou simplement pour un gain de place dans votre douche, ces shampoings douche solides sont ultra-pratiques car ils permettent de laver corps et cheveux avec un seul produit !<\/p>\n<p>&nbsp;<\/p>\n<p>Shampoing douche \u00e0 la rose et au lait de ch\u00e8vre pour les peaux sensibles et pour les cheveux fragiles et secs.<\/p>\n<p>Shampoing douche menthe et th\u00e9 vert Matcha pour les peaux mixtes \u00e0 grasses et pour les cheveux \u00e0 tendance grasse.<\/p>\n<p>Shampoing douche au calendula pour enfants<\/p>\n<p>&nbsp;<\/p>\n<p>ORIGINE VEGETALE<br \/>\nCompos\u00e9s \u00e0 85% d\u2019ingr\u00e9dients d\u2019origine naturelle, ces shampoings douche solides respectent la structure de l\u2019\u00e9piderme et participent \u00e0 nourrir votre peau gr\u00e2ce \u00e0 l\u2019huile d\u2019amande et prot\u00e8gent la fibre capillaire tout en douceur gr\u00e2ce \u00e0 l\u2019huile de chanvre.<\/p>\n<p>ECONOMIQUE ET ECOLOGIQUE :<br \/>\n1 shampoing douche solide remplace environ 4 flacons de gels douche ou shampoings liquides ce qui repr\u00e9sente une \u00e9conomie de plastique consid\u00e9rable. Cela les rend aussi tr\u00e8s \u00e9conomiques ! Enfin, ils permettent d\u2019utiliser moins d\u2019eau lors de leur fabrication et, contenant peu d\u2019eau, ils n\u2019ont pas besoin de conservateur.<\/p>\n<p>100% artisanal &amp; breton, sans conservateur et non test\u00e9 sur les animaux<\/p>\n","protected":false},"excerpt":{"rendered":"<p>Pour vos voyages, randonn\u00e9es ou simplement pour un gain de place dans votre douche, ces shampoings douche solides sont ultra-pratiques car ils permettent de laver corps et cheveux avec un seul produit ! &nbsp; Shampoing douche \u00e0 la rose et au lait de ch\u00e8vre pour les peaux sensibles et pour les cheveux fragiles et secs. [&hellip;]<\/p>\n","protected":false},"featured_media":1509,"comment_status":"open","ping_status":"closed","template":"","meta":[],"product_cat":[20,22,24],"product_tag":[],"yoast_head":"<!-- This site is optimized with the Yoast SEO plugin v23.2 - https:\/\/yoast.com\/wordpress\/plugins\/seo\/ -->\n<title>Shampoing douche solide - Ael Bien-\u00eatre<\/title>\n<meta name=\"robots\" content=\"index, follow, max-snippet:-1, max-image-preview:large, max-video-preview:-1\" \/>\n<link rel=\"canonical\" href=\"https:\/\/aelbienetre.fr\/index.php\/produit\/shampoing-douche-solide\/\" \/>\n<meta property=\"og:locale\" content=\"fr_FR\" \/>\n<meta property=\"og:type\" content=\"article\" \/>\n<meta property=\"og:title\" content=\"Shampoing douche solide - Ael Bien-\u00eatre\" \/>\n<meta property=\"og:description\" content=\"Pour vos voyages, randonn\u00e9es ou simplement pour un gain de place dans votre douche, ces shampoings douche solides sont ultra-pratiques car ils permettent de laver corps et cheveux avec un seul produit ! &nbsp; Shampoing douche \u00e0 la rose et au lait de ch\u00e8vre pour les peaux sensibles et pour les cheveux fragiles et secs. [&hellip;]\" \/>\n<meta property=\"og:url\" content=\"https:\/\/aelbienetre.fr\/index.php\/produit\/shampoing-douche-solide\/\" \/>\n<meta property=\"og:site_name\" content=\"Ael Bien-\u00eatre\" \/>\n<meta property=\"article:publisher\" content=\"https:\/\/www.facebook.com\/profile.php?id=100089567651182\" \/>\n<meta property=\"article:modified_time\" content=\"2026-04-11T21:34:04+00:00\" \/>\n<meta property=\"og:image\" content=\"https:\/\/aelbienetre.fr\/wp-content\/uploads\/2023\/03\/shampoing-douche-solide-au-calendula-pour-enfants.jpg\" \/>\n\t<meta property=\"og:image:width\" content=\"800\" \/>\n\t<meta property=\"og:image:height\" content=\"800\" \/>\n\t<meta property=\"og:image:type\" content=\"image\/jpeg\" \/>\n<meta name=\"twitter:card\" content=\"summary_large_image\" \/>\n<meta name=\"twitter:label1\" content=\"Dur\u00e9e de lecture estim\u00e9e\" \/>\n\t<meta name=\"twitter:data1\" content=\"2 minutes\" \/>\n<script type=\"application\/ld+json\" class=\"yoast-schema-graph\">{\"@context\":\"https:\/\/schema.org\",\"@graph\":[{\"@type\":\"WebPage\",\"@id\":\"https:\/\/aelbienetre.fr\/index.php\/produit\/shampoing-douche-solide\/\",\"url\":\"https:\/\/aelbienetre.fr\/index.php\/produit\/shampoing-douche-solide\/\",\"name\":\"Shampoing douche solide - Ael Bien-\u00eatre\",\"isPartOf\":{\"@id\":\"https:\/\/aelbienetre.fr\/#website\"},\"primaryImageOfPage\":{\"@id\":\"https:\/\/aelbienetre.fr\/index.php\/produit\/shampoing-douche-solide\/#primaryimage\"},\"image\":{\"@id\":\"https:\/\/aelbienetre.fr\/index.php\/produit\/shampoing-douche-solide\/#primaryimage\"},\"thumbnailUrl\":\"https:\/\/aelbienetre.fr\/wp-content\/uploads\/2023\/03\/shampoing-douche-solide-au-calendula-pour-enfants.jpg\",\"datePublished\":\"2023-03-19T13:47:14+00:00\",\"dateModified\":\"2026-04-11T21:34:04+00:00\",\"breadcrumb\":{\"@id\":\"https:\/\/aelbienetre.fr\/index.php\/produit\/shampoing-douche-solide\/#breadcrumb\"},\"inLanguage\":\"fr-FR\",\"potentialAction\":[{\"@type\":\"ReadAction\",\"target\":[\"https:\/\/aelbienetre.fr\/index.php\/produit\/shampoing-douche-solide\/\"]}]},{\"@type\":\"ImageObject\",\"inLanguage\":\"fr-FR\",\"@id\":\"https:\/\/aelbienetre.fr\/index.php\/produit\/shampoing-douche-solide\/#primaryimage\",\"url\":\"https:\/\/aelbienetre.fr\/wp-content\/uploads\/2023\/03\/shampoing-douche-solide-au-calendula-pour-enfants.jpg\",\"contentUrl\":\"https:\/\/aelbienetre.fr\/wp-content\/uploads\/2023\/03\/shampoing-douche-solide-au-calendula-pour-enfants.jpg\",\"width\":800,\"height\":800,\"caption\":\"Shampoing douche solide\"},{\"@type\":\"BreadcrumbList\",\"@id\":\"https:\/\/aelbienetre.fr\/index.php\/produit\/shampoing-douche-solide\/#breadcrumb\",\"itemListElement\":[{\"@type\":\"ListItem\",\"position\":1,\"name\":\"Produits d\u00e9tente\",\"item\":\"https:\/\/aelbienetre.fr\/index.php\/boutique\/\"},{\"@type\":\"ListItem\",\"position\":2,\"name\":\"Shampoing douche solide\"}]},{\"@type\":\"WebSite\",\"@id\":\"https:\/\/aelbienetre.fr\/#website\",\"url\":\"https:\/\/aelbienetre.fr\/\",\"name\":\"Ael Bien-\u00eatre\",\"description\":\"Produits de bien-\u00eatre pour la douche et le bain\",\"publisher\":{\"@id\":\"https:\/\/aelbienetre.fr\/#organization\"},\"potentialAction\":[{\"@type\":\"SearchAction\",\"target\":{\"@type\":\"EntryPoint\",\"urlTemplate\":\"https:\/\/aelbienetre.fr\/?s={search_term_string}\"},\"query-input\":\"required name=search_term_string\"}],\"inLanguage\":\"fr-FR\"},{\"@type\":\"Organization\",\"@id\":\"https:\/\/aelbienetre.fr\/#organization\",\"name\":\"Ael Bien-\u00eatre\",\"url\":\"https:\/\/aelbienetre.fr\/\",\"logo\":{\"@type\":\"ImageObject\",\"inLanguage\":\"fr-FR\",\"@id\":\"https:\/\/aelbienetre.fr\/#\/schema\/logo\/image\/\",\"url\":\"https:\/\/aelbienetre.fr\/wp-content\/uploads\/2023\/03\/Logo.png\",\"contentUrl\":\"https:\/\/aelbienetre.fr\/wp-content\/uploads\/2023\/03\/Logo.png\",\"width\":1200,\"height\":950,\"caption\":\"Ael Bien-\u00eatre\"},\"image\":{\"@id\":\"https:\/\/aelbienetre.fr\/#\/schema\/logo\/image\/\"},\"sameAs\":[\"https:\/\/www.facebook.com\/profile.php?id=100089567651182\",\"https:\/\/www.pinterest.fr\/aelbienetre\/\",\"https:\/\/www.instagram.com\/aelbienetre\/\"]}]}<\/script>\n<!-- \/ Yoast SEO plugin. -->","yoast_head_json":{"title":"Shampoing douche solide - Ael Bien-\u00eatre","robots":{"index":"index","follow":"follow","max-snippet":"max-snippet:-1","max-image-preview":"max-image-preview:large","max-video-preview":"max-video-preview:-1"},"canonical":"https:\/\/aelbienetre.fr\/index.php\/produit\/shampoing-douche-solide\/","og_locale":"fr_FR","og_type":"article","og_title":"Shampoing douche solide - Ael Bien-\u00eatre","og_description":"Pour vos voyages, randonn\u00e9es ou simplement pour un gain de place dans votre douche, ces shampoings douche solides sont ultra-pratiques car ils permettent de laver corps et cheveux avec un seul produit ! &nbsp; Shampoing douche \u00e0 la rose et au lait de ch\u00e8vre pour les peaux sensibles et pour les cheveux fragiles et secs. [&hellip;]","og_url":"https:\/\/aelbienetre.fr\/index.php\/produit\/shampoing-douche-solide\/","og_site_name":"Ael Bien-\u00eatre","article_publisher":"https:\/\/www.facebook.com\/profile.php?id=100089567651182","article_modified_time":"2026-04-11T21:34:04+00:00","og_image":[{"width":800,"height":800,"url":"https:\/\/aelbienetre.fr\/wp-content\/uploads\/2023\/03\/shampoing-douche-solide-au-calendula-pour-enfants.jpg","type":"image\/jpeg"}],"twitter_card":"summary_large_image","twitter_misc":{"Dur\u00e9e de lecture estim\u00e9e":"2 minutes"},"schema":{"@context":"https:\/\/schema.org","@graph":[{"@type":"WebPage","@id":"https:\/\/aelbienetre.fr\/index.php\/produit\/shampoing-douche-solide\/","url":"https:\/\/aelbienetre.fr\/index.php\/produit\/shampoing-douche-solide\/","name":"Shampoing douche solide - Ael Bien-\u00eatre","isPartOf":{"@id":"https:\/\/aelbienetre.fr\/#website"},"primaryImageOfPage":{"@id":"https:\/\/aelbienetre.fr\/index.php\/produit\/shampoing-douche-solide\/#primaryimage"},"image":{"@id":"https:\/\/aelbienetre.fr\/index.php\/produit\/shampoing-douche-solide\/#primaryimage"},"thumbnailUrl":"https:\/\/aelbienetre.fr\/wp-content\/uploads\/2023\/03\/shampoing-douche-solide-au-calendula-pour-enfants.jpg","datePublished":"2023-03-19T13:47:14+00:00","dateModified":"2026-04-11T21:34:04+00:00","breadcrumb":{"@id":"https:\/\/aelbienetre.fr\/index.php\/produit\/shampoing-douche-solide\/#breadcrumb"},"inLanguage":"fr-FR","potentialAction":[{"@type":"ReadAction","target":["https:\/\/aelbienetre.fr\/index.php\/produit\/shampoing-douche-solide\/"]}]},{"@type":"ImageObject","inLanguage":"fr-FR","@id":"https:\/\/aelbienetre.fr\/index.php\/produit\/shampoing-douche-solide\/#primaryimage","url":"https:\/\/aelbienetre.fr\/wp-content\/uploads\/2023\/03\/shampoing-douche-solide-au-calendula-pour-enfants.jpg","contentUrl":"https:\/\/aelbienetre.fr\/wp-content\/uploads\/2023\/03\/shampoing-douche-solide-au-calendula-pour-enfants.jpg","width":800,"height":800,"caption":"Shampoing douche solide"},{"@type":"BreadcrumbList","@id":"https:\/\/aelbienetre.fr\/index.php\/produit\/shampoing-douche-solide\/#breadcrumb","itemListElement":[{"@type":"ListItem","position":1,"name":"Produits d\u00e9tente","item":"https:\/\/aelbienetre.fr\/index.php\/boutique\/"},{"@type":"ListItem","position":2,"name":"Shampoing douche solide"}]},{"@type":"WebSite","@id":"https:\/\/aelbienetre.fr\/#website","url":"https:\/\/aelbienetre.fr\/","name":"Ael Bien-\u00eatre","description":"Produits de bien-\u00eatre pour la douche et le bain","publisher":{"@id":"https:\/\/aelbienetre.fr\/#organization"},"potentialAction":[{"@type":"SearchAction","target":{"@type":"EntryPoint","urlTemplate":"https:\/\/aelbienetre.fr\/?s={search_term_string}"},"query-input":"required name=search_term_string"}],"inLanguage":"fr-FR"},{"@type":"Organization","@id":"https:\/\/aelbienetre.fr\/#organization","name":"Ael Bien-\u00eatre","url":"https:\/\/aelbienetre.fr\/","logo":{"@type":"ImageObject","inLanguage":"fr-FR","@id":"https:\/\/aelbienetre.fr\/#\/schema\/logo\/image\/","url":"https:\/\/aelbienetre.fr\/wp-content\/uploads\/2023\/03\/Logo.png","contentUrl":"https:\/\/aelbienetre.fr\/wp-content\/uploads\/2023\/03\/Logo.png","width":1200,"height":950,"caption":"Ael Bien-\u00eatre"},"image":{"@id":"https:\/\/aelbienetre.fr\/#\/schema\/logo\/image\/"},"sameAs":["https:\/\/www.facebook.com\/profile.php?id=100089567651182","https:\/\/www.pinterest.fr\/aelbienetre\/","https:\/\/www.instagram.com\/aelbienetre\/"]}]}},"jetpack_sharing_enabled":true,"jetpack-related-posts":[],"_links":{"self":[{"href":"https:\/\/aelbienetre.fr\/index.php\/wp-json\/wp\/v2\/product\/1437"}],"collection":[{"href":"https:\/\/aelbienetre.fr\/index.php\/wp-json\/wp\/v2\/product"}],"about":[{"href":"https:\/\/aelbienetre.fr\/index.php\/wp-json\/wp\/v2\/types\/product"}],"replies":[{"embeddable":true,"href":"https:\/\/aelbienetre.fr\/index.php\/wp-json\/wp\/v2\/comments?post=1437"}],"version-history":[{"count":1,"href":"https:\/\/aelbienetre.fr\/index.php\/wp-json\/wp\/v2\/product\/1437\/revisions"}],"predecessor-version":[{"id":2700,"href":"https:\/\/aelbienetre.fr\/index.php\/wp-json\/wp\/v2\/product\/1437\/revisions\/2700"}],"wp:featuredmedia":[{"embeddable":true,"href":"https:\/\/aelbienetre.fr\/index.php\/wp-json\/wp\/v2\/media\/1509"}],"wp:attachment":[{"href":"https:\/\/aelbienetre.fr\/index.php\/wp-json\/wp\/v2\/media?parent=1437"}],"wp:term":[{"taxonomy":"product_cat","embeddable":true,"href":"https:\/\/aelbienetre.fr\/index.php\/wp-json\/wp\/v2\/product_cat?post=1437"},{"taxonomy":"product_tag","embeddable":true,"href":"https:\/\/aelbienetre.fr\/index.php\/wp-json\/wp\/v2\/product_tag?post=1437"}],"curies":[{"name":"wp","href":"https:\/\/api.w.org\/{rel}","templated":true}]}}