{"id":1395,"date":"2023-03-19T14:47:06","date_gmt":"2023-03-19T13:47:06","guid":{"rendered":"https:\/\/aelbienetre.fr\/?post_type=product&#038;p=1395"},"modified":"2024-12-17T18:31:37","modified_gmt":"2024-12-17T17:31:37","slug":"savon-marbre","status":"publish","type":"product","link":"https:\/\/aelbienetre.fr\/index.php\/produit\/savon-marbre\/","title":{"rendered":"Savon marbr\u00e9"},"content":{"rendered":"<p>Savon\u00a0saponifi\u00e9 \u00e0 froid, il contient 4 huiles Biologiques : huile d&#8217;Olive, huile de Tournesol, huile de Coco, beurre de Karit\u00e9.<\/p>\n<p>&nbsp;<\/p>\n<p>Savon apaisant et calmant\u00a0<u>Verveine Calendula<\/u><strong>\u00a0<\/strong><\/p>\n<p>Savon \u00e9nergisant et stimulant\u00a0<u>Pamplemousse vigne rouge<\/u><\/p>\n<p>Savon revigorant et rafra\u00eechissant\u00a0<u>Bord de mer exfoliant romarin<\/u><\/p>\n<p>Savon pour peau d\u00e9licate et mature\u00a0<u>Jasmin N\u00e9roli Acide Hyaluronique<\/u><\/p>\n<p>Savon pour peau \u00e0 imperfections\u00a0<u>Charbon th\u00e9 vert Matcha<\/u><\/p>\n<p>&nbsp;<\/p>\n<p>100g. Produit en Bretagne<\/p>\n","protected":false},"excerpt":{"rendered":"<p>Savon\u00a0saponifi\u00e9 \u00e0 froid, il contient 4 huiles Biologiques : huile d&#8217;Olive, huile de Tournesol, huile de Coco, beurre de Karit\u00e9. &nbsp; Savon apaisant et calmant\u00a0Verveine Calendula\u00a0 Savon \u00e9nergisant et stimulant\u00a0Pamplemousse vigne rouge Savon revigorant et rafra\u00eechissant\u00a0Bord de mer exfoliant romarin Savon pour peau d\u00e9licate et mature\u00a0Jasmin N\u00e9roli Acide Hyaluronique Savon pour peau \u00e0 imperfections\u00a0Charbon th\u00e9 [&hellip;]<\/p>\n","protected":false},"featured_media":1556,"comment_status":"open","ping_status":"closed","template":"","meta":[],"product_cat":[20,22],"product_tag":[],"yoast_head":"<!-- This site is optimized with the Yoast SEO plugin v23.2 - https:\/\/yoast.com\/wordpress\/plugins\/seo\/ -->\n<title>Savon marbr\u00e9 - Ael Bien-\u00eatre<\/title>\n<meta name=\"robots\" content=\"index, follow, max-snippet:-1, max-image-preview:large, max-video-preview:-1\" \/>\n<link rel=\"canonical\" href=\"https:\/\/aelbienetre.fr\/index.php\/produit\/savon-marbre\/\" \/>\n<meta property=\"og:locale\" content=\"fr_FR\" \/>\n<meta property=\"og:type\" content=\"article\" \/>\n<meta property=\"og:title\" content=\"Savon marbr\u00e9 - Ael Bien-\u00eatre\" \/>\n<meta property=\"og:description\" content=\"Savon\u00a0saponifi\u00e9 \u00e0 froid, il contient 4 huiles Biologiques : huile d&#8217;Olive, huile de Tournesol, huile de Coco, beurre de Karit\u00e9. &nbsp; Savon apaisant et calmant\u00a0Verveine Calendula\u00a0 Savon \u00e9nergisant et stimulant\u00a0Pamplemousse vigne rouge Savon revigorant et rafra\u00eechissant\u00a0Bord de mer exfoliant romarin Savon pour peau d\u00e9licate et mature\u00a0Jasmin N\u00e9roli Acide Hyaluronique Savon pour peau \u00e0 imperfections\u00a0Charbon th\u00e9 [&hellip;]\" \/>\n<meta property=\"og:url\" content=\"https:\/\/aelbienetre.fr\/index.php\/produit\/savon-marbre\/\" \/>\n<meta property=\"og:site_name\" content=\"Ael Bien-\u00eatre\" \/>\n<meta property=\"article:publisher\" content=\"https:\/\/www.facebook.com\/profile.php?id=100089567651182\" \/>\n<meta property=\"article:modified_time\" content=\"2024-12-17T17:31:37+00:00\" \/>\n<meta property=\"og:image\" content=\"https:\/\/aelbienetre.fr\/wp-content\/uploads\/2023\/03\/savon-bord-de-mer-exfoliant-romarin-1-e1689525874184.jpg\" \/>\n\t<meta property=\"og:image:width\" content=\"800\" \/>\n\t<meta property=\"og:image:height\" content=\"800\" \/>\n\t<meta property=\"og:image:type\" content=\"image\/jpeg\" \/>\n<meta name=\"twitter:card\" content=\"summary_large_image\" \/>\n<meta name=\"twitter:label1\" content=\"Dur\u00e9e de lecture estim\u00e9e\" \/>\n\t<meta name=\"twitter:data1\" content=\"1 minute\" \/>\n<script type=\"application\/ld+json\" class=\"yoast-schema-graph\">{\"@context\":\"https:\/\/schema.org\",\"@graph\":[{\"@type\":\"WebPage\",\"@id\":\"https:\/\/aelbienetre.fr\/index.php\/produit\/savon-marbre\/\",\"url\":\"https:\/\/aelbienetre.fr\/index.php\/produit\/savon-marbre\/\",\"name\":\"Savon marbr\u00e9 - Ael Bien-\u00eatre\",\"isPartOf\":{\"@id\":\"https:\/\/aelbienetre.fr\/#website\"},\"primaryImageOfPage\":{\"@id\":\"https:\/\/aelbienetre.fr\/index.php\/produit\/savon-marbre\/#primaryimage\"},\"image\":{\"@id\":\"https:\/\/aelbienetre.fr\/index.php\/produit\/savon-marbre\/#primaryimage\"},\"thumbnailUrl\":\"https:\/\/aelbienetre.fr\/wp-content\/uploads\/2023\/03\/savon-bord-de-mer-exfoliant-romarin-1-e1689525874184.jpg\",\"datePublished\":\"2023-03-19T13:47:06+00:00\",\"dateModified\":\"2024-12-17T17:31:37+00:00\",\"breadcrumb\":{\"@id\":\"https:\/\/aelbienetre.fr\/index.php\/produit\/savon-marbre\/#breadcrumb\"},\"inLanguage\":\"fr-FR\",\"potentialAction\":[{\"@type\":\"ReadAction\",\"target\":[\"https:\/\/aelbienetre.fr\/index.php\/produit\/savon-marbre\/\"]}]},{\"@type\":\"ImageObject\",\"inLanguage\":\"fr-FR\",\"@id\":\"https:\/\/aelbienetre.fr\/index.php\/produit\/savon-marbre\/#primaryimage\",\"url\":\"https:\/\/aelbienetre.fr\/wp-content\/uploads\/2023\/03\/savon-bord-de-mer-exfoliant-romarin-1-e1689525874184.jpg\",\"contentUrl\":\"https:\/\/aelbienetre.fr\/wp-content\/uploads\/2023\/03\/savon-bord-de-mer-exfoliant-romarin-1-e1689525874184.jpg\",\"width\":800,\"height\":800,\"caption\":\"Savon\"},{\"@type\":\"BreadcrumbList\",\"@id\":\"https:\/\/aelbienetre.fr\/index.php\/produit\/savon-marbre\/#breadcrumb\",\"itemListElement\":[{\"@type\":\"ListItem\",\"position\":1,\"name\":\"Produits d\u00e9tente\",\"item\":\"https:\/\/aelbienetre.fr\/index.php\/boutique\/\"},{\"@type\":\"ListItem\",\"position\":2,\"name\":\"Savon marbr\u00e9\"}]},{\"@type\":\"WebSite\",\"@id\":\"https:\/\/aelbienetre.fr\/#website\",\"url\":\"https:\/\/aelbienetre.fr\/\",\"name\":\"Ael Bien-\u00eatre\",\"description\":\"Produits de bien-\u00eatre pour la douche et le bain\",\"publisher\":{\"@id\":\"https:\/\/aelbienetre.fr\/#organization\"},\"potentialAction\":[{\"@type\":\"SearchAction\",\"target\":{\"@type\":\"EntryPoint\",\"urlTemplate\":\"https:\/\/aelbienetre.fr\/?s={search_term_string}\"},\"query-input\":\"required name=search_term_string\"}],\"inLanguage\":\"fr-FR\"},{\"@type\":\"Organization\",\"@id\":\"https:\/\/aelbienetre.fr\/#organization\",\"name\":\"Ael Bien-\u00eatre\",\"url\":\"https:\/\/aelbienetre.fr\/\",\"logo\":{\"@type\":\"ImageObject\",\"inLanguage\":\"fr-FR\",\"@id\":\"https:\/\/aelbienetre.fr\/#\/schema\/logo\/image\/\",\"url\":\"https:\/\/aelbienetre.fr\/wp-content\/uploads\/2023\/03\/Logo.png\",\"contentUrl\":\"https:\/\/aelbienetre.fr\/wp-content\/uploads\/2023\/03\/Logo.png\",\"width\":1200,\"height\":950,\"caption\":\"Ael Bien-\u00eatre\"},\"image\":{\"@id\":\"https:\/\/aelbienetre.fr\/#\/schema\/logo\/image\/\"},\"sameAs\":[\"https:\/\/www.facebook.com\/profile.php?id=100089567651182\",\"https:\/\/www.pinterest.fr\/aelbienetre\/\",\"https:\/\/www.instagram.com\/aelbienetre\/\"]}]}<\/script>\n<!-- \/ Yoast SEO plugin. -->","yoast_head_json":{"title":"Savon marbr\u00e9 - Ael Bien-\u00eatre","robots":{"index":"index","follow":"follow","max-snippet":"max-snippet:-1","max-image-preview":"max-image-preview:large","max-video-preview":"max-video-preview:-1"},"canonical":"https:\/\/aelbienetre.fr\/index.php\/produit\/savon-marbre\/","og_locale":"fr_FR","og_type":"article","og_title":"Savon marbr\u00e9 - Ael Bien-\u00eatre","og_description":"Savon\u00a0saponifi\u00e9 \u00e0 froid, il contient 4 huiles Biologiques : huile d&#8217;Olive, huile de Tournesol, huile de Coco, beurre de Karit\u00e9. &nbsp; Savon apaisant et calmant\u00a0Verveine Calendula\u00a0 Savon \u00e9nergisant et stimulant\u00a0Pamplemousse vigne rouge Savon revigorant et rafra\u00eechissant\u00a0Bord de mer exfoliant romarin Savon pour peau d\u00e9licate et mature\u00a0Jasmin N\u00e9roli Acide Hyaluronique Savon pour peau \u00e0 imperfections\u00a0Charbon th\u00e9 [&hellip;]","og_url":"https:\/\/aelbienetre.fr\/index.php\/produit\/savon-marbre\/","og_site_name":"Ael Bien-\u00eatre","article_publisher":"https:\/\/www.facebook.com\/profile.php?id=100089567651182","article_modified_time":"2024-12-17T17:31:37+00:00","og_image":[{"width":800,"height":800,"url":"https:\/\/aelbienetre.fr\/wp-content\/uploads\/2023\/03\/savon-bord-de-mer-exfoliant-romarin-1-e1689525874184.jpg","type":"image\/jpeg"}],"twitter_card":"summary_large_image","twitter_misc":{"Dur\u00e9e de lecture estim\u00e9e":"1 minute"},"schema":{"@context":"https:\/\/schema.org","@graph":[{"@type":"WebPage","@id":"https:\/\/aelbienetre.fr\/index.php\/produit\/savon-marbre\/","url":"https:\/\/aelbienetre.fr\/index.php\/produit\/savon-marbre\/","name":"Savon marbr\u00e9 - Ael Bien-\u00eatre","isPartOf":{"@id":"https:\/\/aelbienetre.fr\/#website"},"primaryImageOfPage":{"@id":"https:\/\/aelbienetre.fr\/index.php\/produit\/savon-marbre\/#primaryimage"},"image":{"@id":"https:\/\/aelbienetre.fr\/index.php\/produit\/savon-marbre\/#primaryimage"},"thumbnailUrl":"https:\/\/aelbienetre.fr\/wp-content\/uploads\/2023\/03\/savon-bord-de-mer-exfoliant-romarin-1-e1689525874184.jpg","datePublished":"2023-03-19T13:47:06+00:00","dateModified":"2024-12-17T17:31:37+00:00","breadcrumb":{"@id":"https:\/\/aelbienetre.fr\/index.php\/produit\/savon-marbre\/#breadcrumb"},"inLanguage":"fr-FR","potentialAction":[{"@type":"ReadAction","target":["https:\/\/aelbienetre.fr\/index.php\/produit\/savon-marbre\/"]}]},{"@type":"ImageObject","inLanguage":"fr-FR","@id":"https:\/\/aelbienetre.fr\/index.php\/produit\/savon-marbre\/#primaryimage","url":"https:\/\/aelbienetre.fr\/wp-content\/uploads\/2023\/03\/savon-bord-de-mer-exfoliant-romarin-1-e1689525874184.jpg","contentUrl":"https:\/\/aelbienetre.fr\/wp-content\/uploads\/2023\/03\/savon-bord-de-mer-exfoliant-romarin-1-e1689525874184.jpg","width":800,"height":800,"caption":"Savon"},{"@type":"BreadcrumbList","@id":"https:\/\/aelbienetre.fr\/index.php\/produit\/savon-marbre\/#breadcrumb","itemListElement":[{"@type":"ListItem","position":1,"name":"Produits d\u00e9tente","item":"https:\/\/aelbienetre.fr\/index.php\/boutique\/"},{"@type":"ListItem","position":2,"name":"Savon marbr\u00e9"}]},{"@type":"WebSite","@id":"https:\/\/aelbienetre.fr\/#website","url":"https:\/\/aelbienetre.fr\/","name":"Ael Bien-\u00eatre","description":"Produits de bien-\u00eatre pour la douche et le bain","publisher":{"@id":"https:\/\/aelbienetre.fr\/#organization"},"potentialAction":[{"@type":"SearchAction","target":{"@type":"EntryPoint","urlTemplate":"https:\/\/aelbienetre.fr\/?s={search_term_string}"},"query-input":"required name=search_term_string"}],"inLanguage":"fr-FR"},{"@type":"Organization","@id":"https:\/\/aelbienetre.fr\/#organization","name":"Ael Bien-\u00eatre","url":"https:\/\/aelbienetre.fr\/","logo":{"@type":"ImageObject","inLanguage":"fr-FR","@id":"https:\/\/aelbienetre.fr\/#\/schema\/logo\/image\/","url":"https:\/\/aelbienetre.fr\/wp-content\/uploads\/2023\/03\/Logo.png","contentUrl":"https:\/\/aelbienetre.fr\/wp-content\/uploads\/2023\/03\/Logo.png","width":1200,"height":950,"caption":"Ael Bien-\u00eatre"},"image":{"@id":"https:\/\/aelbienetre.fr\/#\/schema\/logo\/image\/"},"sameAs":["https:\/\/www.facebook.com\/profile.php?id=100089567651182","https:\/\/www.pinterest.fr\/aelbienetre\/","https:\/\/www.instagram.com\/aelbienetre\/"]}]}},"jetpack_sharing_enabled":true,"jetpack-related-posts":[],"_links":{"self":[{"href":"https:\/\/aelbienetre.fr\/index.php\/wp-json\/wp\/v2\/product\/1395"}],"collection":[{"href":"https:\/\/aelbienetre.fr\/index.php\/wp-json\/wp\/v2\/product"}],"about":[{"href":"https:\/\/aelbienetre.fr\/index.php\/wp-json\/wp\/v2\/types\/product"}],"replies":[{"embeddable":true,"href":"https:\/\/aelbienetre.fr\/index.php\/wp-json\/wp\/v2\/comments?post=1395"}],"version-history":[{"count":2,"href":"https:\/\/aelbienetre.fr\/index.php\/wp-json\/wp\/v2\/product\/1395\/revisions"}],"predecessor-version":[{"id":2670,"href":"https:\/\/aelbienetre.fr\/index.php\/wp-json\/wp\/v2\/product\/1395\/revisions\/2670"}],"wp:featuredmedia":[{"embeddable":true,"href":"https:\/\/aelbienetre.fr\/index.php\/wp-json\/wp\/v2\/media\/1556"}],"wp:attachment":[{"href":"https:\/\/aelbienetre.fr\/index.php\/wp-json\/wp\/v2\/media?parent=1395"}],"wp:term":[{"taxonomy":"product_cat","embeddable":true,"href":"https:\/\/aelbienetre.fr\/index.php\/wp-json\/wp\/v2\/product_cat?post=1395"},{"taxonomy":"product_tag","embeddable":true,"href":"https:\/\/aelbienetre.fr\/index.php\/wp-json\/wp\/v2\/product_tag?post=1395"}],"curies":[{"name":"wp","href":"https:\/\/api.w.org\/{rel}","templated":true}]}}