{"id":1376,"date":"2023-03-19T14:47:05","date_gmt":"2023-03-19T13:47:05","guid":{"rendered":"https:\/\/aelbienetre.fr\/?post_type=product&#038;p=1376"},"modified":"2024-05-18T14:12:33","modified_gmt":"2024-05-18T12:12:33","slug":"savon-glycerine-coeur","status":"publish","type":"product","link":"https:\/\/aelbienetre.fr\/index.php\/produit\/savon-glycerine-coeur\/","title":{"rendered":"Savon glyc\u00e9rine c\u0153ur"},"content":{"rendered":"<p>Chaque savon c\u0153ur est fabriqu\u00e9 \u00e0 la main, incorporant des parfums aussi inhabituels que raffin\u00e9s. La base de glyc\u00e9rine, combin\u00e9e aux huiles v\u00e9g\u00e9tales, assure une hydratation profonde de la peau.<\/p>\n<p>Fabrication artisanale en UE.<\/p>\n","protected":false},"excerpt":{"rendered":"<p>Chaque savon c\u0153ur est fabriqu\u00e9 \u00e0 la main, incorporant des parfums aussi inhabituels que raffin\u00e9s. La base de glyc\u00e9rine, combin\u00e9e aux huiles v\u00e9g\u00e9tales, assure une hydratation profonde de la peau. Fabrication artisanale en UE.<\/p>\n","protected":false},"featured_media":1760,"comment_status":"open","ping_status":"closed","template":"","meta":[],"product_cat":[22],"product_tag":[],"yoast_head":"<!-- This site is optimized with the Yoast SEO plugin v23.2 - https:\/\/yoast.com\/wordpress\/plugins\/seo\/ -->\n<title>Savon glyc\u00e9rine c\u0153ur - Ael Bien-\u00eatre<\/title>\n<meta name=\"robots\" content=\"index, follow, max-snippet:-1, max-image-preview:large, max-video-preview:-1\" \/>\n<link rel=\"canonical\" href=\"https:\/\/aelbienetre.fr\/index.php\/produit\/savon-glycerine-coeur\/\" \/>\n<meta property=\"og:locale\" content=\"fr_FR\" \/>\n<meta property=\"og:type\" content=\"article\" \/>\n<meta property=\"og:title\" content=\"Savon glyc\u00e9rine c\u0153ur - Ael Bien-\u00eatre\" \/>\n<meta property=\"og:description\" content=\"Chaque savon c\u0153ur est fabriqu\u00e9 \u00e0 la main, incorporant des parfums aussi inhabituels que raffin\u00e9s. La base de glyc\u00e9rine, combin\u00e9e aux huiles v\u00e9g\u00e9tales, assure une hydratation profonde de la peau. Fabrication artisanale en UE.\" \/>\n<meta property=\"og:url\" content=\"https:\/\/aelbienetre.fr\/index.php\/produit\/savon-glycerine-coeur\/\" \/>\n<meta property=\"og:site_name\" content=\"Ael Bien-\u00eatre\" \/>\n<meta property=\"article:publisher\" content=\"https:\/\/www.facebook.com\/profile.php?id=100089567651182\" \/>\n<meta property=\"article:modified_time\" content=\"2024-05-18T12:12:33+00:00\" \/>\n<meta property=\"og:image\" content=\"https:\/\/aelbienetre.fr\/wp-content\/uploads\/2023\/03\/savon-glycerine-coeur-ananas.png\" \/>\n\t<meta property=\"og:image:width\" content=\"600\" \/>\n\t<meta property=\"og:image:height\" content=\"600\" \/>\n\t<meta property=\"og:image:type\" content=\"image\/png\" \/>\n<meta name=\"twitter:card\" content=\"summary_large_image\" \/>\n<meta name=\"twitter:label1\" content=\"Dur\u00e9e de lecture estim\u00e9e\" \/>\n\t<meta name=\"twitter:data1\" content=\"1 minute\" \/>\n<script type=\"application\/ld+json\" class=\"yoast-schema-graph\">{\"@context\":\"https:\/\/schema.org\",\"@graph\":[{\"@type\":\"WebPage\",\"@id\":\"https:\/\/aelbienetre.fr\/index.php\/produit\/savon-glycerine-coeur\/\",\"url\":\"https:\/\/aelbienetre.fr\/index.php\/produit\/savon-glycerine-coeur\/\",\"name\":\"Savon glyc\u00e9rine c\u0153ur - Ael Bien-\u00eatre\",\"isPartOf\":{\"@id\":\"https:\/\/aelbienetre.fr\/#website\"},\"primaryImageOfPage\":{\"@id\":\"https:\/\/aelbienetre.fr\/index.php\/produit\/savon-glycerine-coeur\/#primaryimage\"},\"image\":{\"@id\":\"https:\/\/aelbienetre.fr\/index.php\/produit\/savon-glycerine-coeur\/#primaryimage\"},\"thumbnailUrl\":\"https:\/\/aelbienetre.fr\/wp-content\/uploads\/2023\/03\/savon-glycerine-coeur-ananas.png\",\"datePublished\":\"2023-03-19T13:47:05+00:00\",\"dateModified\":\"2024-05-18T12:12:33+00:00\",\"breadcrumb\":{\"@id\":\"https:\/\/aelbienetre.fr\/index.php\/produit\/savon-glycerine-coeur\/#breadcrumb\"},\"inLanguage\":\"fr-FR\",\"potentialAction\":[{\"@type\":\"ReadAction\",\"target\":[\"https:\/\/aelbienetre.fr\/index.php\/produit\/savon-glycerine-coeur\/\"]}]},{\"@type\":\"ImageObject\",\"inLanguage\":\"fr-FR\",\"@id\":\"https:\/\/aelbienetre.fr\/index.php\/produit\/savon-glycerine-coeur\/#primaryimage\",\"url\":\"https:\/\/aelbienetre.fr\/wp-content\/uploads\/2023\/03\/savon-glycerine-coeur-ananas.png\",\"contentUrl\":\"https:\/\/aelbienetre.fr\/wp-content\/uploads\/2023\/03\/savon-glycerine-coeur-ananas.png\",\"width\":600,\"height\":600,\"caption\":\"Savon glyc\u00e9rine\"},{\"@type\":\"BreadcrumbList\",\"@id\":\"https:\/\/aelbienetre.fr\/index.php\/produit\/savon-glycerine-coeur\/#breadcrumb\",\"itemListElement\":[{\"@type\":\"ListItem\",\"position\":1,\"name\":\"Produits d\u00e9tente\",\"item\":\"https:\/\/aelbienetre.fr\/index.php\/boutique\/\"},{\"@type\":\"ListItem\",\"position\":2,\"name\":\"Savon glyc\u00e9rine c\u0153ur\"}]},{\"@type\":\"WebSite\",\"@id\":\"https:\/\/aelbienetre.fr\/#website\",\"url\":\"https:\/\/aelbienetre.fr\/\",\"name\":\"Ael Bien-\u00eatre\",\"description\":\"Produits de bien-\u00eatre pour la douche et le bain\",\"publisher\":{\"@id\":\"https:\/\/aelbienetre.fr\/#organization\"},\"potentialAction\":[{\"@type\":\"SearchAction\",\"target\":{\"@type\":\"EntryPoint\",\"urlTemplate\":\"https:\/\/aelbienetre.fr\/?s={search_term_string}\"},\"query-input\":\"required name=search_term_string\"}],\"inLanguage\":\"fr-FR\"},{\"@type\":\"Organization\",\"@id\":\"https:\/\/aelbienetre.fr\/#organization\",\"name\":\"Ael Bien-\u00eatre\",\"url\":\"https:\/\/aelbienetre.fr\/\",\"logo\":{\"@type\":\"ImageObject\",\"inLanguage\":\"fr-FR\",\"@id\":\"https:\/\/aelbienetre.fr\/#\/schema\/logo\/image\/\",\"url\":\"https:\/\/aelbienetre.fr\/wp-content\/uploads\/2023\/03\/Logo.png\",\"contentUrl\":\"https:\/\/aelbienetre.fr\/wp-content\/uploads\/2023\/03\/Logo.png\",\"width\":1200,\"height\":950,\"caption\":\"Ael Bien-\u00eatre\"},\"image\":{\"@id\":\"https:\/\/aelbienetre.fr\/#\/schema\/logo\/image\/\"},\"sameAs\":[\"https:\/\/www.facebook.com\/profile.php?id=100089567651182\",\"https:\/\/www.pinterest.fr\/aelbienetre\/\",\"https:\/\/www.instagram.com\/aelbienetre\/\"]}]}<\/script>\n<!-- \/ Yoast SEO plugin. -->","yoast_head_json":{"title":"Savon glyc\u00e9rine c\u0153ur - Ael Bien-\u00eatre","robots":{"index":"index","follow":"follow","max-snippet":"max-snippet:-1","max-image-preview":"max-image-preview:large","max-video-preview":"max-video-preview:-1"},"canonical":"https:\/\/aelbienetre.fr\/index.php\/produit\/savon-glycerine-coeur\/","og_locale":"fr_FR","og_type":"article","og_title":"Savon glyc\u00e9rine c\u0153ur - Ael Bien-\u00eatre","og_description":"Chaque savon c\u0153ur est fabriqu\u00e9 \u00e0 la main, incorporant des parfums aussi inhabituels que raffin\u00e9s. La base de glyc\u00e9rine, combin\u00e9e aux huiles v\u00e9g\u00e9tales, assure une hydratation profonde de la peau. Fabrication artisanale en UE.","og_url":"https:\/\/aelbienetre.fr\/index.php\/produit\/savon-glycerine-coeur\/","og_site_name":"Ael Bien-\u00eatre","article_publisher":"https:\/\/www.facebook.com\/profile.php?id=100089567651182","article_modified_time":"2024-05-18T12:12:33+00:00","og_image":[{"width":600,"height":600,"url":"https:\/\/aelbienetre.fr\/wp-content\/uploads\/2023\/03\/savon-glycerine-coeur-ananas.png","type":"image\/png"}],"twitter_card":"summary_large_image","twitter_misc":{"Dur\u00e9e de lecture estim\u00e9e":"1 minute"},"schema":{"@context":"https:\/\/schema.org","@graph":[{"@type":"WebPage","@id":"https:\/\/aelbienetre.fr\/index.php\/produit\/savon-glycerine-coeur\/","url":"https:\/\/aelbienetre.fr\/index.php\/produit\/savon-glycerine-coeur\/","name":"Savon glyc\u00e9rine c\u0153ur - Ael Bien-\u00eatre","isPartOf":{"@id":"https:\/\/aelbienetre.fr\/#website"},"primaryImageOfPage":{"@id":"https:\/\/aelbienetre.fr\/index.php\/produit\/savon-glycerine-coeur\/#primaryimage"},"image":{"@id":"https:\/\/aelbienetre.fr\/index.php\/produit\/savon-glycerine-coeur\/#primaryimage"},"thumbnailUrl":"https:\/\/aelbienetre.fr\/wp-content\/uploads\/2023\/03\/savon-glycerine-coeur-ananas.png","datePublished":"2023-03-19T13:47:05+00:00","dateModified":"2024-05-18T12:12:33+00:00","breadcrumb":{"@id":"https:\/\/aelbienetre.fr\/index.php\/produit\/savon-glycerine-coeur\/#breadcrumb"},"inLanguage":"fr-FR","potentialAction":[{"@type":"ReadAction","target":["https:\/\/aelbienetre.fr\/index.php\/produit\/savon-glycerine-coeur\/"]}]},{"@type":"ImageObject","inLanguage":"fr-FR","@id":"https:\/\/aelbienetre.fr\/index.php\/produit\/savon-glycerine-coeur\/#primaryimage","url":"https:\/\/aelbienetre.fr\/wp-content\/uploads\/2023\/03\/savon-glycerine-coeur-ananas.png","contentUrl":"https:\/\/aelbienetre.fr\/wp-content\/uploads\/2023\/03\/savon-glycerine-coeur-ananas.png","width":600,"height":600,"caption":"Savon glyc\u00e9rine"},{"@type":"BreadcrumbList","@id":"https:\/\/aelbienetre.fr\/index.php\/produit\/savon-glycerine-coeur\/#breadcrumb","itemListElement":[{"@type":"ListItem","position":1,"name":"Produits d\u00e9tente","item":"https:\/\/aelbienetre.fr\/index.php\/boutique\/"},{"@type":"ListItem","position":2,"name":"Savon glyc\u00e9rine c\u0153ur"}]},{"@type":"WebSite","@id":"https:\/\/aelbienetre.fr\/#website","url":"https:\/\/aelbienetre.fr\/","name":"Ael Bien-\u00eatre","description":"Produits de bien-\u00eatre pour la douche et le bain","publisher":{"@id":"https:\/\/aelbienetre.fr\/#organization"},"potentialAction":[{"@type":"SearchAction","target":{"@type":"EntryPoint","urlTemplate":"https:\/\/aelbienetre.fr\/?s={search_term_string}"},"query-input":"required name=search_term_string"}],"inLanguage":"fr-FR"},{"@type":"Organization","@id":"https:\/\/aelbienetre.fr\/#organization","name":"Ael Bien-\u00eatre","url":"https:\/\/aelbienetre.fr\/","logo":{"@type":"ImageObject","inLanguage":"fr-FR","@id":"https:\/\/aelbienetre.fr\/#\/schema\/logo\/image\/","url":"https:\/\/aelbienetre.fr\/wp-content\/uploads\/2023\/03\/Logo.png","contentUrl":"https:\/\/aelbienetre.fr\/wp-content\/uploads\/2023\/03\/Logo.png","width":1200,"height":950,"caption":"Ael Bien-\u00eatre"},"image":{"@id":"https:\/\/aelbienetre.fr\/#\/schema\/logo\/image\/"},"sameAs":["https:\/\/www.facebook.com\/profile.php?id=100089567651182","https:\/\/www.pinterest.fr\/aelbienetre\/","https:\/\/www.instagram.com\/aelbienetre\/"]}]}},"jetpack_sharing_enabled":true,"jetpack-related-posts":[],"_links":{"self":[{"href":"https:\/\/aelbienetre.fr\/index.php\/wp-json\/wp\/v2\/product\/1376"}],"collection":[{"href":"https:\/\/aelbienetre.fr\/index.php\/wp-json\/wp\/v2\/product"}],"about":[{"href":"https:\/\/aelbienetre.fr\/index.php\/wp-json\/wp\/v2\/types\/product"}],"replies":[{"embeddable":true,"href":"https:\/\/aelbienetre.fr\/index.php\/wp-json\/wp\/v2\/comments?post=1376"}],"version-history":[{"count":3,"href":"https:\/\/aelbienetre.fr\/index.php\/wp-json\/wp\/v2\/product\/1376\/revisions"}],"predecessor-version":[{"id":3555,"href":"https:\/\/aelbienetre.fr\/index.php\/wp-json\/wp\/v2\/product\/1376\/revisions\/3555"}],"wp:featuredmedia":[{"embeddable":true,"href":"https:\/\/aelbienetre.fr\/index.php\/wp-json\/wp\/v2\/media\/1760"}],"wp:attachment":[{"href":"https:\/\/aelbienetre.fr\/index.php\/wp-json\/wp\/v2\/media?parent=1376"}],"wp:term":[{"taxonomy":"product_cat","embeddable":true,"href":"https:\/\/aelbienetre.fr\/index.php\/wp-json\/wp\/v2\/product_cat?post=1376"},{"taxonomy":"product_tag","embeddable":true,"href":"https:\/\/aelbienetre.fr\/index.php\/wp-json\/wp\/v2\/product_tag?post=1376"}],"curies":[{"name":"wp","href":"https:\/\/api.w.org\/{rel}","templated":true}]}}