{"id":1346,"date":"2023-03-19T14:46:58","date_gmt":"2023-03-19T13:46:58","guid":{"rendered":"https:\/\/aelbienetre.fr\/?post_type=product&#038;p=1346"},"modified":"2026-03-14T10:50:49","modified_gmt":"2026-03-14T09:50:49","slug":"savon-bio-au-lait-danesse","status":"publish","type":"product","link":"https:\/\/aelbienetre.fr\/index.php\/produit\/savon-bio-au-lait-danesse\/","title":{"rendered":"Savon bio au lait d&#8217;\u00e2nesse"},"content":{"rendered":"<p>Nourrissant, hydratant, tenseur pour la peau et riche en vitamines A, B, C, D, E.<\/p>\n<p><strong>Le lait d&#8217;\u00e2nesse <\/strong>constitue un remarquable agent hydratant gr\u00e2ce \u00e0 ses acides gras essentiels. Il favorise le maintien de l&#8217;\u00e9quilibre hydrique cutan\u00e9, pr\u00e9venant ainsi la d\u00e9shydratation. Les acides gras contribuent \u00e9galement \u00e0 la r\u00e9g\u00e9n\u00e9ration cellulaire, att\u00e9nuant visiblement les rides et les imperfections. Les composants stimulant la production de collag\u00e8ne offrent une action anti-\u00e2ge, pr\u00e9servant l&#8217;\u00e9lasticit\u00e9 de la peau et r\u00e9duisant les signes du vieillissement. Les antioxydants pr\u00e9sents dans le lait d&#8217;\u00e2nesse prot\u00e8gent la peau des radicaux libres.<\/p>\n<p>En ce qui concerne les peaux sensibles et irrit\u00e9es, ce type de lait a des propri\u00e9t\u00e9s anti-inflammatoires et apaisantes, il est fortement recommand\u00e9 pour soulager des probl\u00e8mes cutan\u00e9s tels que l&#8217;ecz\u00e9ma et le psoriasis.<\/p>\n<p>&nbsp;<\/p>\n<p>Le savon \u00e0 l&#8217;abricot est l\u00e9g\u00e8rement exfoliant.<\/p>\n<p>&nbsp;<\/p>\n<p>COSMOS ORGANIC certifi\u00e9 par Ecocert Greenlife selon le r\u00e9f\u00e9rentiel COSMOS\u00a0( 68% du total des ingr\u00e9dients sont issus de l\u2019Agriculture Biologique 99,99% du total est d\u2019origine naturelle).<\/p>\n<p>Fabrication artisanale en UE : la couleur ou le design peut \u00eatre l\u00e9g\u00e8rement diff\u00e9rent de la photo.<\/p>\n","protected":false},"excerpt":{"rendered":"<p>Nourrissant, hydratant, tenseur pour la peau et riche en vitamines A, B, C, D, E. Le lait d&#8217;\u00e2nesse constitue un remarquable agent hydratant gr\u00e2ce \u00e0 ses acides gras essentiels. Il favorise le maintien de l&#8217;\u00e9quilibre hydrique cutan\u00e9, pr\u00e9venant ainsi la d\u00e9shydratation. Les acides gras contribuent \u00e9galement \u00e0 la r\u00e9g\u00e9n\u00e9ration cellulaire, att\u00e9nuant visiblement les rides et [&hellip;]<\/p>\n","protected":false},"featured_media":1784,"comment_status":"open","ping_status":"closed","template":"","meta":[],"product_cat":[22],"product_tag":[],"yoast_head":"<!-- This site is optimized with the Yoast SEO plugin v23.2 - https:\/\/yoast.com\/wordpress\/plugins\/seo\/ -->\n<title>Savon bio au lait d&#039;\u00e2nesse - Ael Bien-\u00eatre<\/title>\n<meta name=\"robots\" content=\"index, follow, max-snippet:-1, max-image-preview:large, max-video-preview:-1\" \/>\n<link rel=\"canonical\" href=\"https:\/\/aelbienetre.fr\/index.php\/produit\/savon-bio-au-lait-danesse\/\" \/>\n<meta property=\"og:locale\" content=\"fr_FR\" \/>\n<meta property=\"og:type\" content=\"article\" \/>\n<meta property=\"og:title\" content=\"Savon bio au lait d&#039;\u00e2nesse - Ael Bien-\u00eatre\" \/>\n<meta property=\"og:description\" content=\"Nourrissant, hydratant, tenseur pour la peau et riche en vitamines A, B, C, D, E. Le lait d&#8217;\u00e2nesse constitue un remarquable agent hydratant gr\u00e2ce \u00e0 ses acides gras essentiels. Il favorise le maintien de l&#8217;\u00e9quilibre hydrique cutan\u00e9, pr\u00e9venant ainsi la d\u00e9shydratation. Les acides gras contribuent \u00e9galement \u00e0 la r\u00e9g\u00e9n\u00e9ration cellulaire, att\u00e9nuant visiblement les rides et [&hellip;]\" \/>\n<meta property=\"og:url\" content=\"https:\/\/aelbienetre.fr\/index.php\/produit\/savon-bio-au-lait-danesse\/\" \/>\n<meta property=\"og:site_name\" content=\"Ael Bien-\u00eatre\" \/>\n<meta property=\"article:publisher\" content=\"https:\/\/www.facebook.com\/profile.php?id=100089567651182\" \/>\n<meta property=\"article:modified_time\" content=\"2026-03-14T09:50:49+00:00\" \/>\n<meta property=\"og:image\" content=\"https:\/\/aelbienetre.fr\/wp-content\/uploads\/2023\/03\/savons-issu-de-l-agriculture-biologique-certifie-par-ecocert-fr-bio-lait-d-anesse.jpg\" \/>\n\t<meta property=\"og:image:width\" content=\"600\" \/>\n\t<meta property=\"og:image:height\" content=\"600\" \/>\n\t<meta property=\"og:image:type\" content=\"image\/jpeg\" \/>\n<meta name=\"twitter:card\" content=\"summary_large_image\" \/>\n<meta name=\"twitter:label1\" content=\"Dur\u00e9e de lecture estim\u00e9e\" \/>\n\t<meta name=\"twitter:data1\" content=\"2 minutes\" \/>\n<script type=\"application\/ld+json\" class=\"yoast-schema-graph\">{\"@context\":\"https:\/\/schema.org\",\"@graph\":[{\"@type\":\"WebPage\",\"@id\":\"https:\/\/aelbienetre.fr\/index.php\/produit\/savon-bio-au-lait-danesse\/\",\"url\":\"https:\/\/aelbienetre.fr\/index.php\/produit\/savon-bio-au-lait-danesse\/\",\"name\":\"Savon bio au lait d'\u00e2nesse - Ael Bien-\u00eatre\",\"isPartOf\":{\"@id\":\"https:\/\/aelbienetre.fr\/#website\"},\"primaryImageOfPage\":{\"@id\":\"https:\/\/aelbienetre.fr\/index.php\/produit\/savon-bio-au-lait-danesse\/#primaryimage\"},\"image\":{\"@id\":\"https:\/\/aelbienetre.fr\/index.php\/produit\/savon-bio-au-lait-danesse\/#primaryimage\"},\"thumbnailUrl\":\"https:\/\/aelbienetre.fr\/wp-content\/uploads\/2023\/03\/savons-issu-de-l-agriculture-biologique-certifie-par-ecocert-fr-bio-lait-d-anesse.jpg\",\"datePublished\":\"2023-03-19T13:46:58+00:00\",\"dateModified\":\"2026-03-14T09:50:49+00:00\",\"breadcrumb\":{\"@id\":\"https:\/\/aelbienetre.fr\/index.php\/produit\/savon-bio-au-lait-danesse\/#breadcrumb\"},\"inLanguage\":\"fr-FR\",\"potentialAction\":[{\"@type\":\"ReadAction\",\"target\":[\"https:\/\/aelbienetre.fr\/index.php\/produit\/savon-bio-au-lait-danesse\/\"]}]},{\"@type\":\"ImageObject\",\"inLanguage\":\"fr-FR\",\"@id\":\"https:\/\/aelbienetre.fr\/index.php\/produit\/savon-bio-au-lait-danesse\/#primaryimage\",\"url\":\"https:\/\/aelbienetre.fr\/wp-content\/uploads\/2023\/03\/savons-issu-de-l-agriculture-biologique-certifie-par-ecocert-fr-bio-lait-d-anesse.jpg\",\"contentUrl\":\"https:\/\/aelbienetre.fr\/wp-content\/uploads\/2023\/03\/savons-issu-de-l-agriculture-biologique-certifie-par-ecocert-fr-bio-lait-d-anesse.jpg\",\"width\":600,\"height\":600,\"caption\":\"Savon bio\"},{\"@type\":\"BreadcrumbList\",\"@id\":\"https:\/\/aelbienetre.fr\/index.php\/produit\/savon-bio-au-lait-danesse\/#breadcrumb\",\"itemListElement\":[{\"@type\":\"ListItem\",\"position\":1,\"name\":\"Produits d\u00e9tente\",\"item\":\"https:\/\/aelbienetre.fr\/index.php\/boutique\/\"},{\"@type\":\"ListItem\",\"position\":2,\"name\":\"Savon bio au lait d&#8217;\u00e2nesse\"}]},{\"@type\":\"WebSite\",\"@id\":\"https:\/\/aelbienetre.fr\/#website\",\"url\":\"https:\/\/aelbienetre.fr\/\",\"name\":\"Ael Bien-\u00eatre\",\"description\":\"Produits de bien-\u00eatre pour la douche et le bain\",\"publisher\":{\"@id\":\"https:\/\/aelbienetre.fr\/#organization\"},\"potentialAction\":[{\"@type\":\"SearchAction\",\"target\":{\"@type\":\"EntryPoint\",\"urlTemplate\":\"https:\/\/aelbienetre.fr\/?s={search_term_string}\"},\"query-input\":\"required name=search_term_string\"}],\"inLanguage\":\"fr-FR\"},{\"@type\":\"Organization\",\"@id\":\"https:\/\/aelbienetre.fr\/#organization\",\"name\":\"Ael Bien-\u00eatre\",\"url\":\"https:\/\/aelbienetre.fr\/\",\"logo\":{\"@type\":\"ImageObject\",\"inLanguage\":\"fr-FR\",\"@id\":\"https:\/\/aelbienetre.fr\/#\/schema\/logo\/image\/\",\"url\":\"https:\/\/aelbienetre.fr\/wp-content\/uploads\/2023\/03\/Logo.png\",\"contentUrl\":\"https:\/\/aelbienetre.fr\/wp-content\/uploads\/2023\/03\/Logo.png\",\"width\":1200,\"height\":950,\"caption\":\"Ael Bien-\u00eatre\"},\"image\":{\"@id\":\"https:\/\/aelbienetre.fr\/#\/schema\/logo\/image\/\"},\"sameAs\":[\"https:\/\/www.facebook.com\/profile.php?id=100089567651182\",\"https:\/\/www.pinterest.fr\/aelbienetre\/\",\"https:\/\/www.instagram.com\/aelbienetre\/\"]}]}<\/script>\n<!-- \/ Yoast SEO plugin. -->","yoast_head_json":{"title":"Savon bio au lait d'\u00e2nesse - Ael Bien-\u00eatre","robots":{"index":"index","follow":"follow","max-snippet":"max-snippet:-1","max-image-preview":"max-image-preview:large","max-video-preview":"max-video-preview:-1"},"canonical":"https:\/\/aelbienetre.fr\/index.php\/produit\/savon-bio-au-lait-danesse\/","og_locale":"fr_FR","og_type":"article","og_title":"Savon bio au lait d'\u00e2nesse - Ael Bien-\u00eatre","og_description":"Nourrissant, hydratant, tenseur pour la peau et riche en vitamines A, B, C, D, E. Le lait d&#8217;\u00e2nesse constitue un remarquable agent hydratant gr\u00e2ce \u00e0 ses acides gras essentiels. Il favorise le maintien de l&#8217;\u00e9quilibre hydrique cutan\u00e9, pr\u00e9venant ainsi la d\u00e9shydratation. Les acides gras contribuent \u00e9galement \u00e0 la r\u00e9g\u00e9n\u00e9ration cellulaire, att\u00e9nuant visiblement les rides et [&hellip;]","og_url":"https:\/\/aelbienetre.fr\/index.php\/produit\/savon-bio-au-lait-danesse\/","og_site_name":"Ael Bien-\u00eatre","article_publisher":"https:\/\/www.facebook.com\/profile.php?id=100089567651182","article_modified_time":"2026-03-14T09:50:49+00:00","og_image":[{"width":600,"height":600,"url":"https:\/\/aelbienetre.fr\/wp-content\/uploads\/2023\/03\/savons-issu-de-l-agriculture-biologique-certifie-par-ecocert-fr-bio-lait-d-anesse.jpg","type":"image\/jpeg"}],"twitter_card":"summary_large_image","twitter_misc":{"Dur\u00e9e de lecture estim\u00e9e":"2 minutes"},"schema":{"@context":"https:\/\/schema.org","@graph":[{"@type":"WebPage","@id":"https:\/\/aelbienetre.fr\/index.php\/produit\/savon-bio-au-lait-danesse\/","url":"https:\/\/aelbienetre.fr\/index.php\/produit\/savon-bio-au-lait-danesse\/","name":"Savon bio au lait d'\u00e2nesse - Ael Bien-\u00eatre","isPartOf":{"@id":"https:\/\/aelbienetre.fr\/#website"},"primaryImageOfPage":{"@id":"https:\/\/aelbienetre.fr\/index.php\/produit\/savon-bio-au-lait-danesse\/#primaryimage"},"image":{"@id":"https:\/\/aelbienetre.fr\/index.php\/produit\/savon-bio-au-lait-danesse\/#primaryimage"},"thumbnailUrl":"https:\/\/aelbienetre.fr\/wp-content\/uploads\/2023\/03\/savons-issu-de-l-agriculture-biologique-certifie-par-ecocert-fr-bio-lait-d-anesse.jpg","datePublished":"2023-03-19T13:46:58+00:00","dateModified":"2026-03-14T09:50:49+00:00","breadcrumb":{"@id":"https:\/\/aelbienetre.fr\/index.php\/produit\/savon-bio-au-lait-danesse\/#breadcrumb"},"inLanguage":"fr-FR","potentialAction":[{"@type":"ReadAction","target":["https:\/\/aelbienetre.fr\/index.php\/produit\/savon-bio-au-lait-danesse\/"]}]},{"@type":"ImageObject","inLanguage":"fr-FR","@id":"https:\/\/aelbienetre.fr\/index.php\/produit\/savon-bio-au-lait-danesse\/#primaryimage","url":"https:\/\/aelbienetre.fr\/wp-content\/uploads\/2023\/03\/savons-issu-de-l-agriculture-biologique-certifie-par-ecocert-fr-bio-lait-d-anesse.jpg","contentUrl":"https:\/\/aelbienetre.fr\/wp-content\/uploads\/2023\/03\/savons-issu-de-l-agriculture-biologique-certifie-par-ecocert-fr-bio-lait-d-anesse.jpg","width":600,"height":600,"caption":"Savon bio"},{"@type":"BreadcrumbList","@id":"https:\/\/aelbienetre.fr\/index.php\/produit\/savon-bio-au-lait-danesse\/#breadcrumb","itemListElement":[{"@type":"ListItem","position":1,"name":"Produits d\u00e9tente","item":"https:\/\/aelbienetre.fr\/index.php\/boutique\/"},{"@type":"ListItem","position":2,"name":"Savon bio au lait d&#8217;\u00e2nesse"}]},{"@type":"WebSite","@id":"https:\/\/aelbienetre.fr\/#website","url":"https:\/\/aelbienetre.fr\/","name":"Ael Bien-\u00eatre","description":"Produits de bien-\u00eatre pour la douche et le bain","publisher":{"@id":"https:\/\/aelbienetre.fr\/#organization"},"potentialAction":[{"@type":"SearchAction","target":{"@type":"EntryPoint","urlTemplate":"https:\/\/aelbienetre.fr\/?s={search_term_string}"},"query-input":"required name=search_term_string"}],"inLanguage":"fr-FR"},{"@type":"Organization","@id":"https:\/\/aelbienetre.fr\/#organization","name":"Ael Bien-\u00eatre","url":"https:\/\/aelbienetre.fr\/","logo":{"@type":"ImageObject","inLanguage":"fr-FR","@id":"https:\/\/aelbienetre.fr\/#\/schema\/logo\/image\/","url":"https:\/\/aelbienetre.fr\/wp-content\/uploads\/2023\/03\/Logo.png","contentUrl":"https:\/\/aelbienetre.fr\/wp-content\/uploads\/2023\/03\/Logo.png","width":1200,"height":950,"caption":"Ael Bien-\u00eatre"},"image":{"@id":"https:\/\/aelbienetre.fr\/#\/schema\/logo\/image\/"},"sameAs":["https:\/\/www.facebook.com\/profile.php?id=100089567651182","https:\/\/www.pinterest.fr\/aelbienetre\/","https:\/\/www.instagram.com\/aelbienetre\/"]}]}},"jetpack_sharing_enabled":true,"jetpack-related-posts":[],"_links":{"self":[{"href":"https:\/\/aelbienetre.fr\/index.php\/wp-json\/wp\/v2\/product\/1346"}],"collection":[{"href":"https:\/\/aelbienetre.fr\/index.php\/wp-json\/wp\/v2\/product"}],"about":[{"href":"https:\/\/aelbienetre.fr\/index.php\/wp-json\/wp\/v2\/types\/product"}],"replies":[{"embeddable":true,"href":"https:\/\/aelbienetre.fr\/index.php\/wp-json\/wp\/v2\/comments?post=1346"}],"version-history":[{"count":3,"href":"https:\/\/aelbienetre.fr\/index.php\/wp-json\/wp\/v2\/product\/1346\/revisions"}],"predecessor-version":[{"id":3580,"href":"https:\/\/aelbienetre.fr\/index.php\/wp-json\/wp\/v2\/product\/1346\/revisions\/3580"}],"wp:featuredmedia":[{"embeddable":true,"href":"https:\/\/aelbienetre.fr\/index.php\/wp-json\/wp\/v2\/media\/1784"}],"wp:attachment":[{"href":"https:\/\/aelbienetre.fr\/index.php\/wp-json\/wp\/v2\/media?parent=1346"}],"wp:term":[{"taxonomy":"product_cat","embeddable":true,"href":"https:\/\/aelbienetre.fr\/index.php\/wp-json\/wp\/v2\/product_cat?post=1346"},{"taxonomy":"product_tag","embeddable":true,"href":"https:\/\/aelbienetre.fr\/index.php\/wp-json\/wp\/v2\/product_tag?post=1346"}],"curies":[{"name":"wp","href":"https:\/\/api.w.org\/{rel}","templated":true}]}}