{"id":1258,"date":"2023-03-19T14:46:42","date_gmt":"2023-03-19T13:46:42","guid":{"rendered":"https:\/\/aelbienetre.fr\/?post_type=product&#038;p=1258"},"modified":"2024-03-29T00:11:03","modified_gmt":"2024-03-28T23:11:03","slug":"kit-jambes-legeres","status":"publish","type":"product","link":"https:\/\/aelbienetre.fr\/index.php\/produit\/kit-jambes-legeres\/","title":{"rendered":"Kit jambes l\u00e9g\u00e8res"},"content":{"rendered":"<p>Adoptez le kit &#8220;Jambes L\u00e9g\u00e8res&#8221; aux huiles essentielles, pour des Breizh gambettes toutes l\u00e9g\u00e8res !<\/p>\n<p>&nbsp;<\/p>\n<p>Sel de bain sp\u00e9cial bain de pieds &#8220;Jambes L\u00e9g\u00e8res&#8221;- 140g<\/p>\n<p>Aux huiles essentielles de Menthe poivr\u00e9e et d&#8217;Eucalyptus, pour une relaxation optimale.<\/p>\n<p>&nbsp;<\/p>\n<p>Huile de massage &#8220;Jambes L\u00e9g\u00e8res&#8221;- 80ml<\/p>\n<p>Aux huiles essentielles de Gaulth\u00e9rie, de Menthe poivr\u00e9e, de Cypr\u00e8s et de Romarin et aux cristaux de Menthol et au mac\u00e9rat de vigne rouge, favorise la circulation sanguine et la d\u00e9congestion veineuse.<\/p>\n<p>&nbsp;<\/p>\n<p>Produit en Bretagne<\/p>\n","protected":false},"excerpt":{"rendered":"<p>Adoptez le kit &#8220;Jambes L\u00e9g\u00e8res&#8221; aux huiles essentielles, pour des Breizh gambettes toutes l\u00e9g\u00e8res ! &nbsp; Sel de bain sp\u00e9cial bain de pieds &#8220;Jambes L\u00e9g\u00e8res&#8221;- 140g Aux huiles essentielles de Menthe poivr\u00e9e et d&#8217;Eucalyptus, pour une relaxation optimale. &nbsp; Huile de massage &#8220;Jambes L\u00e9g\u00e8res&#8221;- 80ml Aux huiles essentielles de Gaulth\u00e9rie, de Menthe poivr\u00e9e, de Cypr\u00e8s [&hellip;]<\/p>\n","protected":false},"featured_media":1561,"comment_status":"open","ping_status":"closed","template":"","meta":[],"product_cat":[20,23],"product_tag":[],"yoast_head":"<!-- This site is optimized with the Yoast SEO plugin v23.2 - https:\/\/yoast.com\/wordpress\/plugins\/seo\/ -->\n<title>Kit jambes l\u00e9g\u00e8res - Ael Bien-\u00eatre<\/title>\n<meta name=\"robots\" content=\"index, follow, max-snippet:-1, max-image-preview:large, max-video-preview:-1\" \/>\n<link rel=\"canonical\" href=\"https:\/\/aelbienetre.fr\/index.php\/produit\/kit-jambes-legeres\/\" \/>\n<meta property=\"og:locale\" content=\"fr_FR\" \/>\n<meta property=\"og:type\" content=\"article\" \/>\n<meta property=\"og:title\" content=\"Kit jambes l\u00e9g\u00e8res - Ael Bien-\u00eatre\" \/>\n<meta property=\"og:description\" content=\"Adoptez le kit &#8220;Jambes L\u00e9g\u00e8res&#8221; aux huiles essentielles, pour des Breizh gambettes toutes l\u00e9g\u00e8res ! &nbsp; Sel de bain sp\u00e9cial bain de pieds &#8220;Jambes L\u00e9g\u00e8res&#8221;- 140g Aux huiles essentielles de Menthe poivr\u00e9e et d&#8217;Eucalyptus, pour une relaxation optimale. &nbsp; Huile de massage &#8220;Jambes L\u00e9g\u00e8res&#8221;- 80ml Aux huiles essentielles de Gaulth\u00e9rie, de Menthe poivr\u00e9e, de Cypr\u00e8s [&hellip;]\" \/>\n<meta property=\"og:url\" content=\"https:\/\/aelbienetre.fr\/index.php\/produit\/kit-jambes-legeres\/\" \/>\n<meta property=\"og:site_name\" content=\"Ael Bien-\u00eatre\" \/>\n<meta property=\"article:publisher\" content=\"https:\/\/www.facebook.com\/profile.php?id=100089567651182\" \/>\n<meta property=\"article:modified_time\" content=\"2024-03-28T23:11:03+00:00\" \/>\n<meta property=\"og:image\" content=\"https:\/\/aelbienetre.fr\/wp-content\/uploads\/2023\/03\/kit-special-jambes-legeres.png\" \/>\n\t<meta property=\"og:image:width\" content=\"800\" \/>\n\t<meta property=\"og:image:height\" content=\"800\" \/>\n\t<meta property=\"og:image:type\" content=\"image\/png\" \/>\n<meta name=\"twitter:card\" content=\"summary_large_image\" \/>\n<meta name=\"twitter:label1\" content=\"Dur\u00e9e de lecture estim\u00e9e\" \/>\n\t<meta name=\"twitter:data1\" content=\"1 minute\" \/>\n<script type=\"application\/ld+json\" class=\"yoast-schema-graph\">{\"@context\":\"https:\/\/schema.org\",\"@graph\":[{\"@type\":\"WebPage\",\"@id\":\"https:\/\/aelbienetre.fr\/index.php\/produit\/kit-jambes-legeres\/\",\"url\":\"https:\/\/aelbienetre.fr\/index.php\/produit\/kit-jambes-legeres\/\",\"name\":\"Kit jambes l\u00e9g\u00e8res - Ael Bien-\u00eatre\",\"isPartOf\":{\"@id\":\"https:\/\/aelbienetre.fr\/#website\"},\"primaryImageOfPage\":{\"@id\":\"https:\/\/aelbienetre.fr\/index.php\/produit\/kit-jambes-legeres\/#primaryimage\"},\"image\":{\"@id\":\"https:\/\/aelbienetre.fr\/index.php\/produit\/kit-jambes-legeres\/#primaryimage\"},\"thumbnailUrl\":\"https:\/\/aelbienetre.fr\/wp-content\/uploads\/2023\/03\/kit-special-jambes-legeres.png\",\"datePublished\":\"2023-03-19T13:46:42+00:00\",\"dateModified\":\"2024-03-28T23:11:03+00:00\",\"breadcrumb\":{\"@id\":\"https:\/\/aelbienetre.fr\/index.php\/produit\/kit-jambes-legeres\/#breadcrumb\"},\"inLanguage\":\"fr-FR\",\"potentialAction\":[{\"@type\":\"ReadAction\",\"target\":[\"https:\/\/aelbienetre.fr\/index.php\/produit\/kit-jambes-legeres\/\"]}]},{\"@type\":\"ImageObject\",\"inLanguage\":\"fr-FR\",\"@id\":\"https:\/\/aelbienetre.fr\/index.php\/produit\/kit-jambes-legeres\/#primaryimage\",\"url\":\"https:\/\/aelbienetre.fr\/wp-content\/uploads\/2023\/03\/kit-special-jambes-legeres.png\",\"contentUrl\":\"https:\/\/aelbienetre.fr\/wp-content\/uploads\/2023\/03\/kit-special-jambes-legeres.png\",\"width\":800,\"height\":800,\"caption\":\"Sels de bain\"},{\"@type\":\"BreadcrumbList\",\"@id\":\"https:\/\/aelbienetre.fr\/index.php\/produit\/kit-jambes-legeres\/#breadcrumb\",\"itemListElement\":[{\"@type\":\"ListItem\",\"position\":1,\"name\":\"Produits d\u00e9tente\",\"item\":\"https:\/\/aelbienetre.fr\/index.php\/boutique\/\"},{\"@type\":\"ListItem\",\"position\":2,\"name\":\"Kit jambes l\u00e9g\u00e8res\"}]},{\"@type\":\"WebSite\",\"@id\":\"https:\/\/aelbienetre.fr\/#website\",\"url\":\"https:\/\/aelbienetre.fr\/\",\"name\":\"Ael Bien-\u00eatre\",\"description\":\"Produits de bien-\u00eatre pour la douche et le bain\",\"publisher\":{\"@id\":\"https:\/\/aelbienetre.fr\/#organization\"},\"potentialAction\":[{\"@type\":\"SearchAction\",\"target\":{\"@type\":\"EntryPoint\",\"urlTemplate\":\"https:\/\/aelbienetre.fr\/?s={search_term_string}\"},\"query-input\":\"required name=search_term_string\"}],\"inLanguage\":\"fr-FR\"},{\"@type\":\"Organization\",\"@id\":\"https:\/\/aelbienetre.fr\/#organization\",\"name\":\"Ael Bien-\u00eatre\",\"url\":\"https:\/\/aelbienetre.fr\/\",\"logo\":{\"@type\":\"ImageObject\",\"inLanguage\":\"fr-FR\",\"@id\":\"https:\/\/aelbienetre.fr\/#\/schema\/logo\/image\/\",\"url\":\"https:\/\/aelbienetre.fr\/wp-content\/uploads\/2023\/03\/Logo.png\",\"contentUrl\":\"https:\/\/aelbienetre.fr\/wp-content\/uploads\/2023\/03\/Logo.png\",\"width\":1200,\"height\":950,\"caption\":\"Ael Bien-\u00eatre\"},\"image\":{\"@id\":\"https:\/\/aelbienetre.fr\/#\/schema\/logo\/image\/\"},\"sameAs\":[\"https:\/\/www.facebook.com\/profile.php?id=100089567651182\",\"https:\/\/www.pinterest.fr\/aelbienetre\/\",\"https:\/\/www.instagram.com\/aelbienetre\/\"]}]}<\/script>\n<!-- \/ Yoast SEO plugin. -->","yoast_head_json":{"title":"Kit jambes l\u00e9g\u00e8res - Ael Bien-\u00eatre","robots":{"index":"index","follow":"follow","max-snippet":"max-snippet:-1","max-image-preview":"max-image-preview:large","max-video-preview":"max-video-preview:-1"},"canonical":"https:\/\/aelbienetre.fr\/index.php\/produit\/kit-jambes-legeres\/","og_locale":"fr_FR","og_type":"article","og_title":"Kit jambes l\u00e9g\u00e8res - Ael Bien-\u00eatre","og_description":"Adoptez le kit &#8220;Jambes L\u00e9g\u00e8res&#8221; aux huiles essentielles, pour des Breizh gambettes toutes l\u00e9g\u00e8res ! &nbsp; Sel de bain sp\u00e9cial bain de pieds &#8220;Jambes L\u00e9g\u00e8res&#8221;- 140g Aux huiles essentielles de Menthe poivr\u00e9e et d&#8217;Eucalyptus, pour une relaxation optimale. &nbsp; Huile de massage &#8220;Jambes L\u00e9g\u00e8res&#8221;- 80ml Aux huiles essentielles de Gaulth\u00e9rie, de Menthe poivr\u00e9e, de Cypr\u00e8s [&hellip;]","og_url":"https:\/\/aelbienetre.fr\/index.php\/produit\/kit-jambes-legeres\/","og_site_name":"Ael Bien-\u00eatre","article_publisher":"https:\/\/www.facebook.com\/profile.php?id=100089567651182","article_modified_time":"2024-03-28T23:11:03+00:00","og_image":[{"width":800,"height":800,"url":"https:\/\/aelbienetre.fr\/wp-content\/uploads\/2023\/03\/kit-special-jambes-legeres.png","type":"image\/png"}],"twitter_card":"summary_large_image","twitter_misc":{"Dur\u00e9e de lecture estim\u00e9e":"1 minute"},"schema":{"@context":"https:\/\/schema.org","@graph":[{"@type":"WebPage","@id":"https:\/\/aelbienetre.fr\/index.php\/produit\/kit-jambes-legeres\/","url":"https:\/\/aelbienetre.fr\/index.php\/produit\/kit-jambes-legeres\/","name":"Kit jambes l\u00e9g\u00e8res - Ael Bien-\u00eatre","isPartOf":{"@id":"https:\/\/aelbienetre.fr\/#website"},"primaryImageOfPage":{"@id":"https:\/\/aelbienetre.fr\/index.php\/produit\/kit-jambes-legeres\/#primaryimage"},"image":{"@id":"https:\/\/aelbienetre.fr\/index.php\/produit\/kit-jambes-legeres\/#primaryimage"},"thumbnailUrl":"https:\/\/aelbienetre.fr\/wp-content\/uploads\/2023\/03\/kit-special-jambes-legeres.png","datePublished":"2023-03-19T13:46:42+00:00","dateModified":"2024-03-28T23:11:03+00:00","breadcrumb":{"@id":"https:\/\/aelbienetre.fr\/index.php\/produit\/kit-jambes-legeres\/#breadcrumb"},"inLanguage":"fr-FR","potentialAction":[{"@type":"ReadAction","target":["https:\/\/aelbienetre.fr\/index.php\/produit\/kit-jambes-legeres\/"]}]},{"@type":"ImageObject","inLanguage":"fr-FR","@id":"https:\/\/aelbienetre.fr\/index.php\/produit\/kit-jambes-legeres\/#primaryimage","url":"https:\/\/aelbienetre.fr\/wp-content\/uploads\/2023\/03\/kit-special-jambes-legeres.png","contentUrl":"https:\/\/aelbienetre.fr\/wp-content\/uploads\/2023\/03\/kit-special-jambes-legeres.png","width":800,"height":800,"caption":"Sels de bain"},{"@type":"BreadcrumbList","@id":"https:\/\/aelbienetre.fr\/index.php\/produit\/kit-jambes-legeres\/#breadcrumb","itemListElement":[{"@type":"ListItem","position":1,"name":"Produits d\u00e9tente","item":"https:\/\/aelbienetre.fr\/index.php\/boutique\/"},{"@type":"ListItem","position":2,"name":"Kit jambes l\u00e9g\u00e8res"}]},{"@type":"WebSite","@id":"https:\/\/aelbienetre.fr\/#website","url":"https:\/\/aelbienetre.fr\/","name":"Ael Bien-\u00eatre","description":"Produits de bien-\u00eatre pour la douche et le bain","publisher":{"@id":"https:\/\/aelbienetre.fr\/#organization"},"potentialAction":[{"@type":"SearchAction","target":{"@type":"EntryPoint","urlTemplate":"https:\/\/aelbienetre.fr\/?s={search_term_string}"},"query-input":"required name=search_term_string"}],"inLanguage":"fr-FR"},{"@type":"Organization","@id":"https:\/\/aelbienetre.fr\/#organization","name":"Ael Bien-\u00eatre","url":"https:\/\/aelbienetre.fr\/","logo":{"@type":"ImageObject","inLanguage":"fr-FR","@id":"https:\/\/aelbienetre.fr\/#\/schema\/logo\/image\/","url":"https:\/\/aelbienetre.fr\/wp-content\/uploads\/2023\/03\/Logo.png","contentUrl":"https:\/\/aelbienetre.fr\/wp-content\/uploads\/2023\/03\/Logo.png","width":1200,"height":950,"caption":"Ael Bien-\u00eatre"},"image":{"@id":"https:\/\/aelbienetre.fr\/#\/schema\/logo\/image\/"},"sameAs":["https:\/\/www.facebook.com\/profile.php?id=100089567651182","https:\/\/www.pinterest.fr\/aelbienetre\/","https:\/\/www.instagram.com\/aelbienetre\/"]}]}},"jetpack_sharing_enabled":true,"jetpack-related-posts":[],"_links":{"self":[{"href":"https:\/\/aelbienetre.fr\/index.php\/wp-json\/wp\/v2\/product\/1258"}],"collection":[{"href":"https:\/\/aelbienetre.fr\/index.php\/wp-json\/wp\/v2\/product"}],"about":[{"href":"https:\/\/aelbienetre.fr\/index.php\/wp-json\/wp\/v2\/types\/product"}],"replies":[{"embeddable":true,"href":"https:\/\/aelbienetre.fr\/index.php\/wp-json\/wp\/v2\/comments?post=1258"}],"version-history":[{"count":1,"href":"https:\/\/aelbienetre.fr\/index.php\/wp-json\/wp\/v2\/product\/1258\/revisions"}],"predecessor-version":[{"id":2731,"href":"https:\/\/aelbienetre.fr\/index.php\/wp-json\/wp\/v2\/product\/1258\/revisions\/2731"}],"wp:featuredmedia":[{"embeddable":true,"href":"https:\/\/aelbienetre.fr\/index.php\/wp-json\/wp\/v2\/media\/1561"}],"wp:attachment":[{"href":"https:\/\/aelbienetre.fr\/index.php\/wp-json\/wp\/v2\/media?parent=1258"}],"wp:term":[{"taxonomy":"product_cat","embeddable":true,"href":"https:\/\/aelbienetre.fr\/index.php\/wp-json\/wp\/v2\/product_cat?post=1258"},{"taxonomy":"product_tag","embeddable":true,"href":"https:\/\/aelbienetre.fr\/index.php\/wp-json\/wp\/v2\/product_tag?post=1258"}],"curies":[{"name":"wp","href":"https:\/\/api.w.org\/{rel}","templated":true}]}}