{"id":1257,"date":"2023-03-19T14:46:41","date_gmt":"2023-03-19T13:46:41","guid":{"rendered":"https:\/\/aelbienetre.fr\/?post_type=product&#038;p=1257"},"modified":"2026-02-13T20:49:10","modified_gmt":"2026-02-13T19:49:10","slug":"huile-a-barbe","status":"publish","type":"product","link":"https:\/\/aelbienetre.fr\/index.php\/produit\/huile-a-barbe\/","title":{"rendered":"Huile \u00e0 barbe"},"content":{"rendered":"<pre class=\"western\"><span style=\"color: #000000;\"><span style=\"font-family: Times New Roman, serif;\"><span style=\"font-size: medium;\">Huile de soin pour la barbe aux huiles de Chanvre et de Ricin et aux Algues.<\/span><\/span><\/span><\/pre>\n<p align=\"LEFT\"><span style=\"color: #000000;\"><span style=\"font-family: Times New Roman, serif;\"><span style=\"font-size: medium;\">Cette huile de soin a \u00e9t\u00e9 \u00e9labor\u00e9e avec de l\u2019huile de chanvre du centre Bretagne et de l\u2019huile de ricin ainsi que des algues de L\u00e9zardrieux (C\u00f4tes d\u2019Armor) pour une barbe toute douce et assouplie et une peau apais\u00e9e sans tiraillements et d\u00e9mangeaisons. <\/span><\/span><\/span><\/p>\n<pre class=\"western\"><span style=\"color: #000000;\"><span style=\"font-family: Times New Roman, serif;\"><span style=\"font-size: medium;\">L\u2019huile de ricin favorise la pousse de la barbe et la rend brillante.<\/span><\/span><\/span>\r\n<span style=\"color: #000000;\"><span style=\"font-family: Times New Roman, serif;\"><span style=\"font-size: medium;\">Le fucus r\u00e9colt\u00e9 sur les c\u00f4tes bretonnes adoucit et apaise la peau et la barbe.<\/span><\/span><\/span>\r\n<span style=\"color: #000000;\"><span style=\"font-family: Times New Roman, serif;\"><span style=\"font-size: medium;\">L\u2019huile de Chanvre nourrit et apaise les peaux sensibles.<\/span><\/span><\/span>\r\n<\/pre>\n<p align=\"LEFT\"><span style=\"color: #000000;\"><span style=\"font-family: Times New Roman, serif;\"><span style=\"font-size: medium;\">Prenez soin de vous avec cette huile \u00e0 barbe d\u2019excellente qualit\u00e9 sp\u00e9cialement con\u00e7ue pour les hommes, avec ses vertus nourrissantes et hydratantes et son agr\u00e9able parfum.<br \/>\n<strong>Fabrication 100% artisanale et bretonne<\/strong> <\/span><\/span><\/span><\/p>\n<pre class=\"western\"><\/pre>\n<p align=\"LEFT\"><span style=\"color: #000000;\"><span style=\"font-family: Times New Roman, serif;\"><span style=\"font-size: medium;\"><strong>Poids<\/strong>\u00a0: flacon de 80ml<\/span><\/span><\/span><\/p>\n<p align=\"LEFT\"><span style=\"color: #000000;\"><span style=\"font-family: Times New Roman, serif;\"><span style=\"font-size: medium;\"><strong>Conseils d\u2019utilisation<\/strong><\/span><\/span><\/span><\/p>\n<p align=\"LEFT\"><span style=\"color: #000000;\"><span style=\"font-family: Times New Roman, serif;\"><span style=\"font-size: medium;\">Versez quelques gouttes d&#8217;huile dans la paume de vos mains. Chauffez- la entre vos mains.<\/span><\/span><\/span><\/p>\n<p align=\"LEFT\"><span style=\"color: #000000;\"><span style=\"font-family: Times New Roman, serif;\"><span style=\"font-size: medium;\">Appliquez- la sur l\u2019ensemble de votre barbe.<\/span><\/span><\/span><\/p>\n<p align=\"LEFT\"><span style=\"color: #000000;\"><span style=\"font-family: Times New Roman, serif;\"><span style=\"font-size: medium;\">Ne pas rincer<\/span><\/span><\/span><\/p>\n<p align=\"LEFT\"><span style=\"color: #000000;\"><span style=\"font-family: Times New Roman, serif;\"><span style=\"font-size: medium;\"><br \/>\nEn cas de contact avec les yeux, rincer \u00e0 l\u2019eau froide. Ne pas ing\u00e9rer. Ne convient pas aux enfants de moins de 36 mois <\/span><\/span><\/span><\/p>\n<p align=\"LEFT\"><span style=\"color: #000000;\"><span style=\"font-family: Times New Roman, serif;\"><span style=\"font-size: medium;\"><strong>Ingr\u00e9dients<\/strong><\/span><\/span><\/span><\/p>\n<p align=\"LEFT\"><span style=\"color: #000000;\"><span style=\"font-family: Times New Roman, serif;\"><span style=\"font-size: medium;\">Caprylic capric triglyceride, helianthus annuus seed oil, cannabis sativa seed oil, ricinus communis seed oil, fragrance, tocopherol, fucus vesiculosus extract, benzyl salicylate, linalool, coumarin, citronellol, eugenol.<br \/>\n<\/span><\/span><\/span><\/p>\n<p align=\"LEFT\"><span style=\"color: #000000;\"><span style=\"font-family: Times New Roman, serif;\"><span style=\"font-size: medium;\">Fabriqu\u00e9 en Bretagne ( 22)<\/span><\/span><\/span><\/p>\n","protected":false},"excerpt":{"rendered":"<p>Huile de soin pour la barbe aux huiles de Chanvre et de Ricin et aux Algues. Cette huile de soin a \u00e9t\u00e9 \u00e9labor\u00e9e avec de l\u2019huile de chanvre du centre Bretagne et de l\u2019huile de ricin ainsi que des algues de L\u00e9zardrieux (C\u00f4tes d\u2019Armor) pour une barbe toute douce et assouplie et une peau apais\u00e9e [&hellip;]<\/p>\n","protected":false},"featured_media":1606,"comment_status":"open","ping_status":"closed","template":"","meta":[],"product_cat":[20,23],"product_tag":[],"yoast_head":"<!-- This site is optimized with the Yoast SEO plugin v23.2 - https:\/\/yoast.com\/wordpress\/plugins\/seo\/ -->\n<title>Huile \u00e0 barbe - Ael Bien-\u00eatre<\/title>\n<meta name=\"robots\" content=\"index, follow, max-snippet:-1, max-image-preview:large, max-video-preview:-1\" \/>\n<link rel=\"canonical\" href=\"https:\/\/aelbienetre.fr\/index.php\/produit\/huile-a-barbe\/\" \/>\n<meta property=\"og:locale\" content=\"fr_FR\" \/>\n<meta property=\"og:type\" content=\"article\" \/>\n<meta property=\"og:title\" content=\"Huile \u00e0 barbe - Ael Bien-\u00eatre\" \/>\n<meta property=\"og:description\" content=\"Huile de soin pour la barbe aux huiles de Chanvre et de Ricin et aux Algues. Cette huile de soin a \u00e9t\u00e9 \u00e9labor\u00e9e avec de l\u2019huile de chanvre du centre Bretagne et de l\u2019huile de ricin ainsi que des algues de L\u00e9zardrieux (C\u00f4tes d\u2019Armor) pour une barbe toute douce et assouplie et une peau apais\u00e9e [&hellip;]\" \/>\n<meta property=\"og:url\" content=\"https:\/\/aelbienetre.fr\/index.php\/produit\/huile-a-barbe\/\" \/>\n<meta property=\"og:site_name\" content=\"Ael Bien-\u00eatre\" \/>\n<meta property=\"article:publisher\" content=\"https:\/\/www.facebook.com\/profile.php?id=100089567651182\" \/>\n<meta property=\"article:modified_time\" content=\"2026-02-13T19:49:10+00:00\" \/>\n<meta property=\"og:image\" content=\"https:\/\/aelbienetre.fr\/wp-content\/uploads\/2023\/03\/huile-de-soin-pour-la-barbe-aux-huiles-de-chanvre-et-de-ricin-et-aux-algues-e1689375322506.jpg\" \/>\n\t<meta property=\"og:image:width\" content=\"800\" \/>\n\t<meta property=\"og:image:height\" content=\"800\" \/>\n\t<meta property=\"og:image:type\" content=\"image\/jpeg\" \/>\n<meta name=\"twitter:card\" content=\"summary_large_image\" \/>\n<meta name=\"twitter:label1\" content=\"Dur\u00e9e de lecture estim\u00e9e\" \/>\n\t<meta name=\"twitter:data1\" content=\"2 minutes\" \/>\n<script type=\"application\/ld+json\" class=\"yoast-schema-graph\">{\"@context\":\"https:\/\/schema.org\",\"@graph\":[{\"@type\":\"WebPage\",\"@id\":\"https:\/\/aelbienetre.fr\/index.php\/produit\/huile-a-barbe\/\",\"url\":\"https:\/\/aelbienetre.fr\/index.php\/produit\/huile-a-barbe\/\",\"name\":\"Huile \u00e0 barbe - Ael Bien-\u00eatre\",\"isPartOf\":{\"@id\":\"https:\/\/aelbienetre.fr\/#website\"},\"primaryImageOfPage\":{\"@id\":\"https:\/\/aelbienetre.fr\/index.php\/produit\/huile-a-barbe\/#primaryimage\"},\"image\":{\"@id\":\"https:\/\/aelbienetre.fr\/index.php\/produit\/huile-a-barbe\/#primaryimage\"},\"thumbnailUrl\":\"https:\/\/aelbienetre.fr\/wp-content\/uploads\/2023\/03\/huile-de-soin-pour-la-barbe-aux-huiles-de-chanvre-et-de-ricin-et-aux-algues-e1689375322506.jpg\",\"datePublished\":\"2023-03-19T13:46:41+00:00\",\"dateModified\":\"2026-02-13T19:49:10+00:00\",\"breadcrumb\":{\"@id\":\"https:\/\/aelbienetre.fr\/index.php\/produit\/huile-a-barbe\/#breadcrumb\"},\"inLanguage\":\"fr-FR\",\"potentialAction\":[{\"@type\":\"ReadAction\",\"target\":[\"https:\/\/aelbienetre.fr\/index.php\/produit\/huile-a-barbe\/\"]}]},{\"@type\":\"ImageObject\",\"inLanguage\":\"fr-FR\",\"@id\":\"https:\/\/aelbienetre.fr\/index.php\/produit\/huile-a-barbe\/#primaryimage\",\"url\":\"https:\/\/aelbienetre.fr\/wp-content\/uploads\/2023\/03\/huile-de-soin-pour-la-barbe-aux-huiles-de-chanvre-et-de-ricin-et-aux-algues-e1689375322506.jpg\",\"contentUrl\":\"https:\/\/aelbienetre.fr\/wp-content\/uploads\/2023\/03\/huile-de-soin-pour-la-barbe-aux-huiles-de-chanvre-et-de-ricin-et-aux-algues-e1689375322506.jpg\",\"width\":800,\"height\":800,\"caption\":\"Huile \u00e0 barbe\"},{\"@type\":\"BreadcrumbList\",\"@id\":\"https:\/\/aelbienetre.fr\/index.php\/produit\/huile-a-barbe\/#breadcrumb\",\"itemListElement\":[{\"@type\":\"ListItem\",\"position\":1,\"name\":\"Produits d\u00e9tente\",\"item\":\"https:\/\/aelbienetre.fr\/index.php\/boutique\/\"},{\"@type\":\"ListItem\",\"position\":2,\"name\":\"Huile \u00e0 barbe\"}]},{\"@type\":\"WebSite\",\"@id\":\"https:\/\/aelbienetre.fr\/#website\",\"url\":\"https:\/\/aelbienetre.fr\/\",\"name\":\"Ael Bien-\u00eatre\",\"description\":\"Produits de bien-\u00eatre pour la douche et le bain\",\"publisher\":{\"@id\":\"https:\/\/aelbienetre.fr\/#organization\"},\"potentialAction\":[{\"@type\":\"SearchAction\",\"target\":{\"@type\":\"EntryPoint\",\"urlTemplate\":\"https:\/\/aelbienetre.fr\/?s={search_term_string}\"},\"query-input\":\"required name=search_term_string\"}],\"inLanguage\":\"fr-FR\"},{\"@type\":\"Organization\",\"@id\":\"https:\/\/aelbienetre.fr\/#organization\",\"name\":\"Ael Bien-\u00eatre\",\"url\":\"https:\/\/aelbienetre.fr\/\",\"logo\":{\"@type\":\"ImageObject\",\"inLanguage\":\"fr-FR\",\"@id\":\"https:\/\/aelbienetre.fr\/#\/schema\/logo\/image\/\",\"url\":\"https:\/\/aelbienetre.fr\/wp-content\/uploads\/2023\/03\/Logo.png\",\"contentUrl\":\"https:\/\/aelbienetre.fr\/wp-content\/uploads\/2023\/03\/Logo.png\",\"width\":1200,\"height\":950,\"caption\":\"Ael Bien-\u00eatre\"},\"image\":{\"@id\":\"https:\/\/aelbienetre.fr\/#\/schema\/logo\/image\/\"},\"sameAs\":[\"https:\/\/www.facebook.com\/profile.php?id=100089567651182\",\"https:\/\/www.pinterest.fr\/aelbienetre\/\",\"https:\/\/www.instagram.com\/aelbienetre\/\"]}]}<\/script>\n<!-- \/ Yoast SEO plugin. -->","yoast_head_json":{"title":"Huile \u00e0 barbe - Ael Bien-\u00eatre","robots":{"index":"index","follow":"follow","max-snippet":"max-snippet:-1","max-image-preview":"max-image-preview:large","max-video-preview":"max-video-preview:-1"},"canonical":"https:\/\/aelbienetre.fr\/index.php\/produit\/huile-a-barbe\/","og_locale":"fr_FR","og_type":"article","og_title":"Huile \u00e0 barbe - Ael Bien-\u00eatre","og_description":"Huile de soin pour la barbe aux huiles de Chanvre et de Ricin et aux Algues. Cette huile de soin a \u00e9t\u00e9 \u00e9labor\u00e9e avec de l\u2019huile de chanvre du centre Bretagne et de l\u2019huile de ricin ainsi que des algues de L\u00e9zardrieux (C\u00f4tes d\u2019Armor) pour une barbe toute douce et assouplie et une peau apais\u00e9e [&hellip;]","og_url":"https:\/\/aelbienetre.fr\/index.php\/produit\/huile-a-barbe\/","og_site_name":"Ael Bien-\u00eatre","article_publisher":"https:\/\/www.facebook.com\/profile.php?id=100089567651182","article_modified_time":"2026-02-13T19:49:10+00:00","og_image":[{"width":800,"height":800,"url":"https:\/\/aelbienetre.fr\/wp-content\/uploads\/2023\/03\/huile-de-soin-pour-la-barbe-aux-huiles-de-chanvre-et-de-ricin-et-aux-algues-e1689375322506.jpg","type":"image\/jpeg"}],"twitter_card":"summary_large_image","twitter_misc":{"Dur\u00e9e de lecture estim\u00e9e":"2 minutes"},"schema":{"@context":"https:\/\/schema.org","@graph":[{"@type":"WebPage","@id":"https:\/\/aelbienetre.fr\/index.php\/produit\/huile-a-barbe\/","url":"https:\/\/aelbienetre.fr\/index.php\/produit\/huile-a-barbe\/","name":"Huile \u00e0 barbe - Ael Bien-\u00eatre","isPartOf":{"@id":"https:\/\/aelbienetre.fr\/#website"},"primaryImageOfPage":{"@id":"https:\/\/aelbienetre.fr\/index.php\/produit\/huile-a-barbe\/#primaryimage"},"image":{"@id":"https:\/\/aelbienetre.fr\/index.php\/produit\/huile-a-barbe\/#primaryimage"},"thumbnailUrl":"https:\/\/aelbienetre.fr\/wp-content\/uploads\/2023\/03\/huile-de-soin-pour-la-barbe-aux-huiles-de-chanvre-et-de-ricin-et-aux-algues-e1689375322506.jpg","datePublished":"2023-03-19T13:46:41+00:00","dateModified":"2026-02-13T19:49:10+00:00","breadcrumb":{"@id":"https:\/\/aelbienetre.fr\/index.php\/produit\/huile-a-barbe\/#breadcrumb"},"inLanguage":"fr-FR","potentialAction":[{"@type":"ReadAction","target":["https:\/\/aelbienetre.fr\/index.php\/produit\/huile-a-barbe\/"]}]},{"@type":"ImageObject","inLanguage":"fr-FR","@id":"https:\/\/aelbienetre.fr\/index.php\/produit\/huile-a-barbe\/#primaryimage","url":"https:\/\/aelbienetre.fr\/wp-content\/uploads\/2023\/03\/huile-de-soin-pour-la-barbe-aux-huiles-de-chanvre-et-de-ricin-et-aux-algues-e1689375322506.jpg","contentUrl":"https:\/\/aelbienetre.fr\/wp-content\/uploads\/2023\/03\/huile-de-soin-pour-la-barbe-aux-huiles-de-chanvre-et-de-ricin-et-aux-algues-e1689375322506.jpg","width":800,"height":800,"caption":"Huile \u00e0 barbe"},{"@type":"BreadcrumbList","@id":"https:\/\/aelbienetre.fr\/index.php\/produit\/huile-a-barbe\/#breadcrumb","itemListElement":[{"@type":"ListItem","position":1,"name":"Produits d\u00e9tente","item":"https:\/\/aelbienetre.fr\/index.php\/boutique\/"},{"@type":"ListItem","position":2,"name":"Huile \u00e0 barbe"}]},{"@type":"WebSite","@id":"https:\/\/aelbienetre.fr\/#website","url":"https:\/\/aelbienetre.fr\/","name":"Ael Bien-\u00eatre","description":"Produits de bien-\u00eatre pour la douche et le bain","publisher":{"@id":"https:\/\/aelbienetre.fr\/#organization"},"potentialAction":[{"@type":"SearchAction","target":{"@type":"EntryPoint","urlTemplate":"https:\/\/aelbienetre.fr\/?s={search_term_string}"},"query-input":"required name=search_term_string"}],"inLanguage":"fr-FR"},{"@type":"Organization","@id":"https:\/\/aelbienetre.fr\/#organization","name":"Ael Bien-\u00eatre","url":"https:\/\/aelbienetre.fr\/","logo":{"@type":"ImageObject","inLanguage":"fr-FR","@id":"https:\/\/aelbienetre.fr\/#\/schema\/logo\/image\/","url":"https:\/\/aelbienetre.fr\/wp-content\/uploads\/2023\/03\/Logo.png","contentUrl":"https:\/\/aelbienetre.fr\/wp-content\/uploads\/2023\/03\/Logo.png","width":1200,"height":950,"caption":"Ael Bien-\u00eatre"},"image":{"@id":"https:\/\/aelbienetre.fr\/#\/schema\/logo\/image\/"},"sameAs":["https:\/\/www.facebook.com\/profile.php?id=100089567651182","https:\/\/www.pinterest.fr\/aelbienetre\/","https:\/\/www.instagram.com\/aelbienetre\/"]}]}},"jetpack_sharing_enabled":true,"jetpack-related-posts":[],"_links":{"self":[{"href":"https:\/\/aelbienetre.fr\/index.php\/wp-json\/wp\/v2\/product\/1257"}],"collection":[{"href":"https:\/\/aelbienetre.fr\/index.php\/wp-json\/wp\/v2\/product"}],"about":[{"href":"https:\/\/aelbienetre.fr\/index.php\/wp-json\/wp\/v2\/types\/product"}],"replies":[{"embeddable":true,"href":"https:\/\/aelbienetre.fr\/index.php\/wp-json\/wp\/v2\/comments?post=1257"}],"version-history":[{"count":2,"href":"https:\/\/aelbienetre.fr\/index.php\/wp-json\/wp\/v2\/product\/1257\/revisions"}],"predecessor-version":[{"id":3239,"href":"https:\/\/aelbienetre.fr\/index.php\/wp-json\/wp\/v2\/product\/1257\/revisions\/3239"}],"wp:featuredmedia":[{"embeddable":true,"href":"https:\/\/aelbienetre.fr\/index.php\/wp-json\/wp\/v2\/media\/1606"}],"wp:attachment":[{"href":"https:\/\/aelbienetre.fr\/index.php\/wp-json\/wp\/v2\/media?parent=1257"}],"wp:term":[{"taxonomy":"product_cat","embeddable":true,"href":"https:\/\/aelbienetre.fr\/index.php\/wp-json\/wp\/v2\/product_cat?post=1257"},{"taxonomy":"product_tag","embeddable":true,"href":"https:\/\/aelbienetre.fr\/index.php\/wp-json\/wp\/v2\/product_tag?post=1257"}],"curies":[{"name":"wp","href":"https:\/\/api.w.org\/{rel}","templated":true}]}}