{"id":1254,"date":"2023-03-19T14:46:37","date_gmt":"2023-03-19T13:46:37","guid":{"rendered":"https:\/\/aelbienetre.fr\/?post_type=product&#038;p=1254"},"modified":"2026-01-06T00:01:28","modified_gmt":"2026-01-05T23:01:28","slug":"gommage-visage","status":"publish","type":"product","link":"https:\/\/aelbienetre.fr\/index.php\/produit\/gommage-visage\/","title":{"rendered":"Gommage visage"},"content":{"rendered":"<p>Gommage visage \u00e0 la rose de Bretagne<br \/>\nEconomique : sa texture permet d\u2019utiliser tr\u00e8s peu de produit.<\/p>\n<p><strong>Parfum<\/strong> : rose de Bretagne<\/p>\n<p>Ce gommage a une double action : en plus d\u2019exfolier votre peau, il l\u2019hydrate.<br \/>\nFormul\u00e9 avec de la poudre de rose, ce\u00a0gommage visage tr\u00e8s doux\u00a0vous permettra d\u2019exfolier votre peau tout en douceur et sans agresser votre \u00e9piderme. Il contient \u00e9galement de l\u2019hydrolat de rose de Damas, id\u00e9al pour\u00a0tonifier la peau\u00a0et lui redonner de l\u2019\u00e9clat, et de l\u2019huile d\u2019amande douce\u00a0hydratante et nourrissante. Son agr\u00e9able parfum de rose vous apportera un agr\u00e9able moment de d\u00e9tente lors de vos soins du visage !<\/p>\n<p><strong>Poids<\/strong>\u00a0: pot en verre de 150g (30g en version d\u00e9couverte)<\/p>\n<p><strong>Conseils d\u2019utilisation<\/strong><br \/>\nNettoyez votre visage puis appliquer le gommage sur le visage en effectuant de l\u00e9gers massages circulaires et sans frotter trop fort pour ne pas irriter votre \u00e9piderme. Rincez abondamment \u00e0 l\u2019eau ti\u00e8de puis appliquer un lait corps hydratant ou votre cr\u00e8me hydratante visage apr\u00e8s utilisation.<\/p>\n<p>En cas de contact avec les yeux, rincer \u00e0 l\u2019eau froide. Ne pas ing\u00e9rer.<br \/>\nNe convient pas aux enfants de moins de 36 mois.<\/p>\n<p><strong>Ingr\u00e9dients<\/strong><br \/>\nAqua, helianthus annuus seed oil, glycerin, butyrospermum parkii butter*, glyceryl stearate, prunus amygdalus dulcis oil, rosa canina seed powder, xanthan gum, rosa gallica flower powder, parfum, rosa damascena flower water, sodium benzoate, potassium sorbate, tocopherol, citric acid, geraniol, citronellol.<\/p>\n<p>Non test\u00e9 sur les animaux.<\/p>\n<p>Fabriqu\u00e9 en Bretagne (22)<\/p>\n","protected":false},"excerpt":{"rendered":"<p>Gommage visage \u00e0 la rose de Bretagne Economique : sa texture permet d\u2019utiliser tr\u00e8s peu de produit. Parfum : rose de Bretagne Ce gommage a une double action : en plus d\u2019exfolier votre peau, il l\u2019hydrate. Formul\u00e9 avec de la poudre de rose, ce\u00a0gommage visage tr\u00e8s doux\u00a0vous permettra d\u2019exfolier votre peau tout en douceur et [&hellip;]<\/p>\n","protected":false},"featured_media":2742,"comment_status":"open","ping_status":"closed","template":"","meta":[],"product_cat":[20,23],"product_tag":[],"yoast_head":"<!-- This site is optimized with the Yoast SEO plugin v23.2 - https:\/\/yoast.com\/wordpress\/plugins\/seo\/ -->\n<title>Gommage visage - Ael Bien-\u00eatre<\/title>\n<meta name=\"robots\" content=\"index, follow, max-snippet:-1, max-image-preview:large, max-video-preview:-1\" \/>\n<link rel=\"canonical\" href=\"https:\/\/aelbienetre.fr\/index.php\/produit\/gommage-visage\/\" \/>\n<meta property=\"og:locale\" content=\"fr_FR\" \/>\n<meta property=\"og:type\" content=\"article\" \/>\n<meta property=\"og:title\" content=\"Gommage visage - Ael Bien-\u00eatre\" \/>\n<meta property=\"og:description\" content=\"Gommage visage \u00e0 la rose de Bretagne Economique : sa texture permet d\u2019utiliser tr\u00e8s peu de produit. Parfum : rose de Bretagne Ce gommage a une double action : en plus d\u2019exfolier votre peau, il l\u2019hydrate. Formul\u00e9 avec de la poudre de rose, ce\u00a0gommage visage tr\u00e8s doux\u00a0vous permettra d\u2019exfolier votre peau tout en douceur et [&hellip;]\" \/>\n<meta property=\"og:url\" content=\"https:\/\/aelbienetre.fr\/index.php\/produit\/gommage-visage\/\" \/>\n<meta property=\"og:site_name\" content=\"Ael Bien-\u00eatre\" \/>\n<meta property=\"article:publisher\" content=\"https:\/\/www.facebook.com\/profile.php?id=100089567651182\" \/>\n<meta property=\"article:modified_time\" content=\"2026-01-05T23:01:28+00:00\" \/>\n<meta property=\"og:image\" content=\"https:\/\/aelbienetre.fr\/wp-content\/uploads\/2023\/03\/gommage-visage-a-la-rose-de-bretagne-1.jpg\" \/>\n\t<meta property=\"og:image:width\" content=\"800\" \/>\n\t<meta property=\"og:image:height\" content=\"800\" \/>\n\t<meta property=\"og:image:type\" content=\"image\/jpeg\" \/>\n<meta name=\"twitter:card\" content=\"summary_large_image\" \/>\n<meta name=\"twitter:label1\" content=\"Dur\u00e9e de lecture estim\u00e9e\" \/>\n\t<meta name=\"twitter:data1\" content=\"2 minutes\" \/>\n<script type=\"application\/ld+json\" class=\"yoast-schema-graph\">{\"@context\":\"https:\/\/schema.org\",\"@graph\":[{\"@type\":\"WebPage\",\"@id\":\"https:\/\/aelbienetre.fr\/index.php\/produit\/gommage-visage\/\",\"url\":\"https:\/\/aelbienetre.fr\/index.php\/produit\/gommage-visage\/\",\"name\":\"Gommage visage - Ael Bien-\u00eatre\",\"isPartOf\":{\"@id\":\"https:\/\/aelbienetre.fr\/#website\"},\"primaryImageOfPage\":{\"@id\":\"https:\/\/aelbienetre.fr\/index.php\/produit\/gommage-visage\/#primaryimage\"},\"image\":{\"@id\":\"https:\/\/aelbienetre.fr\/index.php\/produit\/gommage-visage\/#primaryimage\"},\"thumbnailUrl\":\"https:\/\/aelbienetre.fr\/wp-content\/uploads\/2023\/03\/gommage-visage-a-la-rose-de-bretagne-1.jpg\",\"datePublished\":\"2023-03-19T13:46:37+00:00\",\"dateModified\":\"2026-01-05T23:01:28+00:00\",\"breadcrumb\":{\"@id\":\"https:\/\/aelbienetre.fr\/index.php\/produit\/gommage-visage\/#breadcrumb\"},\"inLanguage\":\"fr-FR\",\"potentialAction\":[{\"@type\":\"ReadAction\",\"target\":[\"https:\/\/aelbienetre.fr\/index.php\/produit\/gommage-visage\/\"]}]},{\"@type\":\"ImageObject\",\"inLanguage\":\"fr-FR\",\"@id\":\"https:\/\/aelbienetre.fr\/index.php\/produit\/gommage-visage\/#primaryimage\",\"url\":\"https:\/\/aelbienetre.fr\/wp-content\/uploads\/2023\/03\/gommage-visage-a-la-rose-de-bretagne-1.jpg\",\"contentUrl\":\"https:\/\/aelbienetre.fr\/wp-content\/uploads\/2023\/03\/gommage-visage-a-la-rose-de-bretagne-1.jpg\",\"width\":800,\"height\":800,\"caption\":\"Gommage visage\"},{\"@type\":\"BreadcrumbList\",\"@id\":\"https:\/\/aelbienetre.fr\/index.php\/produit\/gommage-visage\/#breadcrumb\",\"itemListElement\":[{\"@type\":\"ListItem\",\"position\":1,\"name\":\"Produits d\u00e9tente\",\"item\":\"https:\/\/aelbienetre.fr\/index.php\/boutique\/\"},{\"@type\":\"ListItem\",\"position\":2,\"name\":\"Gommage visage\"}]},{\"@type\":\"WebSite\",\"@id\":\"https:\/\/aelbienetre.fr\/#website\",\"url\":\"https:\/\/aelbienetre.fr\/\",\"name\":\"Ael Bien-\u00eatre\",\"description\":\"Produits de bien-\u00eatre pour la douche et le bain\",\"publisher\":{\"@id\":\"https:\/\/aelbienetre.fr\/#organization\"},\"potentialAction\":[{\"@type\":\"SearchAction\",\"target\":{\"@type\":\"EntryPoint\",\"urlTemplate\":\"https:\/\/aelbienetre.fr\/?s={search_term_string}\"},\"query-input\":\"required name=search_term_string\"}],\"inLanguage\":\"fr-FR\"},{\"@type\":\"Organization\",\"@id\":\"https:\/\/aelbienetre.fr\/#organization\",\"name\":\"Ael Bien-\u00eatre\",\"url\":\"https:\/\/aelbienetre.fr\/\",\"logo\":{\"@type\":\"ImageObject\",\"inLanguage\":\"fr-FR\",\"@id\":\"https:\/\/aelbienetre.fr\/#\/schema\/logo\/image\/\",\"url\":\"https:\/\/aelbienetre.fr\/wp-content\/uploads\/2023\/03\/Logo.png\",\"contentUrl\":\"https:\/\/aelbienetre.fr\/wp-content\/uploads\/2023\/03\/Logo.png\",\"width\":1200,\"height\":950,\"caption\":\"Ael Bien-\u00eatre\"},\"image\":{\"@id\":\"https:\/\/aelbienetre.fr\/#\/schema\/logo\/image\/\"},\"sameAs\":[\"https:\/\/www.facebook.com\/profile.php?id=100089567651182\",\"https:\/\/www.pinterest.fr\/aelbienetre\/\",\"https:\/\/www.instagram.com\/aelbienetre\/\"]}]}<\/script>\n<!-- \/ Yoast SEO plugin. -->","yoast_head_json":{"title":"Gommage visage - Ael Bien-\u00eatre","robots":{"index":"index","follow":"follow","max-snippet":"max-snippet:-1","max-image-preview":"max-image-preview:large","max-video-preview":"max-video-preview:-1"},"canonical":"https:\/\/aelbienetre.fr\/index.php\/produit\/gommage-visage\/","og_locale":"fr_FR","og_type":"article","og_title":"Gommage visage - Ael Bien-\u00eatre","og_description":"Gommage visage \u00e0 la rose de Bretagne Economique : sa texture permet d\u2019utiliser tr\u00e8s peu de produit. Parfum : rose de Bretagne Ce gommage a une double action : en plus d\u2019exfolier votre peau, il l\u2019hydrate. Formul\u00e9 avec de la poudre de rose, ce\u00a0gommage visage tr\u00e8s doux\u00a0vous permettra d\u2019exfolier votre peau tout en douceur et [&hellip;]","og_url":"https:\/\/aelbienetre.fr\/index.php\/produit\/gommage-visage\/","og_site_name":"Ael Bien-\u00eatre","article_publisher":"https:\/\/www.facebook.com\/profile.php?id=100089567651182","article_modified_time":"2026-01-05T23:01:28+00:00","og_image":[{"width":800,"height":800,"url":"https:\/\/aelbienetre.fr\/wp-content\/uploads\/2023\/03\/gommage-visage-a-la-rose-de-bretagne-1.jpg","type":"image\/jpeg"}],"twitter_card":"summary_large_image","twitter_misc":{"Dur\u00e9e de lecture estim\u00e9e":"2 minutes"},"schema":{"@context":"https:\/\/schema.org","@graph":[{"@type":"WebPage","@id":"https:\/\/aelbienetre.fr\/index.php\/produit\/gommage-visage\/","url":"https:\/\/aelbienetre.fr\/index.php\/produit\/gommage-visage\/","name":"Gommage visage - Ael Bien-\u00eatre","isPartOf":{"@id":"https:\/\/aelbienetre.fr\/#website"},"primaryImageOfPage":{"@id":"https:\/\/aelbienetre.fr\/index.php\/produit\/gommage-visage\/#primaryimage"},"image":{"@id":"https:\/\/aelbienetre.fr\/index.php\/produit\/gommage-visage\/#primaryimage"},"thumbnailUrl":"https:\/\/aelbienetre.fr\/wp-content\/uploads\/2023\/03\/gommage-visage-a-la-rose-de-bretagne-1.jpg","datePublished":"2023-03-19T13:46:37+00:00","dateModified":"2026-01-05T23:01:28+00:00","breadcrumb":{"@id":"https:\/\/aelbienetre.fr\/index.php\/produit\/gommage-visage\/#breadcrumb"},"inLanguage":"fr-FR","potentialAction":[{"@type":"ReadAction","target":["https:\/\/aelbienetre.fr\/index.php\/produit\/gommage-visage\/"]}]},{"@type":"ImageObject","inLanguage":"fr-FR","@id":"https:\/\/aelbienetre.fr\/index.php\/produit\/gommage-visage\/#primaryimage","url":"https:\/\/aelbienetre.fr\/wp-content\/uploads\/2023\/03\/gommage-visage-a-la-rose-de-bretagne-1.jpg","contentUrl":"https:\/\/aelbienetre.fr\/wp-content\/uploads\/2023\/03\/gommage-visage-a-la-rose-de-bretagne-1.jpg","width":800,"height":800,"caption":"Gommage visage"},{"@type":"BreadcrumbList","@id":"https:\/\/aelbienetre.fr\/index.php\/produit\/gommage-visage\/#breadcrumb","itemListElement":[{"@type":"ListItem","position":1,"name":"Produits d\u00e9tente","item":"https:\/\/aelbienetre.fr\/index.php\/boutique\/"},{"@type":"ListItem","position":2,"name":"Gommage visage"}]},{"@type":"WebSite","@id":"https:\/\/aelbienetre.fr\/#website","url":"https:\/\/aelbienetre.fr\/","name":"Ael Bien-\u00eatre","description":"Produits de bien-\u00eatre pour la douche et le bain","publisher":{"@id":"https:\/\/aelbienetre.fr\/#organization"},"potentialAction":[{"@type":"SearchAction","target":{"@type":"EntryPoint","urlTemplate":"https:\/\/aelbienetre.fr\/?s={search_term_string}"},"query-input":"required name=search_term_string"}],"inLanguage":"fr-FR"},{"@type":"Organization","@id":"https:\/\/aelbienetre.fr\/#organization","name":"Ael Bien-\u00eatre","url":"https:\/\/aelbienetre.fr\/","logo":{"@type":"ImageObject","inLanguage":"fr-FR","@id":"https:\/\/aelbienetre.fr\/#\/schema\/logo\/image\/","url":"https:\/\/aelbienetre.fr\/wp-content\/uploads\/2023\/03\/Logo.png","contentUrl":"https:\/\/aelbienetre.fr\/wp-content\/uploads\/2023\/03\/Logo.png","width":1200,"height":950,"caption":"Ael Bien-\u00eatre"},"image":{"@id":"https:\/\/aelbienetre.fr\/#\/schema\/logo\/image\/"},"sameAs":["https:\/\/www.facebook.com\/profile.php?id=100089567651182","https:\/\/www.pinterest.fr\/aelbienetre\/","https:\/\/www.instagram.com\/aelbienetre\/"]}]}},"jetpack_sharing_enabled":true,"jetpack-related-posts":[],"_links":{"self":[{"href":"https:\/\/aelbienetre.fr\/index.php\/wp-json\/wp\/v2\/product\/1254"}],"collection":[{"href":"https:\/\/aelbienetre.fr\/index.php\/wp-json\/wp\/v2\/product"}],"about":[{"href":"https:\/\/aelbienetre.fr\/index.php\/wp-json\/wp\/v2\/types\/product"}],"replies":[{"embeddable":true,"href":"https:\/\/aelbienetre.fr\/index.php\/wp-json\/wp\/v2\/comments?post=1254"}],"version-history":[{"count":3,"href":"https:\/\/aelbienetre.fr\/index.php\/wp-json\/wp\/v2\/product\/1254\/revisions"}],"predecessor-version":[{"id":3238,"href":"https:\/\/aelbienetre.fr\/index.php\/wp-json\/wp\/v2\/product\/1254\/revisions\/3238"}],"wp:featuredmedia":[{"embeddable":true,"href":"https:\/\/aelbienetre.fr\/index.php\/wp-json\/wp\/v2\/media\/2742"}],"wp:attachment":[{"href":"https:\/\/aelbienetre.fr\/index.php\/wp-json\/wp\/v2\/media?parent=1254"}],"wp:term":[{"taxonomy":"product_cat","embeddable":true,"href":"https:\/\/aelbienetre.fr\/index.php\/wp-json\/wp\/v2\/product_cat?post=1254"},{"taxonomy":"product_tag","embeddable":true,"href":"https:\/\/aelbienetre.fr\/index.php\/wp-json\/wp\/v2\/product_tag?post=1254"}],"curies":[{"name":"wp","href":"https:\/\/api.w.org\/{rel}","templated":true}]}}