{"id":1251,"date":"2023-03-19T14:46:36","date_gmt":"2023-03-19T13:46:36","guid":{"rendered":"https:\/\/aelbienetre.fr\/?post_type=product&#038;p=1251"},"modified":"2026-01-05T23:57:17","modified_gmt":"2026-01-05T22:57:17","slug":"gommage-corps","status":"publish","type":"product","link":"https:\/\/aelbienetre.fr\/index.php\/produit\/gommage-corps\/","title":{"rendered":"Gommage corps"},"content":{"rendered":"<p>Gommage thalasso au sel de Gu\u00e9rande et aux algues<\/p>\n<p>Pour une peau absolument douce et d\u00e9barrass\u00e9e de ses impuret\u00e9s<\/p>\n<p>pH neutre pour la peau.<\/p>\n<p>Fabrication 100% artisanale et bretonne \u2013 Non test\u00e9 sur les animaux<\/p>\n<p><strong>Parfum<\/strong> : thalasso au sel de Gu\u00e9rande et aux algues<\/p>\n<p>\u00c0\u00a0la cire d\u2019abeille et \u00e0 l\u2019huile d\u2019amande douce. L\u2019algue chondrus est reconnue pour ses vertus adoucissantes.\u00a0Votre peau sera incroyablement belle et douce !<br \/>\npH neutre pour la peau<\/p>\n<p><strong>Poids<\/strong>\u00a0: pot en verre de 200g (40g en version d\u00e9couverte)<\/p>\n<p><strong>Conseils d\u2019utilisation<\/strong><br \/>\nBien m\u00e9langer avant utilisation avant utilisation.<br \/>\nAppliquez sur une peau bien nettoy\u00e9e.<br \/>\nMassez votre corps avec la p\u00e2te de gommage en faisant des mouvements circulaires. Ne pas frotter pour ne pas distendre les tissus ou irritez votre peau.<br \/>\nRincez abondamment \u00e0 l&#8217;eau ti\u00e8de.<br \/>\nAppliquez un beurre ou un lait afin d&#8217;hydrater votre peau.<\/p>\n<p>En cas de contact avec les yeux, rincer \u00e0 l\u2019eau froide. Ne pas ing\u00e9rer.<br \/>\nNe convient pas aux enfants de moins de 36 mois.<\/p>\n<p><strong>Ingr\u00e9dients<\/strong><br \/>\nsea salt, prunus amygdalus dulcis oil, cocamidopropyl betaine, zea mays (Corn) starch, cera alba, fragrance, glycerin, chondrus crispus extract, aqua, sodium benzoate, limonene, potassium sorbate, linalool,\u00a0citral, CI 42090.<\/p>\n<p>Fabriqu\u00e9 en Bretagne (22)<\/p>\n","protected":false},"excerpt":{"rendered":"<p>Gommage thalasso au sel de Gu\u00e9rande et aux algues Pour une peau absolument douce et d\u00e9barrass\u00e9e de ses impuret\u00e9s pH neutre pour la peau. Fabrication 100% artisanale et bretonne \u2013 Non test\u00e9 sur les animaux Parfum : thalasso au sel de Gu\u00e9rande et aux algues \u00c0\u00a0la cire d\u2019abeille et \u00e0 l\u2019huile d\u2019amande douce. L\u2019algue chondrus [&hellip;]<\/p>\n","protected":false},"featured_media":1601,"comment_status":"open","ping_status":"closed","template":"","meta":[],"product_cat":[20,22,23],"product_tag":[],"yoast_head":"<!-- This site is optimized with the Yoast SEO plugin v23.2 - https:\/\/yoast.com\/wordpress\/plugins\/seo\/ -->\n<title>Gommage corps - Ael Bien-\u00eatre<\/title>\n<meta name=\"robots\" content=\"index, follow, max-snippet:-1, max-image-preview:large, max-video-preview:-1\" \/>\n<link rel=\"canonical\" href=\"https:\/\/aelbienetre.fr\/index.php\/produit\/gommage-corps\/\" \/>\n<meta property=\"og:locale\" content=\"fr_FR\" \/>\n<meta property=\"og:type\" content=\"article\" \/>\n<meta property=\"og:title\" content=\"Gommage corps - Ael Bien-\u00eatre\" \/>\n<meta property=\"og:description\" content=\"Gommage thalasso au sel de Gu\u00e9rande et aux algues Pour une peau absolument douce et d\u00e9barrass\u00e9e de ses impuret\u00e9s pH neutre pour la peau. Fabrication 100% artisanale et bretonne \u2013 Non test\u00e9 sur les animaux Parfum : thalasso au sel de Gu\u00e9rande et aux algues \u00c0\u00a0la cire d\u2019abeille et \u00e0 l\u2019huile d\u2019amande douce. L\u2019algue chondrus [&hellip;]\" \/>\n<meta property=\"og:url\" content=\"https:\/\/aelbienetre.fr\/index.php\/produit\/gommage-corps\/\" \/>\n<meta property=\"og:site_name\" content=\"Ael Bien-\u00eatre\" \/>\n<meta property=\"article:publisher\" content=\"https:\/\/www.facebook.com\/profile.php?id=100089567651182\" \/>\n<meta property=\"article:modified_time\" content=\"2026-01-05T22:57:17+00:00\" \/>\n<meta property=\"og:image\" content=\"https:\/\/aelbienetre.fr\/wp-content\/uploads\/2023\/03\/gommage-thalasso-au-sel-de-guerande-et-aux-algues.png\" \/>\n\t<meta property=\"og:image:width\" content=\"800\" \/>\n\t<meta property=\"og:image:height\" content=\"800\" \/>\n\t<meta property=\"og:image:type\" content=\"image\/png\" \/>\n<meta name=\"twitter:card\" content=\"summary_large_image\" \/>\n<meta name=\"twitter:label1\" content=\"Dur\u00e9e de lecture estim\u00e9e\" \/>\n\t<meta name=\"twitter:data1\" content=\"2 minutes\" \/>\n<script type=\"application\/ld+json\" class=\"yoast-schema-graph\">{\"@context\":\"https:\/\/schema.org\",\"@graph\":[{\"@type\":\"WebPage\",\"@id\":\"https:\/\/aelbienetre.fr\/index.php\/produit\/gommage-corps\/\",\"url\":\"https:\/\/aelbienetre.fr\/index.php\/produit\/gommage-corps\/\",\"name\":\"Gommage corps - Ael Bien-\u00eatre\",\"isPartOf\":{\"@id\":\"https:\/\/aelbienetre.fr\/#website\"},\"primaryImageOfPage\":{\"@id\":\"https:\/\/aelbienetre.fr\/index.php\/produit\/gommage-corps\/#primaryimage\"},\"image\":{\"@id\":\"https:\/\/aelbienetre.fr\/index.php\/produit\/gommage-corps\/#primaryimage\"},\"thumbnailUrl\":\"https:\/\/aelbienetre.fr\/wp-content\/uploads\/2023\/03\/gommage-thalasso-au-sel-de-guerande-et-aux-algues.png\",\"datePublished\":\"2023-03-19T13:46:36+00:00\",\"dateModified\":\"2026-01-05T22:57:17+00:00\",\"breadcrumb\":{\"@id\":\"https:\/\/aelbienetre.fr\/index.php\/produit\/gommage-corps\/#breadcrumb\"},\"inLanguage\":\"fr-FR\",\"potentialAction\":[{\"@type\":\"ReadAction\",\"target\":[\"https:\/\/aelbienetre.fr\/index.php\/produit\/gommage-corps\/\"]}]},{\"@type\":\"ImageObject\",\"inLanguage\":\"fr-FR\",\"@id\":\"https:\/\/aelbienetre.fr\/index.php\/produit\/gommage-corps\/#primaryimage\",\"url\":\"https:\/\/aelbienetre.fr\/wp-content\/uploads\/2023\/03\/gommage-thalasso-au-sel-de-guerande-et-aux-algues.png\",\"contentUrl\":\"https:\/\/aelbienetre.fr\/wp-content\/uploads\/2023\/03\/gommage-thalasso-au-sel-de-guerande-et-aux-algues.png\",\"width\":800,\"height\":800,\"caption\":\"Gommage corps\"},{\"@type\":\"BreadcrumbList\",\"@id\":\"https:\/\/aelbienetre.fr\/index.php\/produit\/gommage-corps\/#breadcrumb\",\"itemListElement\":[{\"@type\":\"ListItem\",\"position\":1,\"name\":\"Produits d\u00e9tente\",\"item\":\"https:\/\/aelbienetre.fr\/index.php\/boutique\/\"},{\"@type\":\"ListItem\",\"position\":2,\"name\":\"Gommage corps\"}]},{\"@type\":\"WebSite\",\"@id\":\"https:\/\/aelbienetre.fr\/#website\",\"url\":\"https:\/\/aelbienetre.fr\/\",\"name\":\"Ael Bien-\u00eatre\",\"description\":\"Produits de bien-\u00eatre pour la douche et le bain\",\"publisher\":{\"@id\":\"https:\/\/aelbienetre.fr\/#organization\"},\"potentialAction\":[{\"@type\":\"SearchAction\",\"target\":{\"@type\":\"EntryPoint\",\"urlTemplate\":\"https:\/\/aelbienetre.fr\/?s={search_term_string}\"},\"query-input\":\"required name=search_term_string\"}],\"inLanguage\":\"fr-FR\"},{\"@type\":\"Organization\",\"@id\":\"https:\/\/aelbienetre.fr\/#organization\",\"name\":\"Ael Bien-\u00eatre\",\"url\":\"https:\/\/aelbienetre.fr\/\",\"logo\":{\"@type\":\"ImageObject\",\"inLanguage\":\"fr-FR\",\"@id\":\"https:\/\/aelbienetre.fr\/#\/schema\/logo\/image\/\",\"url\":\"https:\/\/aelbienetre.fr\/wp-content\/uploads\/2023\/03\/Logo.png\",\"contentUrl\":\"https:\/\/aelbienetre.fr\/wp-content\/uploads\/2023\/03\/Logo.png\",\"width\":1200,\"height\":950,\"caption\":\"Ael Bien-\u00eatre\"},\"image\":{\"@id\":\"https:\/\/aelbienetre.fr\/#\/schema\/logo\/image\/\"},\"sameAs\":[\"https:\/\/www.facebook.com\/profile.php?id=100089567651182\",\"https:\/\/www.pinterest.fr\/aelbienetre\/\",\"https:\/\/www.instagram.com\/aelbienetre\/\"]}]}<\/script>\n<!-- \/ Yoast SEO plugin. -->","yoast_head_json":{"title":"Gommage corps - Ael Bien-\u00eatre","robots":{"index":"index","follow":"follow","max-snippet":"max-snippet:-1","max-image-preview":"max-image-preview:large","max-video-preview":"max-video-preview:-1"},"canonical":"https:\/\/aelbienetre.fr\/index.php\/produit\/gommage-corps\/","og_locale":"fr_FR","og_type":"article","og_title":"Gommage corps - Ael Bien-\u00eatre","og_description":"Gommage thalasso au sel de Gu\u00e9rande et aux algues Pour une peau absolument douce et d\u00e9barrass\u00e9e de ses impuret\u00e9s pH neutre pour la peau. Fabrication 100% artisanale et bretonne \u2013 Non test\u00e9 sur les animaux Parfum : thalasso au sel de Gu\u00e9rande et aux algues \u00c0\u00a0la cire d\u2019abeille et \u00e0 l\u2019huile d\u2019amande douce. L\u2019algue chondrus [&hellip;]","og_url":"https:\/\/aelbienetre.fr\/index.php\/produit\/gommage-corps\/","og_site_name":"Ael Bien-\u00eatre","article_publisher":"https:\/\/www.facebook.com\/profile.php?id=100089567651182","article_modified_time":"2026-01-05T22:57:17+00:00","og_image":[{"width":800,"height":800,"url":"https:\/\/aelbienetre.fr\/wp-content\/uploads\/2023\/03\/gommage-thalasso-au-sel-de-guerande-et-aux-algues.png","type":"image\/png"}],"twitter_card":"summary_large_image","twitter_misc":{"Dur\u00e9e de lecture estim\u00e9e":"2 minutes"},"schema":{"@context":"https:\/\/schema.org","@graph":[{"@type":"WebPage","@id":"https:\/\/aelbienetre.fr\/index.php\/produit\/gommage-corps\/","url":"https:\/\/aelbienetre.fr\/index.php\/produit\/gommage-corps\/","name":"Gommage corps - Ael Bien-\u00eatre","isPartOf":{"@id":"https:\/\/aelbienetre.fr\/#website"},"primaryImageOfPage":{"@id":"https:\/\/aelbienetre.fr\/index.php\/produit\/gommage-corps\/#primaryimage"},"image":{"@id":"https:\/\/aelbienetre.fr\/index.php\/produit\/gommage-corps\/#primaryimage"},"thumbnailUrl":"https:\/\/aelbienetre.fr\/wp-content\/uploads\/2023\/03\/gommage-thalasso-au-sel-de-guerande-et-aux-algues.png","datePublished":"2023-03-19T13:46:36+00:00","dateModified":"2026-01-05T22:57:17+00:00","breadcrumb":{"@id":"https:\/\/aelbienetre.fr\/index.php\/produit\/gommage-corps\/#breadcrumb"},"inLanguage":"fr-FR","potentialAction":[{"@type":"ReadAction","target":["https:\/\/aelbienetre.fr\/index.php\/produit\/gommage-corps\/"]}]},{"@type":"ImageObject","inLanguage":"fr-FR","@id":"https:\/\/aelbienetre.fr\/index.php\/produit\/gommage-corps\/#primaryimage","url":"https:\/\/aelbienetre.fr\/wp-content\/uploads\/2023\/03\/gommage-thalasso-au-sel-de-guerande-et-aux-algues.png","contentUrl":"https:\/\/aelbienetre.fr\/wp-content\/uploads\/2023\/03\/gommage-thalasso-au-sel-de-guerande-et-aux-algues.png","width":800,"height":800,"caption":"Gommage corps"},{"@type":"BreadcrumbList","@id":"https:\/\/aelbienetre.fr\/index.php\/produit\/gommage-corps\/#breadcrumb","itemListElement":[{"@type":"ListItem","position":1,"name":"Produits d\u00e9tente","item":"https:\/\/aelbienetre.fr\/index.php\/boutique\/"},{"@type":"ListItem","position":2,"name":"Gommage corps"}]},{"@type":"WebSite","@id":"https:\/\/aelbienetre.fr\/#website","url":"https:\/\/aelbienetre.fr\/","name":"Ael Bien-\u00eatre","description":"Produits de bien-\u00eatre pour la douche et le bain","publisher":{"@id":"https:\/\/aelbienetre.fr\/#organization"},"potentialAction":[{"@type":"SearchAction","target":{"@type":"EntryPoint","urlTemplate":"https:\/\/aelbienetre.fr\/?s={search_term_string}"},"query-input":"required name=search_term_string"}],"inLanguage":"fr-FR"},{"@type":"Organization","@id":"https:\/\/aelbienetre.fr\/#organization","name":"Ael Bien-\u00eatre","url":"https:\/\/aelbienetre.fr\/","logo":{"@type":"ImageObject","inLanguage":"fr-FR","@id":"https:\/\/aelbienetre.fr\/#\/schema\/logo\/image\/","url":"https:\/\/aelbienetre.fr\/wp-content\/uploads\/2023\/03\/Logo.png","contentUrl":"https:\/\/aelbienetre.fr\/wp-content\/uploads\/2023\/03\/Logo.png","width":1200,"height":950,"caption":"Ael Bien-\u00eatre"},"image":{"@id":"https:\/\/aelbienetre.fr\/#\/schema\/logo\/image\/"},"sameAs":["https:\/\/www.facebook.com\/profile.php?id=100089567651182","https:\/\/www.pinterest.fr\/aelbienetre\/","https:\/\/www.instagram.com\/aelbienetre\/"]}]}},"jetpack_sharing_enabled":true,"jetpack-related-posts":[],"_links":{"self":[{"href":"https:\/\/aelbienetre.fr\/index.php\/wp-json\/wp\/v2\/product\/1251"}],"collection":[{"href":"https:\/\/aelbienetre.fr\/index.php\/wp-json\/wp\/v2\/product"}],"about":[{"href":"https:\/\/aelbienetre.fr\/index.php\/wp-json\/wp\/v2\/types\/product"}],"replies":[{"embeddable":true,"href":"https:\/\/aelbienetre.fr\/index.php\/wp-json\/wp\/v2\/comments?post=1251"}],"version-history":[{"count":4,"href":"https:\/\/aelbienetre.fr\/index.php\/wp-json\/wp\/v2\/product\/1251\/revisions"}],"predecessor-version":[{"id":3237,"href":"https:\/\/aelbienetre.fr\/index.php\/wp-json\/wp\/v2\/product\/1251\/revisions\/3237"}],"wp:featuredmedia":[{"embeddable":true,"href":"https:\/\/aelbienetre.fr\/index.php\/wp-json\/wp\/v2\/media\/1601"}],"wp:attachment":[{"href":"https:\/\/aelbienetre.fr\/index.php\/wp-json\/wp\/v2\/media?parent=1251"}],"wp:term":[{"taxonomy":"product_cat","embeddable":true,"href":"https:\/\/aelbienetre.fr\/index.php\/wp-json\/wp\/v2\/product_cat?post=1251"},{"taxonomy":"product_tag","embeddable":true,"href":"https:\/\/aelbienetre.fr\/index.php\/wp-json\/wp\/v2\/product_tag?post=1251"}],"curies":[{"name":"wp","href":"https:\/\/api.w.org\/{rel}","templated":true}]}}