{"id":1245,"date":"2023-03-19T14:46:36","date_gmt":"2023-03-19T13:46:36","guid":{"rendered":"https:\/\/aelbienetre.fr\/?post_type=product&#038;p=1245"},"modified":"2026-01-06T00:00:36","modified_gmt":"2026-01-05T23:00:36","slug":"gommage-corporel-au-sucre","status":"publish","type":"product","link":"https:\/\/aelbienetre.fr\/index.php\/produit\/gommage-corporel-au-sucre\/","title":{"rendered":"Gommage corporel au sucre"},"content":{"rendered":"<p>Les gommages corporels au sucre cocktail avec leur texture cr\u00e9meuse exfolient en douceur, facilitent la circulation et \u00e9liminent les cellules mortes de la peau. Ils aideront \u00e0 \u00e9liminer toutes les impuret\u00e9s et laisseront la peau douce et fra\u00eeche.<\/p>\n<p>Convient \u00e0 tous les types de peau<\/p>\n<p>&nbsp;<\/p>\n<p>Fabriqu\u00e9 \u00e0 la main au Royaume -Uni\u00a0&#8211; 300g de produit dans un contenant en verre.<\/p>\n","protected":false},"excerpt":{"rendered":"<p>Les gommages corporels au sucre cocktail avec leur texture cr\u00e9meuse exfolient en douceur, facilitent la circulation et \u00e9liminent les cellules mortes de la peau. Ils aideront \u00e0 \u00e9liminer toutes les impuret\u00e9s et laisseront la peau douce et fra\u00eeche. Convient \u00e0 tous les types de peau &nbsp; Fabriqu\u00e9 \u00e0 la main au Royaume -Uni\u00a0&#8211; 300g de [&hellip;]<\/p>\n","protected":false},"featured_media":2998,"comment_status":"open","ping_status":"closed","template":"","meta":[],"product_cat":[22,23],"product_tag":[],"yoast_head":"<!-- This site is optimized with the Yoast SEO plugin v23.2 - https:\/\/yoast.com\/wordpress\/plugins\/seo\/ -->\n<title>Gommage corporel au sucre - Ael Bien-\u00eatre<\/title>\n<meta name=\"robots\" content=\"index, follow, max-snippet:-1, max-image-preview:large, max-video-preview:-1\" \/>\n<link rel=\"canonical\" href=\"https:\/\/aelbienetre.fr\/index.php\/produit\/gommage-corporel-au-sucre\/\" \/>\n<meta property=\"og:locale\" content=\"fr_FR\" \/>\n<meta property=\"og:type\" content=\"article\" \/>\n<meta property=\"og:title\" content=\"Gommage corporel au sucre - Ael Bien-\u00eatre\" \/>\n<meta property=\"og:description\" content=\"Les gommages corporels au sucre cocktail avec leur texture cr\u00e9meuse exfolient en douceur, facilitent la circulation et \u00e9liminent les cellules mortes de la peau. Ils aideront \u00e0 \u00e9liminer toutes les impuret\u00e9s et laisseront la peau douce et fra\u00eeche. Convient \u00e0 tous les types de peau &nbsp; Fabriqu\u00e9 \u00e0 la main au Royaume -Uni\u00a0&#8211; 300g de [&hellip;]\" \/>\n<meta property=\"og:url\" content=\"https:\/\/aelbienetre.fr\/index.php\/produit\/gommage-corporel-au-sucre\/\" \/>\n<meta property=\"og:site_name\" content=\"Ael Bien-\u00eatre\" \/>\n<meta property=\"article:publisher\" content=\"https:\/\/www.facebook.com\/profile.php?id=100089567651182\" \/>\n<meta property=\"article:modified_time\" content=\"2026-01-05T23:00:36+00:00\" \/>\n<meta property=\"og:image\" content=\"https:\/\/aelbienetre.fr\/wp-content\/uploads\/2023\/03\/IMG_3322-scaled-e1689891897476.jpg\" \/>\n\t<meta property=\"og:image:width\" content=\"1280\" \/>\n\t<meta property=\"og:image:height\" content=\"960\" \/>\n\t<meta property=\"og:image:type\" content=\"image\/jpeg\" \/>\n<meta name=\"twitter:card\" content=\"summary_large_image\" \/>\n<meta name=\"twitter:label1\" content=\"Dur\u00e9e de lecture estim\u00e9e\" \/>\n\t<meta name=\"twitter:data1\" content=\"1 minute\" \/>\n<script type=\"application\/ld+json\" class=\"yoast-schema-graph\">{\"@context\":\"https:\/\/schema.org\",\"@graph\":[{\"@type\":\"WebPage\",\"@id\":\"https:\/\/aelbienetre.fr\/index.php\/produit\/gommage-corporel-au-sucre\/\",\"url\":\"https:\/\/aelbienetre.fr\/index.php\/produit\/gommage-corporel-au-sucre\/\",\"name\":\"Gommage corporel au sucre - Ael Bien-\u00eatre\",\"isPartOf\":{\"@id\":\"https:\/\/aelbienetre.fr\/#website\"},\"primaryImageOfPage\":{\"@id\":\"https:\/\/aelbienetre.fr\/index.php\/produit\/gommage-corporel-au-sucre\/#primaryimage\"},\"image\":{\"@id\":\"https:\/\/aelbienetre.fr\/index.php\/produit\/gommage-corporel-au-sucre\/#primaryimage\"},\"thumbnailUrl\":\"https:\/\/aelbienetre.fr\/wp-content\/uploads\/2023\/03\/IMG_3322-scaled-e1689891897476.jpg\",\"datePublished\":\"2023-03-19T13:46:36+00:00\",\"dateModified\":\"2026-01-05T23:00:36+00:00\",\"breadcrumb\":{\"@id\":\"https:\/\/aelbienetre.fr\/index.php\/produit\/gommage-corporel-au-sucre\/#breadcrumb\"},\"inLanguage\":\"fr-FR\",\"potentialAction\":[{\"@type\":\"ReadAction\",\"target\":[\"https:\/\/aelbienetre.fr\/index.php\/produit\/gommage-corporel-au-sucre\/\"]}]},{\"@type\":\"ImageObject\",\"inLanguage\":\"fr-FR\",\"@id\":\"https:\/\/aelbienetre.fr\/index.php\/produit\/gommage-corporel-au-sucre\/#primaryimage\",\"url\":\"https:\/\/aelbienetre.fr\/wp-content\/uploads\/2023\/03\/IMG_3322-scaled-e1689891897476.jpg\",\"contentUrl\":\"https:\/\/aelbienetre.fr\/wp-content\/uploads\/2023\/03\/IMG_3322-scaled-e1689891897476.jpg\",\"width\":1280,\"height\":960,\"caption\":\"Gommages corporels au sucre\"},{\"@type\":\"BreadcrumbList\",\"@id\":\"https:\/\/aelbienetre.fr\/index.php\/produit\/gommage-corporel-au-sucre\/#breadcrumb\",\"itemListElement\":[{\"@type\":\"ListItem\",\"position\":1,\"name\":\"Produits d\u00e9tente\",\"item\":\"https:\/\/aelbienetre.fr\/index.php\/boutique\/\"},{\"@type\":\"ListItem\",\"position\":2,\"name\":\"Gommage corporel au sucre\"}]},{\"@type\":\"WebSite\",\"@id\":\"https:\/\/aelbienetre.fr\/#website\",\"url\":\"https:\/\/aelbienetre.fr\/\",\"name\":\"Ael Bien-\u00eatre\",\"description\":\"Produits de bien-\u00eatre pour la douche et le bain\",\"publisher\":{\"@id\":\"https:\/\/aelbienetre.fr\/#organization\"},\"potentialAction\":[{\"@type\":\"SearchAction\",\"target\":{\"@type\":\"EntryPoint\",\"urlTemplate\":\"https:\/\/aelbienetre.fr\/?s={search_term_string}\"},\"query-input\":\"required name=search_term_string\"}],\"inLanguage\":\"fr-FR\"},{\"@type\":\"Organization\",\"@id\":\"https:\/\/aelbienetre.fr\/#organization\",\"name\":\"Ael Bien-\u00eatre\",\"url\":\"https:\/\/aelbienetre.fr\/\",\"logo\":{\"@type\":\"ImageObject\",\"inLanguage\":\"fr-FR\",\"@id\":\"https:\/\/aelbienetre.fr\/#\/schema\/logo\/image\/\",\"url\":\"https:\/\/aelbienetre.fr\/wp-content\/uploads\/2023\/03\/Logo.png\",\"contentUrl\":\"https:\/\/aelbienetre.fr\/wp-content\/uploads\/2023\/03\/Logo.png\",\"width\":1200,\"height\":950,\"caption\":\"Ael Bien-\u00eatre\"},\"image\":{\"@id\":\"https:\/\/aelbienetre.fr\/#\/schema\/logo\/image\/\"},\"sameAs\":[\"https:\/\/www.facebook.com\/profile.php?id=100089567651182\",\"https:\/\/www.pinterest.fr\/aelbienetre\/\",\"https:\/\/www.instagram.com\/aelbienetre\/\"]}]}<\/script>\n<!-- \/ Yoast SEO plugin. -->","yoast_head_json":{"title":"Gommage corporel au sucre - Ael Bien-\u00eatre","robots":{"index":"index","follow":"follow","max-snippet":"max-snippet:-1","max-image-preview":"max-image-preview:large","max-video-preview":"max-video-preview:-1"},"canonical":"https:\/\/aelbienetre.fr\/index.php\/produit\/gommage-corporel-au-sucre\/","og_locale":"fr_FR","og_type":"article","og_title":"Gommage corporel au sucre - Ael Bien-\u00eatre","og_description":"Les gommages corporels au sucre cocktail avec leur texture cr\u00e9meuse exfolient en douceur, facilitent la circulation et \u00e9liminent les cellules mortes de la peau. Ils aideront \u00e0 \u00e9liminer toutes les impuret\u00e9s et laisseront la peau douce et fra\u00eeche. Convient \u00e0 tous les types de peau &nbsp; Fabriqu\u00e9 \u00e0 la main au Royaume -Uni\u00a0&#8211; 300g de [&hellip;]","og_url":"https:\/\/aelbienetre.fr\/index.php\/produit\/gommage-corporel-au-sucre\/","og_site_name":"Ael Bien-\u00eatre","article_publisher":"https:\/\/www.facebook.com\/profile.php?id=100089567651182","article_modified_time":"2026-01-05T23:00:36+00:00","og_image":[{"width":1280,"height":960,"url":"https:\/\/aelbienetre.fr\/wp-content\/uploads\/2023\/03\/IMG_3322-scaled-e1689891897476.jpg","type":"image\/jpeg"}],"twitter_card":"summary_large_image","twitter_misc":{"Dur\u00e9e de lecture estim\u00e9e":"1 minute"},"schema":{"@context":"https:\/\/schema.org","@graph":[{"@type":"WebPage","@id":"https:\/\/aelbienetre.fr\/index.php\/produit\/gommage-corporel-au-sucre\/","url":"https:\/\/aelbienetre.fr\/index.php\/produit\/gommage-corporel-au-sucre\/","name":"Gommage corporel au sucre - Ael Bien-\u00eatre","isPartOf":{"@id":"https:\/\/aelbienetre.fr\/#website"},"primaryImageOfPage":{"@id":"https:\/\/aelbienetre.fr\/index.php\/produit\/gommage-corporel-au-sucre\/#primaryimage"},"image":{"@id":"https:\/\/aelbienetre.fr\/index.php\/produit\/gommage-corporel-au-sucre\/#primaryimage"},"thumbnailUrl":"https:\/\/aelbienetre.fr\/wp-content\/uploads\/2023\/03\/IMG_3322-scaled-e1689891897476.jpg","datePublished":"2023-03-19T13:46:36+00:00","dateModified":"2026-01-05T23:00:36+00:00","breadcrumb":{"@id":"https:\/\/aelbienetre.fr\/index.php\/produit\/gommage-corporel-au-sucre\/#breadcrumb"},"inLanguage":"fr-FR","potentialAction":[{"@type":"ReadAction","target":["https:\/\/aelbienetre.fr\/index.php\/produit\/gommage-corporel-au-sucre\/"]}]},{"@type":"ImageObject","inLanguage":"fr-FR","@id":"https:\/\/aelbienetre.fr\/index.php\/produit\/gommage-corporel-au-sucre\/#primaryimage","url":"https:\/\/aelbienetre.fr\/wp-content\/uploads\/2023\/03\/IMG_3322-scaled-e1689891897476.jpg","contentUrl":"https:\/\/aelbienetre.fr\/wp-content\/uploads\/2023\/03\/IMG_3322-scaled-e1689891897476.jpg","width":1280,"height":960,"caption":"Gommages corporels au sucre"},{"@type":"BreadcrumbList","@id":"https:\/\/aelbienetre.fr\/index.php\/produit\/gommage-corporel-au-sucre\/#breadcrumb","itemListElement":[{"@type":"ListItem","position":1,"name":"Produits d\u00e9tente","item":"https:\/\/aelbienetre.fr\/index.php\/boutique\/"},{"@type":"ListItem","position":2,"name":"Gommage corporel au sucre"}]},{"@type":"WebSite","@id":"https:\/\/aelbienetre.fr\/#website","url":"https:\/\/aelbienetre.fr\/","name":"Ael Bien-\u00eatre","description":"Produits de bien-\u00eatre pour la douche et le bain","publisher":{"@id":"https:\/\/aelbienetre.fr\/#organization"},"potentialAction":[{"@type":"SearchAction","target":{"@type":"EntryPoint","urlTemplate":"https:\/\/aelbienetre.fr\/?s={search_term_string}"},"query-input":"required name=search_term_string"}],"inLanguage":"fr-FR"},{"@type":"Organization","@id":"https:\/\/aelbienetre.fr\/#organization","name":"Ael Bien-\u00eatre","url":"https:\/\/aelbienetre.fr\/","logo":{"@type":"ImageObject","inLanguage":"fr-FR","@id":"https:\/\/aelbienetre.fr\/#\/schema\/logo\/image\/","url":"https:\/\/aelbienetre.fr\/wp-content\/uploads\/2023\/03\/Logo.png","contentUrl":"https:\/\/aelbienetre.fr\/wp-content\/uploads\/2023\/03\/Logo.png","width":1200,"height":950,"caption":"Ael Bien-\u00eatre"},"image":{"@id":"https:\/\/aelbienetre.fr\/#\/schema\/logo\/image\/"},"sameAs":["https:\/\/www.facebook.com\/profile.php?id=100089567651182","https:\/\/www.pinterest.fr\/aelbienetre\/","https:\/\/www.instagram.com\/aelbienetre\/"]}]}},"jetpack_sharing_enabled":true,"jetpack-related-posts":[],"_links":{"self":[{"href":"https:\/\/aelbienetre.fr\/index.php\/wp-json\/wp\/v2\/product\/1245"}],"collection":[{"href":"https:\/\/aelbienetre.fr\/index.php\/wp-json\/wp\/v2\/product"}],"about":[{"href":"https:\/\/aelbienetre.fr\/index.php\/wp-json\/wp\/v2\/types\/product"}],"replies":[{"embeddable":true,"href":"https:\/\/aelbienetre.fr\/index.php\/wp-json\/wp\/v2\/comments?post=1245"}],"version-history":[{"count":2,"href":"https:\/\/aelbienetre.fr\/index.php\/wp-json\/wp\/v2\/product\/1245\/revisions"}],"predecessor-version":[{"id":3002,"href":"https:\/\/aelbienetre.fr\/index.php\/wp-json\/wp\/v2\/product\/1245\/revisions\/3002"}],"wp:featuredmedia":[{"embeddable":true,"href":"https:\/\/aelbienetre.fr\/index.php\/wp-json\/wp\/v2\/media\/2998"}],"wp:attachment":[{"href":"https:\/\/aelbienetre.fr\/index.php\/wp-json\/wp\/v2\/media?parent=1245"}],"wp:term":[{"taxonomy":"product_cat","embeddable":true,"href":"https:\/\/aelbienetre.fr\/index.php\/wp-json\/wp\/v2\/product_cat?post=1245"},{"taxonomy":"product_tag","embeddable":true,"href":"https:\/\/aelbienetre.fr\/index.php\/wp-json\/wp\/v2\/product_tag?post=1245"}],"curies":[{"name":"wp","href":"https:\/\/api.w.org\/{rel}","templated":true}]}}