{"id":1216,"date":"2023-03-19T14:46:30","date_gmt":"2023-03-19T13:46:30","guid":{"rendered":"https:\/\/aelbienetre.fr\/?post_type=product&#038;p=1216"},"modified":"2023-12-09T10:58:31","modified_gmt":"2023-12-09T09:58:31","slug":"feuilles-de-savon","status":"publish","type":"product","link":"https:\/\/aelbienetre.fr\/index.php\/produit\/feuilles-de-savon\/","title":{"rendered":"Feuilles de savon"},"content":{"rendered":"<p>Ce produit est tr\u00e8s utile et compact et vous l\u2019emporterez partout avec vous (en voyage, au bureau, dans votre voiture, un sac de sport ou dans votre poche pour une utilisation quotidienne \u00e0 port\u00e9e de main).<\/p>\n<p>Il suffit tout simplement d&#8217;ajouter de l&#8217;eau \u00e0 une feuille\u00a0de savon dans la paume de votre main et elle\u00a0se transformera\u00a0instantan\u00e9ment en une mousse de savon pour\u00a0un lavage impeccable des mains.<\/p>\n<p>Vendu par\u00a0bo\u00eete de 20 feuilles\u00a0\u00e0 usage unique.<\/p>\n<p>Enti\u00e8rement biod\u00e9gradable et sans danger pour l&#8217;environnement. Non test\u00e9 sur les animaux.<\/p>\n","protected":false},"excerpt":{"rendered":"<p>Ce produit est tr\u00e8s utile et compact et vous l\u2019emporterez partout avec vous (en voyage, au bureau, dans votre voiture, un sac de sport ou dans votre poche pour une utilisation quotidienne \u00e0 port\u00e9e de main). Il suffit tout simplement d&#8217;ajouter de l&#8217;eau \u00e0 une feuille\u00a0de savon dans la paume de votre main et elle\u00a0se [&hellip;]<\/p>\n","protected":false},"featured_media":1681,"comment_status":"open","ping_status":"closed","template":"","meta":[],"product_cat":[23],"product_tag":[],"yoast_head":"<!-- This site is optimized with the Yoast SEO plugin v23.2 - https:\/\/yoast.com\/wordpress\/plugins\/seo\/ -->\n<title>Feuilles de savon - Ael Bien-\u00eatre<\/title>\n<meta name=\"robots\" content=\"index, follow, max-snippet:-1, max-image-preview:large, max-video-preview:-1\" \/>\n<link rel=\"canonical\" href=\"https:\/\/aelbienetre.fr\/index.php\/produit\/feuilles-de-savon\/\" \/>\n<meta property=\"og:locale\" content=\"fr_FR\" \/>\n<meta property=\"og:type\" content=\"article\" \/>\n<meta property=\"og:title\" content=\"Feuilles de savon - Ael Bien-\u00eatre\" \/>\n<meta property=\"og:description\" content=\"Ce produit est tr\u00e8s utile et compact et vous l\u2019emporterez partout avec vous (en voyage, au bureau, dans votre voiture, un sac de sport ou dans votre poche pour une utilisation quotidienne \u00e0 port\u00e9e de main). Il suffit tout simplement d&#8217;ajouter de l&#8217;eau \u00e0 une feuille\u00a0de savon dans la paume de votre main et elle\u00a0se [&hellip;]\" \/>\n<meta property=\"og:url\" content=\"https:\/\/aelbienetre.fr\/index.php\/produit\/feuilles-de-savon\/\" \/>\n<meta property=\"og:site_name\" content=\"Ael Bien-\u00eatre\" \/>\n<meta property=\"article:publisher\" content=\"https:\/\/www.facebook.com\/profile.php?id=100089567651182\" \/>\n<meta property=\"article:modified_time\" content=\"2023-12-09T09:58:31+00:00\" \/>\n<meta property=\"og:image\" content=\"https:\/\/i0.wp.com\/aelbienetre.fr\/wp-content\/uploads\/2023\/03\/10718-e1690107958379.jpeg?fit=1200%2C800&ssl=1\" \/>\n\t<meta property=\"og:image:width\" content=\"1200\" \/>\n\t<meta property=\"og:image:height\" content=\"800\" \/>\n\t<meta property=\"og:image:type\" content=\"image\/jpeg\" \/>\n<meta name=\"twitter:card\" content=\"summary_large_image\" \/>\n<script type=\"application\/ld+json\" class=\"yoast-schema-graph\">{\"@context\":\"https:\/\/schema.org\",\"@graph\":[{\"@type\":\"WebPage\",\"@id\":\"https:\/\/aelbienetre.fr\/index.php\/produit\/feuilles-de-savon\/\",\"url\":\"https:\/\/aelbienetre.fr\/index.php\/produit\/feuilles-de-savon\/\",\"name\":\"Feuilles de savon - Ael Bien-\u00eatre\",\"isPartOf\":{\"@id\":\"https:\/\/aelbienetre.fr\/#website\"},\"primaryImageOfPage\":{\"@id\":\"https:\/\/aelbienetre.fr\/index.php\/produit\/feuilles-de-savon\/#primaryimage\"},\"image\":{\"@id\":\"https:\/\/aelbienetre.fr\/index.php\/produit\/feuilles-de-savon\/#primaryimage\"},\"thumbnailUrl\":\"https:\/\/aelbienetre.fr\/wp-content\/uploads\/2023\/03\/10718-e1690107958379.jpeg\",\"datePublished\":\"2023-03-19T13:46:30+00:00\",\"dateModified\":\"2023-12-09T09:58:31+00:00\",\"breadcrumb\":{\"@id\":\"https:\/\/aelbienetre.fr\/index.php\/produit\/feuilles-de-savon\/#breadcrumb\"},\"inLanguage\":\"fr-FR\",\"potentialAction\":[{\"@type\":\"ReadAction\",\"target\":[\"https:\/\/aelbienetre.fr\/index.php\/produit\/feuilles-de-savon\/\"]}]},{\"@type\":\"ImageObject\",\"inLanguage\":\"fr-FR\",\"@id\":\"https:\/\/aelbienetre.fr\/index.php\/produit\/feuilles-de-savon\/#primaryimage\",\"url\":\"https:\/\/aelbienetre.fr\/wp-content\/uploads\/2023\/03\/10718-e1690107958379.jpeg\",\"contentUrl\":\"https:\/\/aelbienetre.fr\/wp-content\/uploads\/2023\/03\/10718-e1690107958379.jpeg\",\"width\":1200,\"height\":800,\"caption\":\"Feuilles de savon\"},{\"@type\":\"BreadcrumbList\",\"@id\":\"https:\/\/aelbienetre.fr\/index.php\/produit\/feuilles-de-savon\/#breadcrumb\",\"itemListElement\":[{\"@type\":\"ListItem\",\"position\":1,\"name\":\"Produits d\u00e9tente\",\"item\":\"https:\/\/aelbienetre.fr\/index.php\/boutique\/\"},{\"@type\":\"ListItem\",\"position\":2,\"name\":\"Feuilles de savon\"}]},{\"@type\":\"WebSite\",\"@id\":\"https:\/\/aelbienetre.fr\/#website\",\"url\":\"https:\/\/aelbienetre.fr\/\",\"name\":\"Ael Bien-\u00eatre\",\"description\":\"Produits de bien-\u00eatre pour la douche et le bain\",\"publisher\":{\"@id\":\"https:\/\/aelbienetre.fr\/#organization\"},\"potentialAction\":[{\"@type\":\"SearchAction\",\"target\":{\"@type\":\"EntryPoint\",\"urlTemplate\":\"https:\/\/aelbienetre.fr\/?s={search_term_string}\"},\"query-input\":\"required name=search_term_string\"}],\"inLanguage\":\"fr-FR\"},{\"@type\":\"Organization\",\"@id\":\"https:\/\/aelbienetre.fr\/#organization\",\"name\":\"Ael Bien-\u00eatre\",\"url\":\"https:\/\/aelbienetre.fr\/\",\"logo\":{\"@type\":\"ImageObject\",\"inLanguage\":\"fr-FR\",\"@id\":\"https:\/\/aelbienetre.fr\/#\/schema\/logo\/image\/\",\"url\":\"https:\/\/aelbienetre.fr\/wp-content\/uploads\/2023\/03\/Logo.png\",\"contentUrl\":\"https:\/\/aelbienetre.fr\/wp-content\/uploads\/2023\/03\/Logo.png\",\"width\":1200,\"height\":950,\"caption\":\"Ael Bien-\u00eatre\"},\"image\":{\"@id\":\"https:\/\/aelbienetre.fr\/#\/schema\/logo\/image\/\"},\"sameAs\":[\"https:\/\/www.facebook.com\/profile.php?id=100089567651182\",\"https:\/\/www.pinterest.fr\/aelbienetre\/\",\"https:\/\/www.instagram.com\/aelbienetre\/\"]}]}<\/script>\n<!-- \/ Yoast SEO plugin. -->","yoast_head_json":{"title":"Feuilles de savon - Ael Bien-\u00eatre","robots":{"index":"index","follow":"follow","max-snippet":"max-snippet:-1","max-image-preview":"max-image-preview:large","max-video-preview":"max-video-preview:-1"},"canonical":"https:\/\/aelbienetre.fr\/index.php\/produit\/feuilles-de-savon\/","og_locale":"fr_FR","og_type":"article","og_title":"Feuilles de savon - Ael Bien-\u00eatre","og_description":"Ce produit est tr\u00e8s utile et compact et vous l\u2019emporterez partout avec vous (en voyage, au bureau, dans votre voiture, un sac de sport ou dans votre poche pour une utilisation quotidienne \u00e0 port\u00e9e de main). Il suffit tout simplement d&#8217;ajouter de l&#8217;eau \u00e0 une feuille\u00a0de savon dans la paume de votre main et elle\u00a0se [&hellip;]","og_url":"https:\/\/aelbienetre.fr\/index.php\/produit\/feuilles-de-savon\/","og_site_name":"Ael Bien-\u00eatre","article_publisher":"https:\/\/www.facebook.com\/profile.php?id=100089567651182","article_modified_time":"2023-12-09T09:58:31+00:00","og_image":[{"width":1200,"height":800,"url":"https:\/\/i0.wp.com\/aelbienetre.fr\/wp-content\/uploads\/2023\/03\/10718-e1690107958379.jpeg?fit=1200%2C800&ssl=1","type":"image\/jpeg"}],"twitter_card":"summary_large_image","schema":{"@context":"https:\/\/schema.org","@graph":[{"@type":"WebPage","@id":"https:\/\/aelbienetre.fr\/index.php\/produit\/feuilles-de-savon\/","url":"https:\/\/aelbienetre.fr\/index.php\/produit\/feuilles-de-savon\/","name":"Feuilles de savon - Ael Bien-\u00eatre","isPartOf":{"@id":"https:\/\/aelbienetre.fr\/#website"},"primaryImageOfPage":{"@id":"https:\/\/aelbienetre.fr\/index.php\/produit\/feuilles-de-savon\/#primaryimage"},"image":{"@id":"https:\/\/aelbienetre.fr\/index.php\/produit\/feuilles-de-savon\/#primaryimage"},"thumbnailUrl":"https:\/\/aelbienetre.fr\/wp-content\/uploads\/2023\/03\/10718-e1690107958379.jpeg","datePublished":"2023-03-19T13:46:30+00:00","dateModified":"2023-12-09T09:58:31+00:00","breadcrumb":{"@id":"https:\/\/aelbienetre.fr\/index.php\/produit\/feuilles-de-savon\/#breadcrumb"},"inLanguage":"fr-FR","potentialAction":[{"@type":"ReadAction","target":["https:\/\/aelbienetre.fr\/index.php\/produit\/feuilles-de-savon\/"]}]},{"@type":"ImageObject","inLanguage":"fr-FR","@id":"https:\/\/aelbienetre.fr\/index.php\/produit\/feuilles-de-savon\/#primaryimage","url":"https:\/\/aelbienetre.fr\/wp-content\/uploads\/2023\/03\/10718-e1690107958379.jpeg","contentUrl":"https:\/\/aelbienetre.fr\/wp-content\/uploads\/2023\/03\/10718-e1690107958379.jpeg","width":1200,"height":800,"caption":"Feuilles de savon"},{"@type":"BreadcrumbList","@id":"https:\/\/aelbienetre.fr\/index.php\/produit\/feuilles-de-savon\/#breadcrumb","itemListElement":[{"@type":"ListItem","position":1,"name":"Produits d\u00e9tente","item":"https:\/\/aelbienetre.fr\/index.php\/boutique\/"},{"@type":"ListItem","position":2,"name":"Feuilles de savon"}]},{"@type":"WebSite","@id":"https:\/\/aelbienetre.fr\/#website","url":"https:\/\/aelbienetre.fr\/","name":"Ael Bien-\u00eatre","description":"Produits de bien-\u00eatre pour la douche et le bain","publisher":{"@id":"https:\/\/aelbienetre.fr\/#organization"},"potentialAction":[{"@type":"SearchAction","target":{"@type":"EntryPoint","urlTemplate":"https:\/\/aelbienetre.fr\/?s={search_term_string}"},"query-input":"required name=search_term_string"}],"inLanguage":"fr-FR"},{"@type":"Organization","@id":"https:\/\/aelbienetre.fr\/#organization","name":"Ael Bien-\u00eatre","url":"https:\/\/aelbienetre.fr\/","logo":{"@type":"ImageObject","inLanguage":"fr-FR","@id":"https:\/\/aelbienetre.fr\/#\/schema\/logo\/image\/","url":"https:\/\/aelbienetre.fr\/wp-content\/uploads\/2023\/03\/Logo.png","contentUrl":"https:\/\/aelbienetre.fr\/wp-content\/uploads\/2023\/03\/Logo.png","width":1200,"height":950,"caption":"Ael Bien-\u00eatre"},"image":{"@id":"https:\/\/aelbienetre.fr\/#\/schema\/logo\/image\/"},"sameAs":["https:\/\/www.facebook.com\/profile.php?id=100089567651182","https:\/\/www.pinterest.fr\/aelbienetre\/","https:\/\/www.instagram.com\/aelbienetre\/"]}]}},"jetpack_sharing_enabled":true,"jetpack-related-posts":[],"_links":{"self":[{"href":"https:\/\/aelbienetre.fr\/index.php\/wp-json\/wp\/v2\/product\/1216"}],"collection":[{"href":"https:\/\/aelbienetre.fr\/index.php\/wp-json\/wp\/v2\/product"}],"about":[{"href":"https:\/\/aelbienetre.fr\/index.php\/wp-json\/wp\/v2\/types\/product"}],"replies":[{"embeddable":true,"href":"https:\/\/aelbienetre.fr\/index.php\/wp-json\/wp\/v2\/comments?post=1216"}],"version-history":[{"count":1,"href":"https:\/\/aelbienetre.fr\/index.php\/wp-json\/wp\/v2\/product\/1216\/revisions"}],"predecessor-version":[{"id":2650,"href":"https:\/\/aelbienetre.fr\/index.php\/wp-json\/wp\/v2\/product\/1216\/revisions\/2650"}],"wp:featuredmedia":[{"embeddable":true,"href":"https:\/\/aelbienetre.fr\/index.php\/wp-json\/wp\/v2\/media\/1681"}],"wp:attachment":[{"href":"https:\/\/aelbienetre.fr\/index.php\/wp-json\/wp\/v2\/media?parent=1216"}],"wp:term":[{"taxonomy":"product_cat","embeddable":true,"href":"https:\/\/aelbienetre.fr\/index.php\/wp-json\/wp\/v2\/product_cat?post=1216"},{"taxonomy":"product_tag","embeddable":true,"href":"https:\/\/aelbienetre.fr\/index.php\/wp-json\/wp\/v2\/product_tag?post=1216"}],"curies":[{"name":"wp","href":"https:\/\/api.w.org\/{rel}","templated":true}]}}