{"id":1147,"date":"2023-03-19T14:46:20","date_gmt":"2023-03-19T13:46:20","guid":{"rendered":"https:\/\/aelbienetre.fr\/?post_type=product&#038;p=1147"},"modified":"2026-03-08T01:50:25","modified_gmt":"2026-03-08T00:50:25","slug":"beurre-hydratant-visage-et-corps","status":"publish","type":"product","link":"https:\/\/aelbienetre.fr\/index.php\/produit\/beurre-hydratant-visage-et-corps\/","title":{"rendered":"Beurre hydratant visage et corps"},"content":{"rendered":"<p align=\"LEFT\"><span style=\"color: #000000;\"><span style=\"font-family: Times New Roman, serif;\"><span style=\"font-size: medium;\">Terrine de beurre hydratant<\/span><\/span><\/span><\/p>\n<p align=\"LEFT\"><span style=\"color: #000000;\"><span style=\"font-family: Times New Roman, serif;\"><span style=\"font-size: medium;\">Ce\u00a0beurre hydratant naturel aux algues pour le visage et le corps a \u00e9t\u00e9 \u00e9labor\u00e9 \u00e0 base de beurre de karit\u00e9, d\u2019huile de chanvre et de ricin et d\u2019algues v\u00e9ritables : sp\u00e9cialement con\u00e7u pour les hommes avec son parfum frais et masculin, il sera id\u00e9al pour hydrater votre peau apr\u00e8s la douche, avant des activit\u00e9s sportives en ext\u00e9rieur, par temps froid ou d\u00e8s lors que votre peau est s\u00e8che ou tiraille. <\/span><\/span><\/span><\/p>\n<p align=\"LEFT\"><span style=\"color: #000000;\"><span style=\"font-family: Times New Roman, serif;\"><span style=\"font-size: medium;\">L\u2019association de beurre de karit\u00e9 et huile de chanvre hydratent votre \u00e9piderme et luttent contre le dess\u00e8chement cutan\u00e9. Quant aux algues, r\u00e9colt\u00e9es sur les c\u00f4tes bretonnes, elles poss\u00e8dent des vertus adoucissantes et apaisantes.<\/span><\/span><\/span><\/p>\n<p><strong><span style=\"color: #000000;\"><span style=\"font-family: Times New Roman, serif;\"><span style=\"font-size: medium;\">Fabrication 100% artisanale et bretonne \u2013 Non test\u00e9 sur les animaux<\/span><\/span><\/span><\/strong><\/p>\n<pre class=\"western\"><span style=\"color: #000000;\"><span style=\"font-family: Times New Roman, serif;\"><span style=\"font-size: medium;\">Utilisez ce beurre hydratant naturel constitu\u00e9 de beurre de karit\u00e9, d'huile de chanvre, de ricin et d'algues avant chaque activit\u00e9 sportive ext\u00e9rieur notamment par temps froid et \u00e0 chaque fois que votre peau vous parait s\u00e8che et d\u00e9shydrat\u00e9e.<\/span><\/span><\/span>\r\n<span style=\"color: #000000;\">\u00a0<\/span>\r\n<span style=\"color: #000000;\"><span style=\"font-family: Times New Roman, serif;\"><span style=\"font-size: medium;\">Le chanvre est recommand\u00e9 pour l'ecz\u00e9ma sec, le psoriasis et pour le dess\u00e8chement de la peau en g\u00e9n\u00e9ral.<\/span><\/span><\/span>\r\n<span style=\"color: #000000;\"><span style=\"font-family: Times New Roman, serif;\"><span style=\"font-size: medium;\">Le fucus r\u00e9colt\u00e9 sur les c\u00f4tes bretonnes adoucit et apaise la peau.<\/span><\/span><\/span><\/pre>\n<p align=\"LEFT\"><span style=\"color: #000000;\"><span style=\"font-family: Times New Roman, serif;\"><span style=\"font-size: medium;\"><strong>Poids<\/strong>\u00a0: pot de 90g<\/span><\/span><\/span><\/p>\n<p align=\"LEFT\"><strong><span style=\"color: #000000;\"><span style=\"font-family: Times New Roman, serif;\"><span style=\"font-size: medium;\">Conseils d\u2019utilisation<\/span><\/span><\/span><\/strong><\/p>\n<p align=\"LEFT\"><span style=\"color: #000000;\"><span style=\"font-family: Times New Roman, serif;\"><span style=\"font-size: medium;\">Etalez une noisette de beurre hydratant sur le corps ou sur votre visage jusqu\u2019\u00e0 absorption du produit. Utilisez-le matin ou soir ou d\u00e8s que votre peau vous semble s\u00e8che.<\/span><\/span><\/span><\/p>\n<p align=\"LEFT\"><span style=\"color: #000000;\"><span style=\"font-family: Times New Roman, serif;\"><span style=\"font-size: medium;\"><br \/>\nEn cas de contact avec les yeux, rincer \u00e0 l\u2019eau froide. Ne pas ing\u00e9rer. Ne convient pas aux enfants de moins de 36 mois <\/span><\/span><\/span><\/p>\n<p align=\"LEFT\"><span style=\"color: #000000;\"><span style=\"font-family: Times New Roman, serif;\"><span style=\"font-size: medium;\"><strong>Ingr\u00e9dients<\/strong><\/span><\/span><\/span><\/p>\n<p align=\"LEFT\"><span style=\"color: #000000;\"><span style=\"font-family: Times New Roman, serif;\"><span style=\"font-size: medium;\">butyrospermum parkii butter, cannabis sativa seed oil, ricinus communis seed oil, fragrance, fucus vesiculosus extract, benzyl salicylate, linalool, limonene, coumarin, citronellol, eugenol, citral, geraniol. <\/span><\/span><\/span><\/p>\n<p align=\"LEFT\"><span style=\"color: #000000;\"><span style=\"font-family: Times New Roman, serif;\"><span style=\"font-size: medium;\">Fabriqu\u00e9 en Bretagne (22)<\/span><\/span><\/span><\/p>\n","protected":false},"excerpt":{"rendered":"<p>Terrine de beurre hydratant Ce\u00a0beurre hydratant naturel aux algues pour le visage et le corps a \u00e9t\u00e9 \u00e9labor\u00e9 \u00e0 base de beurre de karit\u00e9, d\u2019huile de chanvre et de ricin et d\u2019algues v\u00e9ritables : sp\u00e9cialement con\u00e7u pour les hommes avec son parfum frais et masculin, il sera id\u00e9al pour hydrater votre peau apr\u00e8s la douche, [&hellip;]<\/p>\n","protected":false},"featured_media":1588,"comment_status":"open","ping_status":"closed","template":"","meta":[],"product_cat":[20,23],"product_tag":[],"yoast_head":"<!-- This site is optimized with the Yoast SEO plugin v23.2 - https:\/\/yoast.com\/wordpress\/plugins\/seo\/ -->\n<title>Beurre hydratant visage et corps - Ael Bien-\u00eatre<\/title>\n<meta name=\"robots\" content=\"index, follow, max-snippet:-1, max-image-preview:large, max-video-preview:-1\" \/>\n<link rel=\"canonical\" href=\"https:\/\/aelbienetre.fr\/index.php\/produit\/beurre-hydratant-visage-et-corps\/\" \/>\n<meta property=\"og:locale\" content=\"fr_FR\" \/>\n<meta property=\"og:type\" content=\"article\" \/>\n<meta property=\"og:title\" content=\"Beurre hydratant visage et corps - Ael Bien-\u00eatre\" \/>\n<meta property=\"og:description\" content=\"Terrine de beurre hydratant Ce\u00a0beurre hydratant naturel aux algues pour le visage et le corps a \u00e9t\u00e9 \u00e9labor\u00e9 \u00e0 base de beurre de karit\u00e9, d\u2019huile de chanvre et de ricin et d\u2019algues v\u00e9ritables : sp\u00e9cialement con\u00e7u pour les hommes avec son parfum frais et masculin, il sera id\u00e9al pour hydrater votre peau apr\u00e8s la douche, [&hellip;]\" \/>\n<meta property=\"og:url\" content=\"https:\/\/aelbienetre.fr\/index.php\/produit\/beurre-hydratant-visage-et-corps\/\" \/>\n<meta property=\"og:site_name\" content=\"Ael Bien-\u00eatre\" \/>\n<meta property=\"article:publisher\" content=\"https:\/\/www.facebook.com\/profile.php?id=100089567651182\" \/>\n<meta property=\"article:modified_time\" content=\"2026-03-08T00:50:25+00:00\" \/>\n<meta property=\"og:image\" content=\"https:\/\/aelbienetre.fr\/wp-content\/uploads\/2023\/03\/terrine-de-beurre-hydratant-homme.jpg\" \/>\n\t<meta property=\"og:image:width\" content=\"800\" \/>\n\t<meta property=\"og:image:height\" content=\"800\" \/>\n\t<meta property=\"og:image:type\" content=\"image\/jpeg\" \/>\n<meta name=\"twitter:card\" content=\"summary_large_image\" \/>\n<meta name=\"twitter:label1\" content=\"Dur\u00e9e de lecture estim\u00e9e\" \/>\n\t<meta name=\"twitter:data1\" content=\"2 minutes\" \/>\n<script type=\"application\/ld+json\" class=\"yoast-schema-graph\">{\"@context\":\"https:\/\/schema.org\",\"@graph\":[{\"@type\":\"WebPage\",\"@id\":\"https:\/\/aelbienetre.fr\/index.php\/produit\/beurre-hydratant-visage-et-corps\/\",\"url\":\"https:\/\/aelbienetre.fr\/index.php\/produit\/beurre-hydratant-visage-et-corps\/\",\"name\":\"Beurre hydratant visage et corps - Ael Bien-\u00eatre\",\"isPartOf\":{\"@id\":\"https:\/\/aelbienetre.fr\/#website\"},\"primaryImageOfPage\":{\"@id\":\"https:\/\/aelbienetre.fr\/index.php\/produit\/beurre-hydratant-visage-et-corps\/#primaryimage\"},\"image\":{\"@id\":\"https:\/\/aelbienetre.fr\/index.php\/produit\/beurre-hydratant-visage-et-corps\/#primaryimage\"},\"thumbnailUrl\":\"https:\/\/aelbienetre.fr\/wp-content\/uploads\/2023\/03\/terrine-de-beurre-hydratant-homme.jpg\",\"datePublished\":\"2023-03-19T13:46:20+00:00\",\"dateModified\":\"2026-03-08T00:50:25+00:00\",\"breadcrumb\":{\"@id\":\"https:\/\/aelbienetre.fr\/index.php\/produit\/beurre-hydratant-visage-et-corps\/#breadcrumb\"},\"inLanguage\":\"fr-FR\",\"potentialAction\":[{\"@type\":\"ReadAction\",\"target\":[\"https:\/\/aelbienetre.fr\/index.php\/produit\/beurre-hydratant-visage-et-corps\/\"]}]},{\"@type\":\"ImageObject\",\"inLanguage\":\"fr-FR\",\"@id\":\"https:\/\/aelbienetre.fr\/index.php\/produit\/beurre-hydratant-visage-et-corps\/#primaryimage\",\"url\":\"https:\/\/aelbienetre.fr\/wp-content\/uploads\/2023\/03\/terrine-de-beurre-hydratant-homme.jpg\",\"contentUrl\":\"https:\/\/aelbienetre.fr\/wp-content\/uploads\/2023\/03\/terrine-de-beurre-hydratant-homme.jpg\",\"width\":800,\"height\":800,\"caption\":\"Terrine de beurre\"},{\"@type\":\"BreadcrumbList\",\"@id\":\"https:\/\/aelbienetre.fr\/index.php\/produit\/beurre-hydratant-visage-et-corps\/#breadcrumb\",\"itemListElement\":[{\"@type\":\"ListItem\",\"position\":1,\"name\":\"Produits d\u00e9tente\",\"item\":\"https:\/\/aelbienetre.fr\/index.php\/boutique\/\"},{\"@type\":\"ListItem\",\"position\":2,\"name\":\"Beurre hydratant visage et corps\"}]},{\"@type\":\"WebSite\",\"@id\":\"https:\/\/aelbienetre.fr\/#website\",\"url\":\"https:\/\/aelbienetre.fr\/\",\"name\":\"Ael Bien-\u00eatre\",\"description\":\"Produits de bien-\u00eatre pour la douche et le bain\",\"publisher\":{\"@id\":\"https:\/\/aelbienetre.fr\/#organization\"},\"potentialAction\":[{\"@type\":\"SearchAction\",\"target\":{\"@type\":\"EntryPoint\",\"urlTemplate\":\"https:\/\/aelbienetre.fr\/?s={search_term_string}\"},\"query-input\":\"required name=search_term_string\"}],\"inLanguage\":\"fr-FR\"},{\"@type\":\"Organization\",\"@id\":\"https:\/\/aelbienetre.fr\/#organization\",\"name\":\"Ael Bien-\u00eatre\",\"url\":\"https:\/\/aelbienetre.fr\/\",\"logo\":{\"@type\":\"ImageObject\",\"inLanguage\":\"fr-FR\",\"@id\":\"https:\/\/aelbienetre.fr\/#\/schema\/logo\/image\/\",\"url\":\"https:\/\/aelbienetre.fr\/wp-content\/uploads\/2023\/03\/Logo.png\",\"contentUrl\":\"https:\/\/aelbienetre.fr\/wp-content\/uploads\/2023\/03\/Logo.png\",\"width\":1200,\"height\":950,\"caption\":\"Ael Bien-\u00eatre\"},\"image\":{\"@id\":\"https:\/\/aelbienetre.fr\/#\/schema\/logo\/image\/\"},\"sameAs\":[\"https:\/\/www.facebook.com\/profile.php?id=100089567651182\",\"https:\/\/www.pinterest.fr\/aelbienetre\/\",\"https:\/\/www.instagram.com\/aelbienetre\/\"]}]}<\/script>\n<!-- \/ Yoast SEO plugin. -->","yoast_head_json":{"title":"Beurre hydratant visage et corps - Ael Bien-\u00eatre","robots":{"index":"index","follow":"follow","max-snippet":"max-snippet:-1","max-image-preview":"max-image-preview:large","max-video-preview":"max-video-preview:-1"},"canonical":"https:\/\/aelbienetre.fr\/index.php\/produit\/beurre-hydratant-visage-et-corps\/","og_locale":"fr_FR","og_type":"article","og_title":"Beurre hydratant visage et corps - Ael Bien-\u00eatre","og_description":"Terrine de beurre hydratant Ce\u00a0beurre hydratant naturel aux algues pour le visage et le corps a \u00e9t\u00e9 \u00e9labor\u00e9 \u00e0 base de beurre de karit\u00e9, d\u2019huile de chanvre et de ricin et d\u2019algues v\u00e9ritables : sp\u00e9cialement con\u00e7u pour les hommes avec son parfum frais et masculin, il sera id\u00e9al pour hydrater votre peau apr\u00e8s la douche, [&hellip;]","og_url":"https:\/\/aelbienetre.fr\/index.php\/produit\/beurre-hydratant-visage-et-corps\/","og_site_name":"Ael Bien-\u00eatre","article_publisher":"https:\/\/www.facebook.com\/profile.php?id=100089567651182","article_modified_time":"2026-03-08T00:50:25+00:00","og_image":[{"width":800,"height":800,"url":"https:\/\/aelbienetre.fr\/wp-content\/uploads\/2023\/03\/terrine-de-beurre-hydratant-homme.jpg","type":"image\/jpeg"}],"twitter_card":"summary_large_image","twitter_misc":{"Dur\u00e9e de lecture estim\u00e9e":"2 minutes"},"schema":{"@context":"https:\/\/schema.org","@graph":[{"@type":"WebPage","@id":"https:\/\/aelbienetre.fr\/index.php\/produit\/beurre-hydratant-visage-et-corps\/","url":"https:\/\/aelbienetre.fr\/index.php\/produit\/beurre-hydratant-visage-et-corps\/","name":"Beurre hydratant visage et corps - Ael Bien-\u00eatre","isPartOf":{"@id":"https:\/\/aelbienetre.fr\/#website"},"primaryImageOfPage":{"@id":"https:\/\/aelbienetre.fr\/index.php\/produit\/beurre-hydratant-visage-et-corps\/#primaryimage"},"image":{"@id":"https:\/\/aelbienetre.fr\/index.php\/produit\/beurre-hydratant-visage-et-corps\/#primaryimage"},"thumbnailUrl":"https:\/\/aelbienetre.fr\/wp-content\/uploads\/2023\/03\/terrine-de-beurre-hydratant-homme.jpg","datePublished":"2023-03-19T13:46:20+00:00","dateModified":"2026-03-08T00:50:25+00:00","breadcrumb":{"@id":"https:\/\/aelbienetre.fr\/index.php\/produit\/beurre-hydratant-visage-et-corps\/#breadcrumb"},"inLanguage":"fr-FR","potentialAction":[{"@type":"ReadAction","target":["https:\/\/aelbienetre.fr\/index.php\/produit\/beurre-hydratant-visage-et-corps\/"]}]},{"@type":"ImageObject","inLanguage":"fr-FR","@id":"https:\/\/aelbienetre.fr\/index.php\/produit\/beurre-hydratant-visage-et-corps\/#primaryimage","url":"https:\/\/aelbienetre.fr\/wp-content\/uploads\/2023\/03\/terrine-de-beurre-hydratant-homme.jpg","contentUrl":"https:\/\/aelbienetre.fr\/wp-content\/uploads\/2023\/03\/terrine-de-beurre-hydratant-homme.jpg","width":800,"height":800,"caption":"Terrine de beurre"},{"@type":"BreadcrumbList","@id":"https:\/\/aelbienetre.fr\/index.php\/produit\/beurre-hydratant-visage-et-corps\/#breadcrumb","itemListElement":[{"@type":"ListItem","position":1,"name":"Produits d\u00e9tente","item":"https:\/\/aelbienetre.fr\/index.php\/boutique\/"},{"@type":"ListItem","position":2,"name":"Beurre hydratant visage et corps"}]},{"@type":"WebSite","@id":"https:\/\/aelbienetre.fr\/#website","url":"https:\/\/aelbienetre.fr\/","name":"Ael Bien-\u00eatre","description":"Produits de bien-\u00eatre pour la douche et le bain","publisher":{"@id":"https:\/\/aelbienetre.fr\/#organization"},"potentialAction":[{"@type":"SearchAction","target":{"@type":"EntryPoint","urlTemplate":"https:\/\/aelbienetre.fr\/?s={search_term_string}"},"query-input":"required name=search_term_string"}],"inLanguage":"fr-FR"},{"@type":"Organization","@id":"https:\/\/aelbienetre.fr\/#organization","name":"Ael Bien-\u00eatre","url":"https:\/\/aelbienetre.fr\/","logo":{"@type":"ImageObject","inLanguage":"fr-FR","@id":"https:\/\/aelbienetre.fr\/#\/schema\/logo\/image\/","url":"https:\/\/aelbienetre.fr\/wp-content\/uploads\/2023\/03\/Logo.png","contentUrl":"https:\/\/aelbienetre.fr\/wp-content\/uploads\/2023\/03\/Logo.png","width":1200,"height":950,"caption":"Ael Bien-\u00eatre"},"image":{"@id":"https:\/\/aelbienetre.fr\/#\/schema\/logo\/image\/"},"sameAs":["https:\/\/www.facebook.com\/profile.php?id=100089567651182","https:\/\/www.pinterest.fr\/aelbienetre\/","https:\/\/www.instagram.com\/aelbienetre\/"]}]}},"jetpack_sharing_enabled":true,"jetpack-related-posts":[],"_links":{"self":[{"href":"https:\/\/aelbienetre.fr\/index.php\/wp-json\/wp\/v2\/product\/1147"}],"collection":[{"href":"https:\/\/aelbienetre.fr\/index.php\/wp-json\/wp\/v2\/product"}],"about":[{"href":"https:\/\/aelbienetre.fr\/index.php\/wp-json\/wp\/v2\/types\/product"}],"replies":[{"embeddable":true,"href":"https:\/\/aelbienetre.fr\/index.php\/wp-json\/wp\/v2\/comments?post=1147"}],"version-history":[{"count":6,"href":"https:\/\/aelbienetre.fr\/index.php\/wp-json\/wp\/v2\/product\/1147\/revisions"}],"predecessor-version":[{"id":3227,"href":"https:\/\/aelbienetre.fr\/index.php\/wp-json\/wp\/v2\/product\/1147\/revisions\/3227"}],"wp:featuredmedia":[{"embeddable":true,"href":"https:\/\/aelbienetre.fr\/index.php\/wp-json\/wp\/v2\/media\/1588"}],"wp:attachment":[{"href":"https:\/\/aelbienetre.fr\/index.php\/wp-json\/wp\/v2\/media?parent=1147"}],"wp:term":[{"taxonomy":"product_cat","embeddable":true,"href":"https:\/\/aelbienetre.fr\/index.php\/wp-json\/wp\/v2\/product_cat?post=1147"},{"taxonomy":"product_tag","embeddable":true,"href":"https:\/\/aelbienetre.fr\/index.php\/wp-json\/wp\/v2\/product_tag?post=1147"}],"curies":[{"name":"wp","href":"https:\/\/api.w.org\/{rel}","templated":true}]}}